{"id":5942,"date":"2022-08-02T15:53:20","date_gmt":"2022-08-02T23:53:20","guid":{"rendered":"https:\/\/www.jetbuilt.com\/service\/"},"modified":"2022-08-03T11:32:22","modified_gmt":"2022-08-03T19:32:22","slug":"service","status":"publish","type":"page","link":"https:\/\/jetbuilt.com\/fr\/service\/","title":{"rendered":"Service"},"content":{"rendered":"\n  <div class=\"banner has-hover\" id=\"banner-1334345988\">\n          <div class=\"banner-inner fill\">\n        <div class=\"banner-bg fill\" >\n            <div class=\"bg fill bg-fill bg-loaded\"><\/div>\n                        <div class=\"overlay\"><\/div>            \n                    <\/div>\n        <div class=\"banner-layers container\">\n            <div class=\"fill banner-link\"><\/div>            \n   <div id=\"text-box-239346958\" class=\"text-box banner-layer x50 md-x50 lg-x50 y50 md-y50 lg-y50 res-text\">\n                                <div class=\"text dark\">\n              \n              <div class=\"text-inner text-center\">\n                  \n\t<div id=\"text-3243663477\" class=\"text header-light\">\n\t\t\n<h3>Solution de service singuli\u00e8rement intelligente<\/h3>\n<h2><\/h2>\n<h2 class=\"uppercase header-light\">SERVICE<\/h2>\n\t\t\t<\/div>\n\t\n              <\/div>\n           <\/div>\n                            \n<style>\n#text-box-239346958 {\n  width: 100%;\n}\n#text-box-239346958 .text {\n  font-size: 100%;\n}\n@media (min-width:550px) {\n  #text-box-239346958 {\n    width: 81%;\n  }\n}\n@media (min-width:850px) {\n  #text-box-239346958 {\n    width: 60%;\n  }\n}\n<\/style>\n    <\/div>\n \n        <\/div>\n      <\/div>\n\n            \n<style>\n#banner-1334345988 {\n  padding-top: 377px;\n}\n#banner-1334345988 .bg.bg-loaded {\n  background-image: url(https:\/\/static.jetbuilt.com\/uploads\/2022\/06\/Service-Background-2-scaled.jpeg);\n}\n#banner-1334345988 .overlay {\n  background-color: rgba(0, 0, 0, 0.209);\n}\n#banner-1334345988 .bg {\n  background-position: 45% 52%;\n}\n@media (min-width:550px) {\n  #banner-1334345988 {\n    padding-top: 458px;\n  }\n}\n@media (min-width:850px) {\n  #banner-1334345988 {\n    padding-top: 450px;\n  }\n}\n<\/style>\n  <\/div>\n\n\n\t<div id=\"gap-359184445\" class=\"gap-element clearfix\" style=\"display:block; height:auto;\">\n\t\t\n<style>\n#gap-359184445 {\n  padding-top: 30px;\n}\n<\/style>\n\t<\/div>\n\t\n<div class=\"row align-center\"  id=\"row-531400142\">\n\n\t<div id=\"col-1030402712\" class=\"col medium-4 small-12 large-7\"  >\n\t\t<div class=\"col-inner\"  >\n\t\t\t\n\t\t\t\n<div class=\"video video-fit mb\" style=\"padding-top:56.25%;\"><p><iframe loading=\"lazy\" title=\"Service Promo\" src=\"https:\/\/player.vimeo.com\/video\/723439715?h=5954dc5de8&amp;dnt=1&amp;app_id=122963\" width=\"1020\" height=\"574\" frameborder=\"0\" allow=\"autoplay; fullscreen; picture-in-picture\" allowfullscreen><\/iframe><\/p>\n<\/div>\n\t\t<\/div>\n\t\t\t<\/div>\n\n\t\n<\/div>\n\t<div id=\"gap-1726767235\" class=\"gap-element clearfix\" style=\"display:block; height:auto;\">\n\t\t\n<style>\n#gap-1726767235 {\n  padding-top: 30px;\n}\n<\/style>\n\t<\/div>\n\t\n<div class=\"row align-center\"  id=\"row-989617483\">\n\n\t<div id=\"col-712685476\" class=\"col medium-7 small-12 large-9\"  >\n\t\t<div class=\"col-inner\"  >\n\t\t\t\n\t\t\t\n\t<div id=\"text-1500076620\" class=\"text\">\n\t\t\n<h3 style=\"text-align: center;\">Exploitez toute la puissance de votre environnement Jetbuilt<\/h3>\n\t\t\n<style>\n#text-1500076620 {\n  text-align: left;\n}\n<\/style>\n\t<\/div>\n\t\n\t\t<\/div>\n\t\t\t<\/div>\n\n\t\n<\/div>\n<div class=\"text-center\"><div class=\"is-divider divider clearfix\" style=\"max-width:70%;height:1px;\"><\/div><\/div>\n\t<div id=\"gap-1983044256\" class=\"gap-element clearfix\" style=\"display:block; height:auto;\">\n\t\t\n<style>\n#gap-1983044256 {\n  padding-top: 30px;\n}\n<\/style>\n\t<\/div>\n\t\n<div class=\"row align-center\"  id=\"row-1168367152\">\n\n\t<div id=\"col-1687195306\" class=\"col medium-4 small-8 large-3\"  >\n\t\t<div class=\"col-inner\"  >\n\t\t\t\n\t\t\t\n\t<div class=\"img has-hover x md-x lg-x y md-y lg-y\" id=\"image_1467676821\">\n\t\t\t\t\t\t\t\t<div class=\"img-inner dark\" >\n\t\t\t<img loading=\"lazy\" decoding=\"async\" width=\"1068\" height=\"1536\" src=\"https:\/\/static.jetbuilt.com\/uploads\/2022\/07\/Screen-Shot-2022-07-05-at-4.14.33-PM.png\" class=\"attachment-original size-original\" alt=\"Client Scanning QR Code on Item\" srcset=\"https:\/\/static.jetbuilt.com\/uploads\/2022\/07\/Screen-Shot-2022-07-05-at-4.14.33-PM.png 1068w, https:\/\/static.jetbuilt.com\/uploads\/2022\/07\/Screen-Shot-2022-07-05-at-4.14.33-PM-209x300.png 209w, https:\/\/static.jetbuilt.com\/uploads\/2022\/07\/Screen-Shot-2022-07-05-at-4.14.33-PM-712x1024.png 712w, https:\/\/static.jetbuilt.com\/uploads\/2022\/07\/Screen-Shot-2022-07-05-at-4.14.33-PM-768x1105.png 768w\" sizes=\"auto, (max-width: 1068px) 100vw, 1068px\" \/>\t\t\t\t\t\t\n\t\t\t\t\t<\/div>\n\t\t\t\t\t\t\t\t\n<style>\n#image_1467676821 {\n  width: 100%;\n}\n<\/style>\n\t<\/div>\n\t\n\t\t<\/div>\n\t\t\t<\/div>\n\n\t\n\n\t<div id=\"col-432615943\" class=\"col medium-6 small-12 large-5 small-col-first\"  >\n\t\t<div class=\"col-inner\"  >\n\t\t\t\n\t\t\t\n<h3 class=\"page-header\">Les utilisateurs cr\u00e9ent directement des tickets de service<\/h3>\n<p>Notre fonction de suivi des ressources permet \u00e0 l&#8217;utilisateur de scanner un code QR au dos d&#8217;un article qui ne fonctionne pas et de cr\u00e9er un ticket de service avec un indicateur permettant de le contacter pour plus de d\u00e9tails et planifier la r\u00e9paration. <\/p>\n<p>Votre bureau peut \u00e9galement cr\u00e9er des tickets \u00e0 partir de demandes re\u00e7ues par t\u00e9l\u00e9phone ou e-mail, que vous ayez install\u00e9 le projet initial ou non.<\/p>\n\t<div id=\"text-2612533852\" class=\"text\">\n\t\t\n\t\t\n<style>\n#text-2612533852 {\n  text-align: left;\n}\n@media (min-width:550px) {\n  #text-2612533852 {\n    text-align: left;\n  }\n}\n<\/style>\n\t<\/div>\n\t\n\t\t<\/div>\n\t\t\t<\/div>\n\n\t\n<\/div>\n<div class=\"text-center\"><div class=\"is-divider divider clearfix\" style=\"margin-top:1.3em;margin-bottom:1.3em;max-width:70%;height:1px;\"><\/div><\/div>\n\t<div id=\"gap-1893960990\" class=\"gap-element clearfix\" style=\"display:block; height:auto;\">\n\t\t\n<style>\n#gap-1893960990 {\n  padding-top: 30px;\n}\n<\/style>\n\t<\/div>\n\t\n<div class=\"row align-center\"  id=\"row-314033099\">\n\n\t<div id=\"col-302397179\" class=\"col medium-7 small-12 large-7\"  >\n\t\t<div class=\"col-inner\"  >\n\t\t\t\n\t\t\t\n\t<div id=\"text-820110810\" class=\"text\">\n\t\t\n<h3 class=\"page-header\">Tableau de bord de Service<\/h3>\n<p>B\u00e9n\u00e9ficiez d&#8217;une vue d&#8217;ensemble claire et facile d&#8217;acc\u00e8s de tous vos tickets. Un seul coup d&#8217;\u0153il suffit pour identifier ceux pour lesquels il faut contacter un technicien, ceux qui sont critiques ou en retard, et bien plus encore.<\/p>\n\t\t\n<style>\n#text-820110810 {\n  text-align: left;\n}\n@media (min-width:550px) {\n  #text-820110810 {\n    text-align: center;\n  }\n}\n<\/style>\n\t<\/div>\n\t\n\t<div id=\"gap-997735582\" class=\"gap-element clearfix\" style=\"display:block; height:auto;\">\n\t\t\n<style>\n#gap-997735582 {\n  padding-top: 30px;\n}\n<\/style>\n\t<\/div>\n\t\n\t<div class=\"img has-hover x md-x lg-x y md-y lg-y\" id=\"image_70450544\">\n\t\t\t\t\t\t\t\t<div class=\"img-inner dark\" >\n\t\t\t<img loading=\"lazy\" decoding=\"async\" width=\"1020\" height=\"396\" src=\"https:\/\/static.jetbuilt.com\/uploads\/2022\/07\/Service-Case-List-1024x398.png\" class=\"attachment-large size-large\" alt=\"Service Case Dashboard\" srcset=\"https:\/\/static.jetbuilt.com\/uploads\/2022\/07\/Service-Case-List-1024x398.png 1024w, https:\/\/static.jetbuilt.com\/uploads\/2022\/07\/Service-Case-List-300x116.png 300w, https:\/\/static.jetbuilt.com\/uploads\/2022\/07\/Service-Case-List-768x298.png 768w, https:\/\/static.jetbuilt.com\/uploads\/2022\/07\/Service-Case-List-1536x596.png 1536w, https:\/\/static.jetbuilt.com\/uploads\/2022\/07\/Service-Case-List-2048x795.png 2048w\" sizes=\"auto, (max-width: 1020px) 100vw, 1020px\" \/>\t\t\t\t\t\t\n\t\t\t\t\t<\/div>\n\t\t\t\t\t\t\t\t\n<style>\n#image_70450544 {\n  width: 100%;\n}\n<\/style>\n\t<\/div>\n\t\n\t\t<\/div>\n\t\t\t<\/div>\n\n\t\n<\/div>\n<div class=\"text-center\"><div class=\"is-divider divider clearfix\" style=\"margin-top:1.3em;margin-bottom:1.3em;max-width:70%;height:1px;\"><\/div><\/div>\n\t<div id=\"gap-1944363707\" class=\"gap-element clearfix\" style=\"display:block; height:auto;\">\n\t\t\n<style>\n#gap-1944363707 {\n  padding-top: 30px;\n}\n<\/style>\n\t<\/div>\n\t\n<div class=\"row align-center\"  id=\"row-822544865\">\n\n\t<div id=\"col-1136988071\" class=\"col medium-7 small-12 large-7\"  >\n\t\t<div class=\"col-inner\"  >\n\t\t\t\n\t\t\t\n\t<div id=\"text-2971730809\" class=\"text\">\n\t\t\n<h3 class=\"page-header\">D\u00e9tails du ticket<\/h3>\n<p>In the case detail, you see a clear and detailed picture of the case. La chronologie remonte jusqu&#8217;\u00e0 sa cr\u00e9ation et r\u00e9capitule les remarques et discussions en vue de sa r\u00e9solution. Vous verrez ici si le projet inclut un contrat de services ou d&#8217;une p\u00e9riode de garantie initiale. Vous pouvez y affecter vos techniciens, suivre les d\u00e9penses et bien plus encore.<\/p>\n\t\t\n<style>\n#text-2971730809 {\n  text-align: center;\n}\n<\/style>\n\t<\/div>\n\t\n\t<div id=\"gap-1409718057\" class=\"gap-element clearfix\" style=\"display:block; height:auto;\">\n\t\t\n<style>\n#gap-1409718057 {\n  padding-top: 30px;\n}\n<\/style>\n\t<\/div>\n\t\n\t<div class=\"img has-hover x md-x lg-x y md-y lg-y\" id=\"image_466892823\">\n\t\t\t\t\t\t\t\t<div class=\"img-inner dark\" >\n\t\t\t<img loading=\"lazy\" decoding=\"async\" width=\"1020\" height=\"590\" src=\"https:\/\/static.jetbuilt.com\/uploads\/2022\/06\/Service-Timeline-1-1024x592.jpg\" class=\"attachment-large size-large\" alt=\"Service Case Detail\" srcset=\"https:\/\/static.jetbuilt.com\/uploads\/2022\/06\/Service-Timeline-1-1024x592.jpg 1024w, https:\/\/static.jetbuilt.com\/uploads\/2022\/06\/Service-Timeline-1-300x173.jpg 300w, https:\/\/static.jetbuilt.com\/uploads\/2022\/06\/Service-Timeline-1-768x444.jpg 768w, https:\/\/static.jetbuilt.com\/uploads\/2022\/06\/Service-Timeline-1-1536x888.jpg 1536w, https:\/\/static.jetbuilt.com\/uploads\/2022\/06\/Service-Timeline-1-2048x1184.jpg 2048w\" sizes=\"auto, (max-width: 1020px) 100vw, 1020px\" \/>\t\t\t\t\t\t\n\t\t\t\t\t<\/div>\n\t\t\t\t\t\t\t\t\n<style>\n#image_466892823 {\n  width: 100%;\n}\n<\/style>\n\t<\/div>\n\t\n\t\t<\/div>\n\t\t\t<\/div>\n\n\t\n<\/div>\n<div class=\"text-center\"><div class=\"is-divider divider clearfix\" style=\"max-width:70%;height:1px;\"><\/div><\/div>\n\t<div id=\"gap-960918791\" class=\"gap-element clearfix\" style=\"display:block; height:auto;\">\n\t\t\n<style>\n#gap-960918791 {\n  padding-top: 30px;\n}\n<\/style>\n\t<\/div>\n\t\n<div class=\"row align-center\"  id=\"row-459364935\">\n\n\t<div id=\"col-547298757\" class=\"col medium-4 small-8 large-5\"  >\n\t\t<div class=\"col-inner\"  >\n\t\t\t\n\t\t\t\n\t<div id=\"text-383979874\" class=\"text\">\n\t\t\n<h3 class=\"page-header\">Transmission du ticket au technicien<\/h3>\n<p>Le technicien re\u00e7oit une alerte pour le ticket et la t\u00e2che planifi\u00e9e. L&#8217;historique complet du ticket s&#8217;affiche directement sur son portable, ainsi que les remarques du client et les mentions techniques que votre \u00e9quipe d&#8217;ing\u00e9nierie peut avoir ajout\u00e9es.<\/p>\n<p>Le technicien voit toutes les informations pertinentes sur l&#8217;article, ainsi que tous les \u00e9l\u00e9ments associ\u00e9s \u00e0 cette installation, tels que les n\u00b0 de s\u00e9rie, les informations de garantie, les adresses IP, les informations de connexion et bien plus encore. De plus, ils ont acc\u00e8s \u00e0 tous les fichiers du projet, tels que les sch\u00e9mas, les sp\u00e9cifications et les manuels.<\/p>\n\t\t\n<style>\n#text-383979874 {\n  text-align: left;\n}\n@media (min-width:550px) {\n  #text-383979874 {\n    text-align: left;\n  }\n}\n<\/style>\n\t<\/div>\n\t\n\t\t<\/div>\n\t\t\t<\/div>\n\n\t\n\n\t<div id=\"col-1107436797\" class=\"col medium-6 small-12 large-3 small-col-first\"  >\n\t\t<div class=\"col-inner\"  >\n\t\t\t\n\t\t\t\n\t<div class=\"img has-hover x md-x lg-x y md-y lg-y\" id=\"image_741412622\">\n\t\t\t\t\t\t\t\t<div class=\"img-inner dark\" >\n\t\t\t<img loading=\"lazy\" decoding=\"async\" width=\"506\" height=\"1024\" src=\"https:\/\/static.jetbuilt.com\/uploads\/2022\/07\/Service-mobile-view-506x1024.png\" class=\"attachment-large size-large\" alt=\"Jetbuilt &quot;Service&quot; Mobile View\" srcset=\"https:\/\/static.jetbuilt.com\/uploads\/2022\/07\/Service-mobile-view-506x1024.png 506w, https:\/\/static.jetbuilt.com\/uploads\/2022\/07\/Service-mobile-view-148x300.png 148w, https:\/\/static.jetbuilt.com\/uploads\/2022\/07\/Service-mobile-view.png 640w\" sizes=\"auto, (max-width: 506px) 100vw, 506px\" \/>\t\t\t\t\t\t\n\t\t\t\t\t<\/div>\n\t\t\t\t\t\t\t\t\n<style>\n#image_741412622 {\n  width: 100%;\n}\n<\/style>\n\t<\/div>\n\t\n\t\t<\/div>\n\t\t\t<\/div>\n\n\t\n<\/div>\n<div class=\"text-center\"><div class=\"is-divider divider clearfix\" style=\"max-width:70%;height:1px;\"><\/div><\/div>\n\t<div id=\"gap-904036059\" class=\"gap-element clearfix\" style=\"display:block; height:auto;\">\n\t\t\n<style>\n#gap-904036059 {\n  padding-top: 30px;\n}\n<\/style>\n\t<\/div>\n\t\n<div class=\"row align-center\"  id=\"row-7203793\">\n\n\t<div id=\"col-1488766722\" class=\"col medium-9 small-12 large-9\"  >\n\t\t<div class=\"col-inner text-center\"  >\n\t\t\t\n\t\t\t\n<h3 class=\"page-header\" style=\"text-align: center;\">Offrez un service clients efficace, clair et simple<\/h3>\n\t\t<\/div>\n\t\t\t<\/div>\n\n\t\n<\/div>\n<div class=\"text-center\"><div class=\"is-divider divider clearfix\" style=\"max-width:70%;height:1px;\"><\/div><\/div>\n<div class=\"row align-center\"  id=\"row-1778991661\">\n\n\t<div id=\"col-931497125\" class=\"col medium-8 small-12 large-8\"  >\n\t\t<div class=\"col-inner\"  >\n\t\t\t\n\t\t\t\n\t<div id=\"gap-1358034821\" class=\"gap-element clearfix\" style=\"display:block; height:auto;\">\n\t\t\n<style>\n#gap-1358034821 {\n  padding-top: 30px;\n}\n<\/style>\n\t<\/div>\n\t\n<h3 style=\"text-align: center;\">PR\u00caTS POUR UN ESSAI AVEC SERVICE ?<\/h3>\n<p class=\"\" style=\"text-align: center;\">Contactez simplement notre \u00e9quipe d&#8217;assistance en utilisant la bo\u00eete de chat smiley en bas \u00e0 droite de cet \u00e9cran. Ils activeront une p\u00e9riode d&#8217;\u00e9valuation de 30 jours dans votre compte. Funnel est un module optionnel de Jetbuilt destin\u00e9 \u00e0 remplacer un outil de prix similaire, tout en offrant une valeur beaucoup plus int\u00e9gr\u00e9e.<\/p>\n<p class=\"\" style=\"text-align: center;\"><em>Service is an optional module to Jetbuilt intended to replace a similarly priced tool, while providing far more integrated value. S<\/em><i>ervice commence \u00e0 28 \u20ac par utilisateur et par mois avec 10 % d&#8217;\u00e9conomies pour le paiement annuel.<\/i><\/p>\n\t\t<\/div>\n\t\t\t<\/div>\n\n\t\n<\/div>\n","protected":false},"excerpt":{"rendered":"","protected":false},"author":6,"featured_media":0,"parent":0,"menu_order":0,"comment_status":"closed","ping_status":"closed","template":"page-blank.php","meta":{"footnotes":""},"class_list":["post-5942","page","type-page","status-publish","hentry"],"yoast_head":"<!-- This site is optimized with the Yoast SEO plugin v26.8 - https:\/\/yoast.com\/product\/yoast-seo-wordpress\/ -->\n<title>Service &#8226; Jetbuilt<\/title>\n<meta name=\"robots\" content=\"index, follow, max-snippet:-1, max-image-preview:large, max-video-preview:-1\" \/>\n<link rel=\"canonical\" href=\"https:\/\/jetbuilt.com\/fr\/service\/\" \/>\n<meta property=\"og:locale\" content=\"fr_FR\" \/>\n<meta property=\"og:type\" content=\"article\" \/>\n<meta property=\"og:title\" content=\"Service &#8226; Jetbuilt\" \/>\n<meta property=\"og:url\" content=\"https:\/\/jetbuilt.com\/fr\/service\/\" \/>\n<meta property=\"og:site_name\" content=\"Jetbuilt\" \/>\n<meta property=\"article:publisher\" content=\"https:\/\/www.facebook.com\/Jetbuilt\/\" \/>\n<meta property=\"article:modified_time\" content=\"2022-08-03T19:32:22+00:00\" \/>\n<meta name=\"twitter:card\" content=\"summary_large_image\" \/>\n<meta name=\"twitter:site\" content=\"@jetbuilt\" \/>\n<meta name=\"twitter:label1\" content=\"Est. reading time\" \/>\n\t<meta name=\"twitter:data1\" content=\"4 minutes\" \/>\n<script type=\"application\/ld+json\" class=\"yoast-schema-graph\">{\"@context\":\"https:\/\/schema.org\",\"@graph\":[{\"@type\":\"WebPage\",\"@id\":\"https:\/\/jetbuilt.com\/fr\/service\/\",\"url\":\"https:\/\/jetbuilt.com\/fr\/service\/\",\"name\":\"Service &#8226; Jetbuilt\",\"isPartOf\":{\"@id\":\"https:\/\/jetbuilt.com\/uk\/#website\"},\"datePublished\":\"2022-08-02T23:53:20+00:00\",\"dateModified\":\"2022-08-03T19:32:22+00:00\",\"breadcrumb\":{\"@id\":\"https:\/\/jetbuilt.com\/fr\/service\/#breadcrumb\"},\"inLanguage\":\"fr-FR\",\"potentialAction\":[{\"@type\":\"ReadAction\",\"target\":[\"https:\/\/jetbuilt.com\/fr\/service\/\"]}]},{\"@type\":\"BreadcrumbList\",\"@id\":\"https:\/\/jetbuilt.com\/fr\/service\/#breadcrumb\",\"itemListElement\":[{\"@type\":\"ListItem\",\"position\":1,\"name\":\"Home\",\"item\":\"https:\/\/jetbuilt.com\/fr\/\"},{\"@type\":\"ListItem\",\"position\":2,\"name\":\"Service\"}]},{\"@type\":\"WebSite\",\"@id\":\"https:\/\/jetbuilt.com\/uk\/#website\",\"url\":\"https:\/\/jetbuilt.com\/uk\/\",\"name\":\"Jetbuilt\",\"description\":\"Close More Projects. Faster.\",\"publisher\":{\"@id\":\"https:\/\/jetbuilt.com\/uk\/#organization\"},\"potentialAction\":[{\"@type\":\"SearchAction\",\"target\":{\"@type\":\"EntryPoint\",\"urlTemplate\":\"https:\/\/jetbuilt.com\/uk\/?s={search_term_string}\"},\"query-input\":{\"@type\":\"PropertyValueSpecification\",\"valueRequired\":true,\"valueName\":\"search_term_string\"}}],\"inLanguage\":\"fr-FR\"},{\"@type\":\"Organization\",\"@id\":\"https:\/\/jetbuilt.com\/uk\/#organization\",\"name\":\"Jetbuilt\",\"url\":\"https:\/\/jetbuilt.com\/uk\/\",\"logo\":{\"@type\":\"ImageObject\",\"inLanguage\":\"fr-FR\",\"@id\":\"https:\/\/jetbuilt.com\/uk\/#\/schema\/logo\/image\/\",\"url\":\"https:\/\/static.jetbuilt.com\/uploads\/2021\/02\/Jetbuilt-Wide-1000.png\",\"contentUrl\":\"https:\/\/static.jetbuilt.com\/uploads\/2021\/02\/Jetbuilt-Wide-1000.png\",\"width\":1000,\"height\":189,\"caption\":\"Jetbuilt\"},\"image\":{\"@id\":\"https:\/\/jetbuilt.com\/uk\/#\/schema\/logo\/image\/\"},\"sameAs\":[\"https:\/\/www.facebook.com\/Jetbuilt\/\",\"https:\/\/x.com\/jetbuilt\",\"https:\/\/www.linkedin.com\/company\/jetbuilt\",\"https:\/\/www.youtube.com\/jetbuilt\"]}]}<\/script>\n<!-- \/ Yoast SEO plugin. -->","yoast_head_json":{"title":"Service &#8226; Jetbuilt","robots":{"index":"index","follow":"follow","max-snippet":"max-snippet:-1","max-image-preview":"max-image-preview:large","max-video-preview":"max-video-preview:-1"},"canonical":"https:\/\/jetbuilt.com\/fr\/service\/","og_locale":"fr_FR","og_type":"article","og_title":"Service &#8226; Jetbuilt","og_url":"https:\/\/jetbuilt.com\/fr\/service\/","og_site_name":"Jetbuilt","article_publisher":"https:\/\/www.facebook.com\/Jetbuilt\/","article_modified_time":"2022-08-03T19:32:22+00:00","twitter_card":"summary_large_image","twitter_site":"@jetbuilt","twitter_misc":{"Est. reading time":"4 minutes"},"schema":{"@context":"https:\/\/schema.org","@graph":[{"@type":"WebPage","@id":"https:\/\/jetbuilt.com\/fr\/service\/","url":"https:\/\/jetbuilt.com\/fr\/service\/","name":"Service &#8226; Jetbuilt","isPartOf":{"@id":"https:\/\/jetbuilt.com\/uk\/#website"},"datePublished":"2022-08-02T23:53:20+00:00","dateModified":"2022-08-03T19:32:22+00:00","breadcrumb":{"@id":"https:\/\/jetbuilt.com\/fr\/service\/#breadcrumb"},"inLanguage":"fr-FR","potentialAction":[{"@type":"ReadAction","target":["https:\/\/jetbuilt.com\/fr\/service\/"]}]},{"@type":"BreadcrumbList","@id":"https:\/\/jetbuilt.com\/fr\/service\/#breadcrumb","itemListElement":[{"@type":"ListItem","position":1,"name":"Home","item":"https:\/\/jetbuilt.com\/fr\/"},{"@type":"ListItem","position":2,"name":"Service"}]},{"@type":"WebSite","@id":"https:\/\/jetbuilt.com\/uk\/#website","url":"https:\/\/jetbuilt.com\/uk\/","name":"Jetbuilt","description":"Close More Projects. Faster.","publisher":{"@id":"https:\/\/jetbuilt.com\/uk\/#organization"},"potentialAction":[{"@type":"SearchAction","target":{"@type":"EntryPoint","urlTemplate":"https:\/\/jetbuilt.com\/uk\/?s={search_term_string}"},"query-input":{"@type":"PropertyValueSpecification","valueRequired":true,"valueName":"search_term_string"}}],"inLanguage":"fr-FR"},{"@type":"Organization","@id":"https:\/\/jetbuilt.com\/uk\/#organization","name":"Jetbuilt","url":"https:\/\/jetbuilt.com\/uk\/","logo":{"@type":"ImageObject","inLanguage":"fr-FR","@id":"https:\/\/jetbuilt.com\/uk\/#\/schema\/logo\/image\/","url":"https:\/\/static.jetbuilt.com\/uploads\/2021\/02\/Jetbuilt-Wide-1000.png","contentUrl":"https:\/\/static.jetbuilt.com\/uploads\/2021\/02\/Jetbuilt-Wide-1000.png","width":1000,"height":189,"caption":"Jetbuilt"},"image":{"@id":"https:\/\/jetbuilt.com\/uk\/#\/schema\/logo\/image\/"},"sameAs":["https:\/\/www.facebook.com\/Jetbuilt\/","https:\/\/x.com\/jetbuilt","https:\/\/www.linkedin.com\/company\/jetbuilt","https:\/\/www.youtube.com\/jetbuilt"]}]}},"_links":{"self":[{"href":"https:\/\/jetbuilt.com\/fr\/wp-json\/wp\/v2\/pages\/5942","targetHints":{"allow":["GET"]}}],"collection":[{"href":"https:\/\/jetbuilt.com\/fr\/wp-json\/wp\/v2\/pages"}],"about":[{"href":"https:\/\/jetbuilt.com\/fr\/wp-json\/wp\/v2\/types\/page"}],"author":[{"embeddable":true,"href":"https:\/\/jetbuilt.com\/fr\/wp-json\/wp\/v2\/users\/6"}],"replies":[{"embeddable":true,"href":"https:\/\/jetbuilt.com\/fr\/wp-json\/wp\/v2\/comments?post=5942"}],"version-history":[{"count":15,"href":"https:\/\/jetbuilt.com\/fr\/wp-json\/wp\/v2\/pages\/5942\/revisions"}],"predecessor-version":[{"id":5970,"href":"https:\/\/jetbuilt.com\/fr\/wp-json\/wp\/v2\/pages\/5942\/revisions\/5970"}],"wp:attachment":[{"href":"https:\/\/jetbuilt.com\/fr\/wp-json\/wp\/v2\/media?parent=5942"}],"curies":[{"name":"wp","href":"https:\/\/api.w.org\/{rel}","templated":true}]}}