{"id":5923,"date":"2022-08-02T15:46:34","date_gmt":"2022-08-02T23:46:34","guid":{"rendered":"https:\/\/www.jetbuilt.com\/jel\/"},"modified":"2022-08-16T16:29:03","modified_gmt":"2022-08-17T00:29:03","slug":"jel","status":"publish","type":"page","link":"https:\/\/jetbuilt.com\/fr\/jel\/","title":{"rendered":"JEL"},"content":{"rendered":"\n  <div class=\"banner has-hover\" id=\"banner-114549056\">\n          <div class=\"banner-inner fill\">\n        <div class=\"banner-bg fill\" >\n            <div class=\"bg fill bg-fill bg-loaded\"><\/div>\n                        <div class=\"overlay\"><\/div>            \n                    <\/div>\n        <div class=\"banner-layers container\">\n            <div class=\"fill banner-link\"><\/div>            \n   <div id=\"text-box-1948804885\" class=\"text-box banner-layer x50 md-x50 lg-x50 y50 md-y50 lg-y50 res-text\">\n                                <div class=\"text dark\">\n              \n              <div class=\"text-inner text-center\">\n                  \n\t<div id=\"text-1529915948\" class=\"text header-light\">\n\t\t\n<h3>Dessins de CAO, Ing\u00e9nierie de pr\u00e9vente, Rendu 3D, plans de masse Revit et bien plus encore.<\/h3>\n<h2 class=\"uppercase header-light\">LABORATORIO DE INGENIER\u00cdA JETBUILT<\/h2>\n\t\t\t<\/div>\n\t\n              <\/div>\n           <\/div>\n                            \n<style>\n#text-box-1948804885 {\n  width: 100%;\n}\n#text-box-1948804885 .text {\n  font-size: 100%;\n}\n@media (min-width:550px) {\n  #text-box-1948804885 {\n    width: 81%;\n  }\n}\n@media (min-width:850px) {\n  #text-box-1948804885 {\n    width: 60%;\n  }\n}\n<\/style>\n    <\/div>\n \n        <\/div>\n      <\/div>\n\n            \n<style>\n#banner-114549056 {\n  padding-top: 377px;\n}\n#banner-114549056 .bg.bg-loaded {\n  background-image: url(https:\/\/static.jetbuilt.com\/uploads\/2021\/09\/Stock-Header.jpg);\n}\n#banner-114549056 .overlay {\n  background-color: rgba(0, 0, 0, 0.209);\n}\n#banner-114549056 .bg {\n  background-position: 45% 42%;\n}\n@media (min-width:550px) {\n  #banner-114549056 {\n    padding-top: 458px;\n  }\n}\n@media (min-width:850px) {\n  #banner-114549056 {\n    padding-top: 450px;\n  }\n}\n<\/style>\n  <\/div>\n\n\n\t<div id=\"gap-1627793265\" class=\"gap-element clearfix\" style=\"display:block; height:auto;\">\n\t\t\n<style>\n#gap-1627793265 {\n  padding-top: 30px;\n}\n<\/style>\n\t<\/div>\n\t\n\t<div id=\"gap-239770589\" class=\"gap-element clearfix\" style=\"display:block; height:auto;\">\n\t\t\n<style>\n#gap-239770589 {\n  padding-top: 30px;\n}\n<\/style>\n\t<\/div>\n\t\n\t<div id=\"gap-1835042939\" class=\"gap-element clearfix\" style=\"display:block; height:auto;\">\n\t\t\n<style>\n#gap-1835042939 {\n  padding-top: 30px;\n}\n<\/style>\n\t<\/div>\n\t\n<div class=\"row align-center\"  id=\"row-1717922783\">\n\n\t<div id=\"col-285686867\" class=\"col medium-4 small-12 large-4\"  >\n\t\t<div class=\"col-inner\"  >\n\t\t\t\n\t\t\t\n\t<div class=\"img has-hover x md-x lg-x y md-y lg-y\" id=\"image_2071714136\">\n\t\t\t\t\t\t\t\t<div class=\"img-inner dark\" >\n\t\t\t<img loading=\"lazy\" decoding=\"async\" width=\"1020\" height=\"779\" src=\"https:\/\/static.jetbuilt.com\/uploads\/2022\/02\/JEL-Logo-1024x782.jpg\" class=\"attachment-large size-large\" alt=\"\" srcset=\"https:\/\/static.jetbuilt.com\/uploads\/2022\/02\/JEL-Logo-1024x782.jpg 1024w, https:\/\/static.jetbuilt.com\/uploads\/2022\/02\/JEL-Logo-300x229.jpg 300w, https:\/\/static.jetbuilt.com\/uploads\/2022\/02\/JEL-Logo-768x587.jpg 768w, https:\/\/static.jetbuilt.com\/uploads\/2022\/02\/JEL-Logo.jpg 1500w\" sizes=\"auto, (max-width: 1020px) 100vw, 1020px\" \/>\t\t\t\t\t\t\n\t\t\t\t\t<\/div>\n\t\t\t\t\t\t\t\t\n<style>\n#image_2071714136 {\n  width: 100%;\n}\n<\/style>\n\t<\/div>\n\t\n\t\t<\/div>\n\t\t\t<\/div>\n\n\t\n\n\t<div id=\"col-1176033682\" class=\"col medium-7 small-12 large-5\"  >\n\t\t<div class=\"col-inner\"  >\n\t\t\t\n\t\t\t\n<h2 style=\"text-align: center;\">Des services d&#8217;ing\u00e9nierie qui \u00e9voluent selon vos besoins<\/h2>\n<p style=\"text-align: center;\">Commandez des dessins de CAO, des plans Revit, voire des services d&#8217;ing\u00e9nierie de pr\u00e9vente, le tout depuis le workflow int\u00e9gr\u00e9 de Jetbuilt.<\/p>\n\t\t<\/div>\n\t\t\t<\/div>\n\n\t\n<\/div>\n<div class=\"text-center\"><div class=\"is-divider divider clearfix\" style=\"max-width:70%;height:1px;\"><\/div><\/div>\n<div class=\"row align-center\"  id=\"row-436896259\">\n\n\t<div id=\"col-485640747\" class=\"col medium-7 small-12 large-4\"  >\n\t\t<div class=\"col-inner\"  >\n\t\t\t\n\t\t\t\n\t<div id=\"text-1155191718\" class=\"text\">\n\t\t\n<h3 class=\"page-header\">Concevez votre projet<\/h3>\n<p>Cr\u00e9ez votre projet dans Builder comme vous le faites d\u00e9j\u00e0 dans Jetbuilt, en listant vos articles d&#8217;\u00e9quipement avec leur emplacement et syst\u00e8me. D\u00e9finissez le p\u00e9rim\u00e8tre de travail. Si vous avez besoin de services d&#8217;ing\u00e9nierie de pr\u00e9vente, indiquez simplement la fonctionnalit\u00e9 requise et le p\u00e9rim\u00e8tre de travail.<\/p>\n\t\t\n<style>\n#text-1155191718 {\n  text-align: left;\n}\n@media (min-width:550px) {\n  #text-1155191718 {\n    text-align: left;\n  }\n}\n<\/style>\n\t<\/div>\n\t\n\t\t<\/div>\n\t\t\t<\/div>\n\n\t\n\n\t<div id=\"col-640662695\" class=\"col medium-4 small-12 large-4\"  >\n\t\t<div class=\"col-inner\"  >\n\t\t\t\n\t\t\t\n\t<div class=\"img has-hover x md-x lg-x y md-y lg-y\" id=\"image_349988510\">\n\t\t\t\t\t\t\t\t<div class=\"img-inner dark\" >\n\t\t\t<img loading=\"lazy\" decoding=\"async\" width=\"1000\" height=\"750\" src=\"https:\/\/static.jetbuilt.com\/uploads\/2021\/10\/image-asset-23.jpg\" class=\"attachment-original size-original\" alt=\"\" srcset=\"https:\/\/static.jetbuilt.com\/uploads\/2021\/10\/image-asset-23.jpg 1000w, https:\/\/static.jetbuilt.com\/uploads\/2021\/10\/image-asset-23-300x225.jpg 300w, https:\/\/static.jetbuilt.com\/uploads\/2021\/10\/image-asset-23-768x576.jpg 768w\" sizes=\"auto, (max-width: 1000px) 100vw, 1000px\" \/>\t\t\t\t\t\t\n\t\t\t\t\t<\/div>\n\t\t\t\t\t\t\t\t\n<style>\n#image_349988510 {\n  width: 100%;\n}\n<\/style>\n\t<\/div>\n\t\n\t\t<\/div>\n\t\t\t<\/div>\n\n\t\n<\/div>\n<div class=\"text-center\"><div class=\"is-divider divider clearfix\" style=\"max-width:70%;height:1px;\"><\/div><\/div>\n<div class=\"row align-center\"  id=\"row-56322049\">\n\n\t<div id=\"col-1533048907\" class=\"col medium-4 small-12 large-4\"  >\n\t\t<div class=\"col-inner\"  >\n\t\t\t\n\t\t\t\n\t<div class=\"img has-hover x md-x lg-x y md-y lg-y\" id=\"image_949524188\">\n\t\t\t\t\t\t\t\t<div class=\"img-inner dark\" >\n\t\t\t<img loading=\"lazy\" decoding=\"async\" width=\"1020\" height=\"682\" src=\"https:\/\/static.jetbuilt.com\/uploads\/2022\/03\/Screen-Shot-2022-03-04-at-11.46.05-AM-1024x685.png\" class=\"attachment-large size-large\" alt=\"\" srcset=\"https:\/\/static.jetbuilt.com\/uploads\/2022\/03\/Screen-Shot-2022-03-04-at-11.46.05-AM-1024x685.png 1024w, https:\/\/static.jetbuilt.com\/uploads\/2022\/03\/Screen-Shot-2022-03-04-at-11.46.05-AM-300x201.png 300w, https:\/\/static.jetbuilt.com\/uploads\/2022\/03\/Screen-Shot-2022-03-04-at-11.46.05-AM-768x514.png 768w, https:\/\/static.jetbuilt.com\/uploads\/2022\/03\/Screen-Shot-2022-03-04-at-11.46.05-AM.png 1128w\" sizes=\"auto, (max-width: 1020px) 100vw, 1020px\" \/>\t\t\t\t\t\t\n\t\t\t\t\t<\/div>\n\t\t\t\t\t\t\t\t\n<style>\n#image_949524188 {\n  width: 100%;\n}\n<\/style>\n\t<\/div>\n\t\n\t\t<\/div>\n\t\t\t<\/div>\n\n\t\n\n\t<div id=\"col-99724819\" class=\"col medium-7 small-12 large-4 small-col-first\"  >\n\t\t<div class=\"col-inner\"  >\n\t\t\t\n\t\t\t\n\t<div id=\"text-843055307\" class=\"text\">\n\t\t\n<h3 class=\"page-header\">Ajoutez des fichiers<\/h3>\n<p class=\"p1\"><span class=\"Apple-converted-space\">Chargez des fichiers connexes, tels que des diagrammes syst\u00e9miques dessin\u00e9s \u00e0 la main, des dessins de b\u00e2timents, des images, des vid\u00e9os et des notes prises pendant les visites sur site. Pr\u00e9cisez tout ce qui peut aider l&#8217;ing\u00e9nieur \u00e0 comprendre l&#8217;ensemble du projet et ses crit\u00e8res. <\/span><\/p>\n\t\t\n<style>\n#text-843055307 {\n  text-align: left;\n}\n@media (min-width:550px) {\n  #text-843055307 {\n    text-align: left;\n  }\n}\n<\/style>\n\t<\/div>\n\t\n\t\t<\/div>\n\t\t\t<\/div>\n\n\t\n<\/div>\n<div class=\"text-center\"><div class=\"is-divider divider clearfix\" style=\"max-width:70%;height:1px;\"><\/div><\/div>\n\t<div id=\"gap-282049948\" class=\"gap-element clearfix\" style=\"display:block; height:auto;\">\n\t\t\n<style>\n#gap-282049948 {\n  padding-top: 30px;\n}\n<\/style>\n\t<\/div>\n\t\n<div class=\"row align-center\"  id=\"row-526731864\">\n\n\t<div id=\"col-2005270572\" class=\"col medium-7 small-12 large-4\"  >\n\t\t<div class=\"col-inner\"  >\n\t\t\t\n\t\t\t\n\t<div id=\"text-4143513385\" class=\"text\">\n\t\t\n<h3 class=\"page-header\" style=\"text-align: left;\">Partagez le projet avec JEL<\/h3>\n<p>Demandez des services JEL directement depuis votre projet. Une nouvelle version sera cr\u00e9\u00e9e pour le projet partag\u00e9 avec l&#8217;\u00e9quipe JEL. Sp\u00e9cifiez les services d&#8217;ing\u00e9nierie requis et fournissez les notes pr\u00e9liminaires, le cas \u00e9ch\u00e9ant.<br \/>\n\t\t\n<style>\n#text-4143513385 {\n  text-align: left;\n}\n@media (min-width:550px) {\n  #text-4143513385 {\n    text-align: left;\n  }\n}\n<\/style>\n\t<\/div>\n\t\n\t\t<\/div>\n\t\t\t<\/div>\n\n\t\n\n\t<div id=\"col-1373406650\" class=\"col medium-3 small-8 large-4\"  >\n\t\t<div class=\"col-inner\"  >\n\t\t\t\n\t\t\t\n\t<div class=\"img has-hover x md-x lg-x y md-y lg-y\" id=\"image_2037356981\">\n\t\t\t\t\t\t\t\t<div class=\"img-inner dark\" >\n\t\t\t<img loading=\"lazy\" decoding=\"async\" width=\"886\" height=\"609\" src=\"https:\/\/static.jetbuilt.com\/uploads\/2022\/03\/Screen-Shot-2022-03-04-at-1.02.11-PM.png\" class=\"attachment-original size-original\" alt=\"\" srcset=\"https:\/\/static.jetbuilt.com\/uploads\/2022\/03\/Screen-Shot-2022-03-04-at-1.02.11-PM.png 886w, https:\/\/static.jetbuilt.com\/uploads\/2022\/03\/Screen-Shot-2022-03-04-at-1.02.11-PM-300x206.png 300w, https:\/\/static.jetbuilt.com\/uploads\/2022\/03\/Screen-Shot-2022-03-04-at-1.02.11-PM-768x528.png 768w\" sizes=\"auto, (max-width: 886px) 100vw, 886px\" \/>\t\t\t\t\t\t\n\t\t\t\t\t<\/div>\n\t\t\t\t\t\t\t\t\n<style>\n#image_2037356981 {\n  width: 100%;\n}\n<\/style>\n\t<\/div>\n\t\n\t\t<\/div>\n\t\t\t<\/div>\n\n\t\n<\/div>\n<div class=\"text-center\"><div class=\"is-divider divider clearfix\" style=\"max-width:70%;height:1px;\"><\/div><\/div>\n\t<div id=\"gap-39767623\" class=\"gap-element clearfix\" style=\"display:block; height:auto;\">\n\t\t\n<style>\n#gap-39767623 {\n  padding-top: 30px;\n}\n<\/style>\n\t<\/div>\n\t\n<div class=\"row align-center\"  id=\"row-182608783\">\n\n\t<div id=\"col-661896060\" class=\"col medium-4 small-12 large-4\"  >\n\t\t<div class=\"col-inner\"  >\n\t\t\t\n\t\t\t\n\t<div class=\"img has-hover x md-x lg-x y md-y lg-y\" id=\"image_389583505\">\n\t\t\t\t\t\t\t\t<div class=\"img-inner dark\" >\n\t\t\t<img loading=\"lazy\" decoding=\"async\" width=\"1014\" height=\"614\" src=\"https:\/\/static.jetbuilt.com\/uploads\/2022\/04\/Screen-Shot-2022-04-06-at-2.09.03-PM.png\" class=\"attachment-original size-original\" alt=\"\" srcset=\"https:\/\/static.jetbuilt.com\/uploads\/2022\/04\/Screen-Shot-2022-04-06-at-2.09.03-PM.png 1014w, https:\/\/static.jetbuilt.com\/uploads\/2022\/04\/Screen-Shot-2022-04-06-at-2.09.03-PM-300x182.png 300w, https:\/\/static.jetbuilt.com\/uploads\/2022\/04\/Screen-Shot-2022-04-06-at-2.09.03-PM-768x465.png 768w\" sizes=\"auto, (max-width: 1014px) 100vw, 1014px\" \/>\t\t\t\t\t\t\n\t\t\t\t\t<\/div>\n\t\t\t\t\t\t\t\t\n<style>\n#image_389583505 {\n  width: 100%;\n}\n<\/style>\n\t<\/div>\n\t\n\t\t<\/div>\n\t\t\t<\/div>\n\n\t\n\n\t<div id=\"col-291504135\" class=\"col medium-7 small-12 large-4 small-col-first\"  >\n\t\t<div class=\"col-inner\"  >\n\t\t\t\n\t\t\t\n\t<div id=\"text-3656446742\" class=\"text\">\n\t\t\n<h3 class=\"page-header\" style=\"text-align: left;\">Discutez des d\u00e9tails<\/h3>\n<p style=\"text-align: left;\">Vous pouvez r\u00e9pondre aux questions de l&#8217;\u00e9quipe JEL depuis votre projet et fournir des informations suppl\u00e9mentaires. Cela permet de cr\u00e9er un fil structur\u00e9 accessible par vos responsables, ainsi qu&#8217;un fichier journal, le tout au m\u00eame endroit.<\/p>\n\t\t\n<style>\n#text-3656446742 {\n  text-align: left;\n}\n@media (min-width:550px) {\n  #text-3656446742 {\n    text-align: left;\n  }\n}\n<\/style>\n\t<\/div>\n\t\n\t\t<\/div>\n\t\t\t<\/div>\n\n\t\n<\/div>\n<div class=\"text-center\"><div class=\"is-divider divider clearfix\" style=\"margin-top:1.3em;margin-bottom:1.3em;max-width:70%;height:1px;\"><\/div><\/div>\n\t<div id=\"gap-1503000871\" class=\"gap-element clearfix\" style=\"display:block; height:auto;\">\n\t\t\n<style>\n#gap-1503000871 {\n  padding-top: 30px;\n}\n<\/style>\n\t<\/div>\n\t\n<div class=\"row align-center\"  id=\"row-507196893\">\n\n\t<div id=\"col-1990715662\" class=\"col medium-4 small-12 large-4\"  >\n\t\t<div class=\"col-inner\"  >\n\t\t\t\n\t\t\t\n\t<div id=\"text-4015128281\" class=\"text\">\n\t\t\n<h3 class=\"page-header\" style=\"text-align: left;\">Sp\u00e9cifiez le formatage<\/h3>\n<p class=\"p1\">Lors de vos premiers \u00e9changes avec l&#8217;\u00e9quipe JEL, il vous sera demand\u00e9 de pr\u00e9ciser vos pr\u00e9f\u00e9rences de formatage des documents, ce qui inclut les couleurs, les polices, le bloc de titre et bien plus encore. Vos pr\u00e9f\u00e9rences seront conserv\u00e9es pour les futurs projets.<\/p>\n<p class=\"p1\">Concernant les dessins que vous cr\u00e9ez en interne, vous pouvez d\u00e9cider des calques \u00e0 appliquer aux dessins et demander des feuilles diff\u00e9rentes pour diff\u00e9rents sous-syst\u00e8mes (Audio\/Vid\u00e9o\/Contr\u00f4le\/R\u00e9seau\/etc.). Ces sp\u00e9cifications sont propres \u00e0 chaque package et restent \u00e0 votre discr\u00e9tion.<\/p>\n\t\t\n<style>\n#text-4015128281 {\n  text-align: left;\n}\n@media (min-width:550px) {\n  #text-4015128281 {\n    text-align: left;\n  }\n}\n<\/style>\n\t<\/div>\n\t\n\t\t<\/div>\n\t\t\t<\/div>\n\n\t\n\n\t<div id=\"col-1375113092\" class=\"col medium-7 small-12 large-4\"  >\n\t\t<div class=\"col-inner\"  >\n\t\t\t\n\t\t\t\n\t<div class=\"img has-hover x md-x lg-x y md-y lg-y\" id=\"image_1776313076\">\n\t\t\t\t\t\t\t\t<div class=\"img-inner dark\" >\n\t\t\t<img loading=\"lazy\" decoding=\"async\" width=\"750\" height=\"600\" src=\"https:\/\/static.jetbuilt.com\/uploads\/2022\/03\/CAD-2.jpg\" class=\"attachment-original size-original\" alt=\"\" srcset=\"https:\/\/static.jetbuilt.com\/uploads\/2022\/03\/CAD-2.jpg 750w, https:\/\/static.jetbuilt.com\/uploads\/2022\/03\/CAD-2-300x240.jpg 300w\" sizes=\"auto, (max-width: 750px) 100vw, 750px\" \/>\t\t\t\t\t\t\n\t\t\t\t\t<\/div>\n\t\t\t\t\t\t\t\t\n<style>\n#image_1776313076 {\n  width: 100%;\n}\n<\/style>\n\t<\/div>\n\t\n\t\t<\/div>\n\t\t\t<\/div>\n\n\t\n<\/div>\n<div class=\"text-center\"><div class=\"is-divider divider clearfix\" style=\"max-width:70%;height:1px;\"><\/div><\/div>\n<div class=\"row align-center\"  id=\"row-1521203263\">\n\n\t<div id=\"col-610720748\" class=\"col medium-7 small-12 large-7\"  >\n\t\t<div class=\"col-inner\"  >\n\t\t\t\n\t\t\t\n<h2 style=\"text-align: center;\">Prix concurrentiels<\/h2>\n\t<div class=\"img has-hover x md-x lg-x y md-y lg-y\" id=\"image_781970223\">\n\t\t\t\t\t\t\t\t<div class=\"img-inner dark\" >\n\t\t\t<img loading=\"lazy\" decoding=\"async\" width=\"1020\" height=\"461\" src=\"https:\/\/static.jetbuilt.com\/uploads\/2022\/03\/JEL-Pricing-1024x463.png\" class=\"attachment-large size-large\" alt=\"\" srcset=\"https:\/\/static.jetbuilt.com\/uploads\/2022\/03\/JEL-Pricing-1024x463.png 1024w, https:\/\/static.jetbuilt.com\/uploads\/2022\/03\/JEL-Pricing-300x136.png 300w, https:\/\/static.jetbuilt.com\/uploads\/2022\/03\/JEL-Pricing-768x347.png 768w, https:\/\/static.jetbuilt.com\/uploads\/2022\/03\/JEL-Pricing-1536x695.png 1536w, https:\/\/static.jetbuilt.com\/uploads\/2022\/03\/JEL-Pricing-2048x926.png 2048w\" sizes=\"auto, (max-width: 1020px) 100vw, 1020px\" \/>\t\t\t\t\t\t\n\t\t\t\t\t<\/div>\n\t\t\t\t\t\t\t\t\n<style>\n#image_781970223 {\n  width: 100%;\n}\n<\/style>\n\t<\/div>\n\t\n<p style=\"text-align: center;\"><em>Tous les prix sont en \u20ac euros.<\/em><\/p>\n\t\t<\/div>\n\t\t\t<\/div>\n\n\t\n<\/div>\n<div class=\"text-center\"><div class=\"is-divider divider clearfix\" style=\"margin-top:1.3em;margin-bottom:1.3em;max-width:70%;height:1px;\"><\/div><\/div>\n<div class=\"row align-center\"  id=\"row-751982496\">\n\n\t<div id=\"col-1600488729\" class=\"col medium-7 small-12 large-7\"  >\n\t\t<div class=\"col-inner\"  >\n\t\t\t\n\t\t\t\n<h3 style=\"text-align: center;\">VOUS VOULEZ ESSAYER JEL ?<\/h3>\n<p style=\"text-align: center;\">D\u00eetes-nous si JEL vous int\u00e9resse. Nous aurons le plaisir de discuter des d\u00e9tails, de r\u00e9pondre aux questions et de pr\u00e9parer votre espace.<\/p>\n<p style=\"text-align: center;\"><strong>Appelez Tom Peters au +1-949 284 2868 ou cliquez sur le bouton pour envoyer un e-mail.<\/strong><\/p>\n\t\t<\/div>\n\t\t\t<\/div>\n\n\t\n<\/div>\n<div class=\"row\"  id=\"row-1489497454\">\n\n\t<div id=\"col-1569006585\" class=\"col medium-3 small-12 large-3\"  >\n\t\t<div class=\"col-inner\"  >\n\t\t\t\n\t\t\t\n\t<div id=\"gap-1577571698\" class=\"gap-element clearfix\" style=\"display:block; height:auto;\">\n\t\t\n<style>\n#gap-1577571698 {\n  padding-top: 30px;\n}\n<\/style>\n\t<\/div>\n\t\n\t\t<\/div>\n\t\t\t<\/div>\n\n\t\n\n\t<div id=\"col-945886149\" class=\"col medium-6 small-12 large-6\"  >\n\t\t<div class=\"col-inner text-center\"  >\n\t\t\t\n\t\t\t\n<a href=\"mailto:jel@jetbuilt.com\" target=\"_self\" class=\"button primary is-gloss is-xlarge lowercase\"  style=\"border-radius:12px;\">\n    <span>En savoir plus sur JEL<\/span>\n  <\/a>\n\n\t\t<\/div>\n\t\t\t<\/div>\n\n\t\n<\/div>\n\t<div id=\"gap-511672718\" class=\"gap-element clearfix\" style=\"display:block; height:auto;\">\n\t\t\n<style>\n#gap-511672718 {\n  padding-top: 30px;\n}\n<\/style>\n\t<\/div>\n\t\n","protected":false},"excerpt":{"rendered":"","protected":false},"author":6,"featured_media":0,"parent":0,"menu_order":0,"comment_status":"closed","ping_status":"closed","template":"page-blank.php","meta":{"footnotes":""},"class_list":["post-5923","page","type-page","status-publish","hentry"],"yoast_head":"<!-- This site is optimized with the Yoast SEO plugin v26.8 - https:\/\/yoast.com\/product\/yoast-seo-wordpress\/ -->\n<title>JEL &#8226; Jetbuilt<\/title>\n<meta name=\"description\" content=\"&quot;Jetbuilt Engineering Lab&quot; enables you to commission CAD drawings, Revit drawings, and even presale engineering as needed, all within the integrated workflow of Jetbuilt.\" \/>\n<meta name=\"robots\" content=\"index, follow, max-snippet:-1, max-image-preview:large, max-video-preview:-1\" \/>\n<link rel=\"canonical\" href=\"https:\/\/jetbuilt.com\/fr\/jel\/\" \/>\n<meta property=\"og:locale\" content=\"fr_FR\" \/>\n<meta property=\"og:type\" content=\"article\" \/>\n<meta property=\"og:title\" content=\"JEL &#8226; Jetbuilt\" \/>\n<meta property=\"og:description\" content=\"&quot;Jetbuilt Engineering Lab&quot; enables you to commission CAD drawings, Revit drawings, and even presale engineering as needed, all within the integrated workflow of Jetbuilt.\" \/>\n<meta property=\"og:url\" content=\"https:\/\/jetbuilt.com\/fr\/jel\/\" \/>\n<meta property=\"og:site_name\" content=\"Jetbuilt\" \/>\n<meta property=\"article:publisher\" content=\"https:\/\/www.facebook.com\/Jetbuilt\/\" \/>\n<meta property=\"article:modified_time\" content=\"2022-08-17T00:29:03+00:00\" \/>\n<meta name=\"twitter:card\" content=\"summary_large_image\" \/>\n<meta name=\"twitter:site\" content=\"@jetbuilt\" \/>\n<meta name=\"twitter:label1\" content=\"Est. reading time\" \/>\n\t<meta name=\"twitter:data1\" content=\"4 minutes\" \/>\n<script type=\"application\/ld+json\" class=\"yoast-schema-graph\">{\"@context\":\"https:\/\/schema.org\",\"@graph\":[{\"@type\":\"WebPage\",\"@id\":\"https:\/\/jetbuilt.com\/fr\/jel\/\",\"url\":\"https:\/\/jetbuilt.com\/fr\/jel\/\",\"name\":\"JEL &#8226; Jetbuilt\",\"isPartOf\":{\"@id\":\"https:\/\/jetbuilt.com\/uk\/#website\"},\"datePublished\":\"2022-08-02T23:46:34+00:00\",\"dateModified\":\"2022-08-17T00:29:03+00:00\",\"description\":\"\\\"Jetbuilt Engineering Lab\\\" enables you to commission CAD drawings, Revit drawings, and even presale engineering as needed, all within the integrated workflow of Jetbuilt.\",\"breadcrumb\":{\"@id\":\"https:\/\/jetbuilt.com\/fr\/jel\/#breadcrumb\"},\"inLanguage\":\"fr-FR\",\"potentialAction\":[{\"@type\":\"ReadAction\",\"target\":[\"https:\/\/jetbuilt.com\/fr\/jel\/\"]}]},{\"@type\":\"BreadcrumbList\",\"@id\":\"https:\/\/jetbuilt.com\/fr\/jel\/#breadcrumb\",\"itemListElement\":[{\"@type\":\"ListItem\",\"position\":1,\"name\":\"Home\",\"item\":\"https:\/\/jetbuilt.com\/fr\/\"},{\"@type\":\"ListItem\",\"position\":2,\"name\":\"JEL\"}]},{\"@type\":\"WebSite\",\"@id\":\"https:\/\/jetbuilt.com\/uk\/#website\",\"url\":\"https:\/\/jetbuilt.com\/uk\/\",\"name\":\"Jetbuilt\",\"description\":\"Close More Projects. Faster.\",\"publisher\":{\"@id\":\"https:\/\/jetbuilt.com\/uk\/#organization\"},\"potentialAction\":[{\"@type\":\"SearchAction\",\"target\":{\"@type\":\"EntryPoint\",\"urlTemplate\":\"https:\/\/jetbuilt.com\/uk\/?s={search_term_string}\"},\"query-input\":{\"@type\":\"PropertyValueSpecification\",\"valueRequired\":true,\"valueName\":\"search_term_string\"}}],\"inLanguage\":\"fr-FR\"},{\"@type\":\"Organization\",\"@id\":\"https:\/\/jetbuilt.com\/uk\/#organization\",\"name\":\"Jetbuilt\",\"url\":\"https:\/\/jetbuilt.com\/uk\/\",\"logo\":{\"@type\":\"ImageObject\",\"inLanguage\":\"fr-FR\",\"@id\":\"https:\/\/jetbuilt.com\/uk\/#\/schema\/logo\/image\/\",\"url\":\"https:\/\/static.jetbuilt.com\/uploads\/2021\/02\/Jetbuilt-Wide-1000.png\",\"contentUrl\":\"https:\/\/static.jetbuilt.com\/uploads\/2021\/02\/Jetbuilt-Wide-1000.png\",\"width\":1000,\"height\":189,\"caption\":\"Jetbuilt\"},\"image\":{\"@id\":\"https:\/\/jetbuilt.com\/uk\/#\/schema\/logo\/image\/\"},\"sameAs\":[\"https:\/\/www.facebook.com\/Jetbuilt\/\",\"https:\/\/x.com\/jetbuilt\",\"https:\/\/www.linkedin.com\/company\/jetbuilt\",\"https:\/\/www.youtube.com\/jetbuilt\"]}]}<\/script>\n<!-- \/ Yoast SEO plugin. -->","yoast_head_json":{"title":"JEL &#8226; Jetbuilt","description":"\"Jetbuilt Engineering Lab\" enables you to commission CAD drawings, Revit drawings, and even presale engineering as needed, all within the integrated workflow of Jetbuilt.","robots":{"index":"index","follow":"follow","max-snippet":"max-snippet:-1","max-image-preview":"max-image-preview:large","max-video-preview":"max-video-preview:-1"},"canonical":"https:\/\/jetbuilt.com\/fr\/jel\/","og_locale":"fr_FR","og_type":"article","og_title":"JEL &#8226; Jetbuilt","og_description":"\"Jetbuilt Engineering Lab\" enables you to commission CAD drawings, Revit drawings, and even presale engineering as needed, all within the integrated workflow of Jetbuilt.","og_url":"https:\/\/jetbuilt.com\/fr\/jel\/","og_site_name":"Jetbuilt","article_publisher":"https:\/\/www.facebook.com\/Jetbuilt\/","article_modified_time":"2022-08-17T00:29:03+00:00","twitter_card":"summary_large_image","twitter_site":"@jetbuilt","twitter_misc":{"Est. reading time":"4 minutes"},"schema":{"@context":"https:\/\/schema.org","@graph":[{"@type":"WebPage","@id":"https:\/\/jetbuilt.com\/fr\/jel\/","url":"https:\/\/jetbuilt.com\/fr\/jel\/","name":"JEL &#8226; Jetbuilt","isPartOf":{"@id":"https:\/\/jetbuilt.com\/uk\/#website"},"datePublished":"2022-08-02T23:46:34+00:00","dateModified":"2022-08-17T00:29:03+00:00","description":"\"Jetbuilt Engineering Lab\" enables you to commission CAD drawings, Revit drawings, and even presale engineering as needed, all within the integrated workflow of Jetbuilt.","breadcrumb":{"@id":"https:\/\/jetbuilt.com\/fr\/jel\/#breadcrumb"},"inLanguage":"fr-FR","potentialAction":[{"@type":"ReadAction","target":["https:\/\/jetbuilt.com\/fr\/jel\/"]}]},{"@type":"BreadcrumbList","@id":"https:\/\/jetbuilt.com\/fr\/jel\/#breadcrumb","itemListElement":[{"@type":"ListItem","position":1,"name":"Home","item":"https:\/\/jetbuilt.com\/fr\/"},{"@type":"ListItem","position":2,"name":"JEL"}]},{"@type":"WebSite","@id":"https:\/\/jetbuilt.com\/uk\/#website","url":"https:\/\/jetbuilt.com\/uk\/","name":"Jetbuilt","description":"Close More Projects. Faster.","publisher":{"@id":"https:\/\/jetbuilt.com\/uk\/#organization"},"potentialAction":[{"@type":"SearchAction","target":{"@type":"EntryPoint","urlTemplate":"https:\/\/jetbuilt.com\/uk\/?s={search_term_string}"},"query-input":{"@type":"PropertyValueSpecification","valueRequired":true,"valueName":"search_term_string"}}],"inLanguage":"fr-FR"},{"@type":"Organization","@id":"https:\/\/jetbuilt.com\/uk\/#organization","name":"Jetbuilt","url":"https:\/\/jetbuilt.com\/uk\/","logo":{"@type":"ImageObject","inLanguage":"fr-FR","@id":"https:\/\/jetbuilt.com\/uk\/#\/schema\/logo\/image\/","url":"https:\/\/static.jetbuilt.com\/uploads\/2021\/02\/Jetbuilt-Wide-1000.png","contentUrl":"https:\/\/static.jetbuilt.com\/uploads\/2021\/02\/Jetbuilt-Wide-1000.png","width":1000,"height":189,"caption":"Jetbuilt"},"image":{"@id":"https:\/\/jetbuilt.com\/uk\/#\/schema\/logo\/image\/"},"sameAs":["https:\/\/www.facebook.com\/Jetbuilt\/","https:\/\/x.com\/jetbuilt","https:\/\/www.linkedin.com\/company\/jetbuilt","https:\/\/www.youtube.com\/jetbuilt"]}]}},"_links":{"self":[{"href":"https:\/\/jetbuilt.com\/fr\/wp-json\/wp\/v2\/pages\/5923","targetHints":{"allow":["GET"]}}],"collection":[{"href":"https:\/\/jetbuilt.com\/fr\/wp-json\/wp\/v2\/pages"}],"about":[{"href":"https:\/\/jetbuilt.com\/fr\/wp-json\/wp\/v2\/types\/page"}],"author":[{"embeddable":true,"href":"https:\/\/jetbuilt.com\/fr\/wp-json\/wp\/v2\/users\/6"}],"replies":[{"embeddable":true,"href":"https:\/\/jetbuilt.com\/fr\/wp-json\/wp\/v2\/comments?post=5923"}],"version-history":[{"count":14,"href":"https:\/\/jetbuilt.com\/fr\/wp-json\/wp\/v2\/pages\/5923\/revisions"}],"predecessor-version":[{"id":6010,"href":"https:\/\/jetbuilt.com\/fr\/wp-json\/wp\/v2\/pages\/5923\/revisions\/6010"}],"wp:attachment":[{"href":"https:\/\/jetbuilt.com\/fr\/wp-json\/wp\/v2\/media?parent=5923"}],"curies":[{"name":"wp","href":"https:\/\/api.w.org\/{rel}","templated":true}]}}