{"id":3351,"date":"2021-10-28T12:52:47","date_gmt":"2021-10-28T20:52:47","guid":{"rendered":"https:\/\/www.jetbuilt.com\/faq\/"},"modified":"2021-10-28T12:55:04","modified_gmt":"2021-10-28T20:55:04","slug":"faq","status":"publish","type":"page","link":"https:\/\/jetbuilt.com\/fr\/faq\/","title":{"rendered":"FAQ"},"content":{"rendered":"\t<div id=\"text-1494795210\" class=\"text\">\n\t\t\n<h2>Questions fr\u00e9quentes<\/h2>\n\t\t\n<style>\n#text-1494795210 {\n  text-align: center;\n  color: #40a0ff;\n}\n#text-1494795210 > * {\n  color: #40a0ff;\n}\n<\/style>\n\t<\/div>\n\t\n\t<div id=\"text-3549664030\" class=\"text\">\n\t\t\n<p><em>Pour des questions techniques ou produits, rendez vous sur notre <a href=\"http:\/\/help.jetbuilt.com\/\" target=\"_blank\" rel=\"noopener\">zone d&#8217;aide ici.<\/a><\/em><\/p>\n\t\t\n<style>\n#text-3549664030 {\n  text-align: center;\n}\n<\/style>\n\t<\/div>\n\t\n<div class=\"row align-center\"  id=\"row-1942852550\">\n\n\t<div id=\"col-1156133085\" class=\"col medium-9 small-12 large-9\"  >\n\t\t<div class=\"col-inner\"  >\n\t\t\t\n\t\t\t\n<p class=\"\">Jetbuilt est con\u00e7u pour \u00eatre simple \u00e0 apprendre, rapide \u00e0 utiliser, et suffisamment puissant pour les organisations mondiales int\u00e9grant des projets de toutes tailles.<\/p>\n<p class=\"\">Voici quelques questions fr\u00e9quemment pos\u00e9es. Si vous n&#8217;y trouvez pas de r\u00e9ponses \u00e0 vos questions, n&#8217;h\u00e9sitez pas \u00e0 nous contacter.<\/p>\n<div class=\"accordion\" rel=\"1\">\n<div class=\"accordion-item\"><a href=\"#\" class=\"accordion-title plain\"><button class=\"toggle\"><i class=\"icon-angle-down\"><\/i><\/button><span>Est-ce que plus d'une personne peut travailler sur un projet en m\u00eame temps ?<\/span><\/a><div class=\"accordion-inner\">\n<p>Oui. Dans Jetbuilt, toutes les personnes de votre \u00e9quipe peuvent travailler sur n&#8217;importe quelle partie d&#8217;un projet en m\u00eame temps. Une personne peut ajouter des \u00e9l\u00e9ments sur un espace, tandis qu&#8217;une autre ajoute des \u00e9l\u00e9ments \u00e0 un autre espace. Elles peuvent m\u00eame travailler sur le m\u00eame espace.<\/p>\n<\/div><\/div>\n<div class=\"accordion-item\"><a href=\"#\" class=\"accordion-title plain\"><button class=\"toggle\"><i class=\"icon-angle-down\"><\/i><\/button><span>Est-ce que chaque membre de mon \u00e9quipe a besoin d'un compte payant ?<\/span><\/a><div class=\"accordion-inner\">\n<p>Chaque personne de votre \u00e9quipe qui travaille r\u00e9guli\u00e8rement dans Jetbuilt doit avoir son propre compte. De cette mani\u00e8re, les utilisateurs peuvent converser entre eux, effectuer leurs propres t\u00e2ches, faire savoir \u00e0 la direction qui a fait quoi et bien plus encore. Les utilisateurs occasionnels sont invit\u00e9s \u00e0 utiliser un compte de bureau partag\u00e9, nous n&#8217;y sommes pas oppos\u00e9s.<\/p>\n<\/div><\/div>\n<div class=\"accordion-item\"><a href=\"#\" class=\"accordion-title plain\"><button class=\"toggle\"><i class=\"icon-angle-down\"><\/i><\/button><span>Combien cela co\u00fbte il ?<\/span><\/a><div class=\"accordion-inner\">\n<p><a href=\"https:\/\/www.jetbuilt.com\/fr\/pricing\/\" target=\"_blank\" rel=\"noopener\"><em>&#8220;&#8221;Consultez notre page Tarifs pour plus d&#8217;informations&#8221;&#8221;<\/em><\/a><\/p>\n<\/div><\/div>\n<div class=\"accordion-item\"><a href=\"#\" class=\"accordion-title plain\"><button class=\"toggle\"><i class=\"icon-angle-down\"><\/i><\/button><span>Le prix s'entend t il par utilisateur ou par \u00e9quipe ?<\/span><\/a><div class=\"accordion-inner\">\n<p>Le prix est par utilisateur. Tout membre de votre \u00e9quipe qui travaille r\u00e9guli\u00e8rement dans Jetbuilt doit avoir un compte Jetbuilt.<\/p>\n<\/div><\/div>\n<div class=\"accordion-item\"><a href=\"#\" class=\"accordion-title plain\"><button class=\"toggle\"><i class=\"icon-angle-down\"><\/i><\/button><span>Proposez-vous des r\u00e9ductions pour les grandes \u00e9quipes ?<\/span><\/a><div class=\"accordion-inner\">\n<p>Nous proposons des r\u00e9ductions pour les \u00e9quipes de plus de 10 utilisateurs. Contactez-nous pour en discuter.<\/p>\n<\/div><\/div>\n<div class=\"accordion-item\"><a href=\"#\" class=\"accordion-title plain\"><button class=\"toggle\"><i class=\"icon-angle-down\"><\/i><\/button><span>Puis je int\u00e9rer Jetbuilt \u00e0 ma gestion de relation client ?<\/span><\/a><div class=\"accordion-inner\">\n<p>Quelque soit la gestion de relation client que vous utilisez, Jetbuilt est compatible. Nous ne disposons pas d&#8217;int\u00e9grations pr\u00eates \u00e0 l&#8217;emploi, mais nous vous proposons de vous cr\u00e9er une solution personnalis\u00e9e et adpat\u00e9e \u00e0 vos besoins.<\/p>\n<\/div><\/div>\n<div class=\"accordion-item\"><a href=\"#\" class=\"accordion-title plain\"><button class=\"toggle\"><i class=\"icon-angle-down\"><\/i><\/button><span>Qu\u2019en est-il de la formation sur votre logiciel et de son co\u00fbt ?<\/span><\/a><div class=\"accordion-inner\">\n<p>Il existe effectivement une formation individuelle sur Jetbuilt, rares sont ceux qui en ont profit\u00e9. Jetbuilt est con\u00e7u pour \u00eatre intuitif, \u00e0 l&#8217;image de la plupart des applications pour t\u00e9l\u00e9phones portables. Nous proposons une assistance gratuite par chat et nos vid\u00e9os peuvent \u00eatre \u00e9galement d&#8217;une grande aide. Cependant si vous pr\u00e9f\u00e9rez un enseignement personnalis\u00e9, cela est tout \u00e0 fait possible et gratuitement.<\/p>\n<\/div><\/div>\n<div class=\"accordion-item\"><a href=\"#\" class=\"accordion-title plain\"><button class=\"toggle\"><i class=\"icon-angle-down\"><\/i><\/button><span>Comment Jetbuilt g\u00e8re t il la facturation ?<\/span><\/a><div class=\"accordion-inner\">\n<p>Jetbuilt est un logiciel d&#8217;\u00e9valuation et de projet et ne g\u00e8re pas la facturation.<\/p>\n<\/div><\/div>\n<\/div>\n\t\t<\/div>\n\t\t\t<\/div>\n\n\t\n<\/div>\n","protected":false},"excerpt":{"rendered":"","protected":false},"author":6,"featured_media":0,"parent":0,"menu_order":0,"comment_status":"closed","ping_status":"closed","template":"","meta":{"footnotes":""},"class_list":["post-3351","page","type-page","status-publish","hentry"],"yoast_head":"<!-- This site is optimized with the Yoast SEO plugin v26.8 - https:\/\/yoast.com\/product\/yoast-seo-wordpress\/ -->\n<title>FAQ &#8226; Jetbuilt<\/title>\n<meta name=\"robots\" content=\"index, follow, max-snippet:-1, max-image-preview:large, max-video-preview:-1\" \/>\n<link rel=\"canonical\" href=\"https:\/\/jetbuilt.com\/fr\/faq\/\" \/>\n<meta property=\"og:locale\" content=\"fr_FR\" \/>\n<meta property=\"og:type\" content=\"article\" \/>\n<meta property=\"og:title\" content=\"FAQ &#8226; Jetbuilt\" \/>\n<meta property=\"og:url\" content=\"https:\/\/jetbuilt.com\/fr\/faq\/\" \/>\n<meta property=\"og:site_name\" content=\"Jetbuilt\" \/>\n<meta property=\"article:publisher\" content=\"https:\/\/www.facebook.com\/Jetbuilt\/\" \/>\n<meta property=\"article:modified_time\" content=\"2021-10-28T20:55:04+00:00\" \/>\n<meta name=\"twitter:card\" content=\"summary_large_image\" \/>\n<meta name=\"twitter:site\" content=\"@jetbuilt\" \/>\n<meta name=\"twitter:label1\" content=\"Est. reading time\" \/>\n\t<meta name=\"twitter:data1\" content=\"2 minutes\" \/>\n<script type=\"application\/ld+json\" class=\"yoast-schema-graph\">{\"@context\":\"https:\/\/schema.org\",\"@graph\":[{\"@type\":\"WebPage\",\"@id\":\"https:\/\/jetbuilt.com\/fr\/faq\/\",\"url\":\"https:\/\/jetbuilt.com\/fr\/faq\/\",\"name\":\"FAQ &#8226; Jetbuilt\",\"isPartOf\":{\"@id\":\"https:\/\/jetbuilt.com\/uk\/#website\"},\"datePublished\":\"2021-10-28T20:52:47+00:00\",\"dateModified\":\"2021-10-28T20:55:04+00:00\",\"breadcrumb\":{\"@id\":\"https:\/\/jetbuilt.com\/fr\/faq\/#breadcrumb\"},\"inLanguage\":\"fr-FR\",\"potentialAction\":[{\"@type\":\"ReadAction\",\"target\":[\"https:\/\/jetbuilt.com\/fr\/faq\/\"]}]},{\"@type\":\"BreadcrumbList\",\"@id\":\"https:\/\/jetbuilt.com\/fr\/faq\/#breadcrumb\",\"itemListElement\":[{\"@type\":\"ListItem\",\"position\":1,\"name\":\"Home\",\"item\":\"https:\/\/jetbuilt.com\/fr\/\"},{\"@type\":\"ListItem\",\"position\":2,\"name\":\"FAQ\"}]},{\"@type\":\"WebSite\",\"@id\":\"https:\/\/jetbuilt.com\/uk\/#website\",\"url\":\"https:\/\/jetbuilt.com\/uk\/\",\"name\":\"Jetbuilt\",\"description\":\"Close More Projects. Faster.\",\"publisher\":{\"@id\":\"https:\/\/jetbuilt.com\/uk\/#organization\"},\"potentialAction\":[{\"@type\":\"SearchAction\",\"target\":{\"@type\":\"EntryPoint\",\"urlTemplate\":\"https:\/\/jetbuilt.com\/uk\/?s={search_term_string}\"},\"query-input\":{\"@type\":\"PropertyValueSpecification\",\"valueRequired\":true,\"valueName\":\"search_term_string\"}}],\"inLanguage\":\"fr-FR\"},{\"@type\":\"Organization\",\"@id\":\"https:\/\/jetbuilt.com\/uk\/#organization\",\"name\":\"Jetbuilt\",\"url\":\"https:\/\/jetbuilt.com\/uk\/\",\"logo\":{\"@type\":\"ImageObject\",\"inLanguage\":\"fr-FR\",\"@id\":\"https:\/\/jetbuilt.com\/uk\/#\/schema\/logo\/image\/\",\"url\":\"https:\/\/static.jetbuilt.com\/uploads\/2021\/02\/Jetbuilt-Wide-1000.png\",\"contentUrl\":\"https:\/\/static.jetbuilt.com\/uploads\/2021\/02\/Jetbuilt-Wide-1000.png\",\"width\":1000,\"height\":189,\"caption\":\"Jetbuilt\"},\"image\":{\"@id\":\"https:\/\/jetbuilt.com\/uk\/#\/schema\/logo\/image\/\"},\"sameAs\":[\"https:\/\/www.facebook.com\/Jetbuilt\/\",\"https:\/\/x.com\/jetbuilt\",\"https:\/\/www.linkedin.com\/company\/jetbuilt\",\"https:\/\/www.youtube.com\/jetbuilt\"]}]}<\/script>\n<!-- \/ Yoast SEO plugin. -->","yoast_head_json":{"title":"FAQ &#8226; Jetbuilt","robots":{"index":"index","follow":"follow","max-snippet":"max-snippet:-1","max-image-preview":"max-image-preview:large","max-video-preview":"max-video-preview:-1"},"canonical":"https:\/\/jetbuilt.com\/fr\/faq\/","og_locale":"fr_FR","og_type":"article","og_title":"FAQ &#8226; Jetbuilt","og_url":"https:\/\/jetbuilt.com\/fr\/faq\/","og_site_name":"Jetbuilt","article_publisher":"https:\/\/www.facebook.com\/Jetbuilt\/","article_modified_time":"2021-10-28T20:55:04+00:00","twitter_card":"summary_large_image","twitter_site":"@jetbuilt","twitter_misc":{"Est. reading time":"2 minutes"},"schema":{"@context":"https:\/\/schema.org","@graph":[{"@type":"WebPage","@id":"https:\/\/jetbuilt.com\/fr\/faq\/","url":"https:\/\/jetbuilt.com\/fr\/faq\/","name":"FAQ &#8226; Jetbuilt","isPartOf":{"@id":"https:\/\/jetbuilt.com\/uk\/#website"},"datePublished":"2021-10-28T20:52:47+00:00","dateModified":"2021-10-28T20:55:04+00:00","breadcrumb":{"@id":"https:\/\/jetbuilt.com\/fr\/faq\/#breadcrumb"},"inLanguage":"fr-FR","potentialAction":[{"@type":"ReadAction","target":["https:\/\/jetbuilt.com\/fr\/faq\/"]}]},{"@type":"BreadcrumbList","@id":"https:\/\/jetbuilt.com\/fr\/faq\/#breadcrumb","itemListElement":[{"@type":"ListItem","position":1,"name":"Home","item":"https:\/\/jetbuilt.com\/fr\/"},{"@type":"ListItem","position":2,"name":"FAQ"}]},{"@type":"WebSite","@id":"https:\/\/jetbuilt.com\/uk\/#website","url":"https:\/\/jetbuilt.com\/uk\/","name":"Jetbuilt","description":"Close More Projects. Faster.","publisher":{"@id":"https:\/\/jetbuilt.com\/uk\/#organization"},"potentialAction":[{"@type":"SearchAction","target":{"@type":"EntryPoint","urlTemplate":"https:\/\/jetbuilt.com\/uk\/?s={search_term_string}"},"query-input":{"@type":"PropertyValueSpecification","valueRequired":true,"valueName":"search_term_string"}}],"inLanguage":"fr-FR"},{"@type":"Organization","@id":"https:\/\/jetbuilt.com\/uk\/#organization","name":"Jetbuilt","url":"https:\/\/jetbuilt.com\/uk\/","logo":{"@type":"ImageObject","inLanguage":"fr-FR","@id":"https:\/\/jetbuilt.com\/uk\/#\/schema\/logo\/image\/","url":"https:\/\/static.jetbuilt.com\/uploads\/2021\/02\/Jetbuilt-Wide-1000.png","contentUrl":"https:\/\/static.jetbuilt.com\/uploads\/2021\/02\/Jetbuilt-Wide-1000.png","width":1000,"height":189,"caption":"Jetbuilt"},"image":{"@id":"https:\/\/jetbuilt.com\/uk\/#\/schema\/logo\/image\/"},"sameAs":["https:\/\/www.facebook.com\/Jetbuilt\/","https:\/\/x.com\/jetbuilt","https:\/\/www.linkedin.com\/company\/jetbuilt","https:\/\/www.youtube.com\/jetbuilt"]}]}},"_links":{"self":[{"href":"https:\/\/jetbuilt.com\/fr\/wp-json\/wp\/v2\/pages\/3351","targetHints":{"allow":["GET"]}}],"collection":[{"href":"https:\/\/jetbuilt.com\/fr\/wp-json\/wp\/v2\/pages"}],"about":[{"href":"https:\/\/jetbuilt.com\/fr\/wp-json\/wp\/v2\/types\/page"}],"author":[{"embeddable":true,"href":"https:\/\/jetbuilt.com\/fr\/wp-json\/wp\/v2\/users\/6"}],"replies":[{"embeddable":true,"href":"https:\/\/jetbuilt.com\/fr\/wp-json\/wp\/v2\/comments?post=3351"}],"version-history":[{"count":17,"href":"https:\/\/jetbuilt.com\/fr\/wp-json\/wp\/v2\/pages\/3351\/revisions"}],"predecessor-version":[{"id":3368,"href":"https:\/\/jetbuilt.com\/fr\/wp-json\/wp\/v2\/pages\/3351\/revisions\/3368"}],"wp:attachment":[{"href":"https:\/\/jetbuilt.com\/fr\/wp-json\/wp\/v2\/media?parent=3351"}],"curies":[{"name":"wp","href":"https:\/\/api.w.org\/{rel}","templated":true}]}}