{"id":3302,"date":"2021-10-27T10:41:41","date_gmt":"2021-10-27T18:41:41","guid":{"rendered":"https:\/\/www.jetbuilt.com\/install\/"},"modified":"2022-03-17T14:41:45","modified_gmt":"2022-03-17T22:41:45","slug":"install","status":"publish","type":"page","link":"https:\/\/jetbuilt.com\/fr\/install\/","title":{"rendered":"Install"},"content":{"rendered":"\n  <div class=\"banner has-hover\" id=\"banner-668340529\">\n          <div class=\"banner-inner fill\">\n        <div class=\"banner-bg fill\" >\n            <div class=\"bg fill bg-fill bg-loaded\"><\/div>\n                        <div class=\"overlay\"><\/div>            \n                    <\/div>\n        <div class=\"banner-layers container\">\n            <div class=\"fill banner-link\"><\/div>            \n   <div id=\"text-box-1353365444\" class=\"text-box banner-layer x50 md-x50 lg-x50 y50 md-y50 lg-y50 res-text\">\n                                <div class=\"text dark\">\n              \n              <div class=\"text-inner text-center\">\n                  \n\t<div id=\"text-950162184\" class=\"text header-light\">\n\t\t\n<h3>La mani\u00e8re simplifi\u00e9e, automatis\u00e9e et connect\u00e9e de g\u00e9rer vos installations.<\/h3>\n<h2 class=\"uppercase header-light\">INSTALL DE JETBUILT<\/h2>\n\t\t\t<\/div>\n\t\n              <\/div>\n           <\/div>\n                            \n<style>\n#text-box-1353365444 {\n  width: 100%;\n}\n#text-box-1353365444 .text {\n  font-size: 100%;\n}\n@media (min-width:550px) {\n  #text-box-1353365444 {\n    width: 81%;\n  }\n}\n@media (min-width:850px) {\n  #text-box-1353365444 {\n    width: 60%;\n  }\n}\n<\/style>\n    <\/div>\n \n        <\/div>\n      <\/div>\n\n            \n<style>\n#banner-668340529 {\n  padding-top: 377px;\n}\n#banner-668340529 .bg.bg-loaded {\n  background-image: url(https:\/\/static.jetbuilt.com\/uploads\/2021\/04\/Install-Header-2-scaled.jpg);\n}\n#banner-668340529 .overlay {\n  background-color: rgba(0, 0, 0, 0.209);\n}\n#banner-668340529 .bg {\n  background-position: 45% 42%;\n}\n@media (min-width:550px) {\n  #banner-668340529 {\n    padding-top: 458px;\n  }\n}\n@media (min-width:850px) {\n  #banner-668340529 {\n    padding-top: 450px;\n  }\n}\n<\/style>\n  <\/div>\n\n\n<div class=\"row align-center\"  id=\"row-676421390\">\n\n\t<div id=\"col-938291852\" class=\"col medium-9 small-12 large-7\"  >\n\t\t<div class=\"col-inner\"  >\n\t\t\t\n\t\t\t\n\t<div id=\"gap-908937962\" class=\"gap-element clearfix\" style=\"display:block; height:auto;\">\n\t\t\n<style>\n#gap-908937962 {\n  padding-top: 50px;\n}\n<\/style>\n\t<\/div>\n\t\n<div class=\"video video-fit mb\" style=\"padding-top:56.25%;\"><p><iframe loading=\"lazy\" title=\"Install Promo\" src=\"https:\/\/player.vimeo.com\/video\/525704248?h=f5780b99ed&amp;dnt=1&amp;app_id=122963\" width=\"1020\" height=\"574\" frameborder=\"0\" allow=\"autoplay; fullscreen; picture-in-picture\" allowfullscreen><\/iframe><\/p>\n<\/div>\n\t\t<\/div>\n\t\t\t<\/div>\n\n\t\n<\/div>\n\t<div id=\"gap-1745383749\" class=\"gap-element clearfix\" style=\"display:block; height:auto;\">\n\t\t\n<style>\n#gap-1745383749 {\n  padding-top: 30px;\n}\n<\/style>\n\t<\/div>\n\t\n<div class=\"row align-center\"  id=\"row-619064838\">\n\n\t<div id=\"col-1441726733\" class=\"col medium-4 small-12 large-3\"  >\n\t\t<div class=\"col-inner\"  >\n\t\t\t\n\t\t\t\n\t<div class=\"img has-hover x md-x lg-x y md-y lg-y\" id=\"image_1397093227\">\n\t\t\t\t\t\t\t\t<div class=\"img-inner dark\" >\n\t\t\t<img loading=\"lazy\" decoding=\"async\" width=\"300\" height=\"300\" src=\"https:\/\/static.jetbuilt.com\/uploads\/2021\/03\/Edit-Item-Tasks.png\" class=\"attachment-original size-original\" alt=\"\" srcset=\"https:\/\/static.jetbuilt.com\/uploads\/2021\/03\/Edit-Item-Tasks.png 300w, https:\/\/static.jetbuilt.com\/uploads\/2021\/03\/Edit-Item-Tasks-150x150.png 150w\" sizes=\"auto, (max-width: 300px) 100vw, 300px\" \/>\t\t\t\t\t\t\n\t\t\t\t\t<\/div>\n\t\t\t\t\t\t\t\t\n<style>\n#image_1397093227 {\n  width: 100%;\n}\n<\/style>\n\t<\/div>\n\t\n\t\t<\/div>\n\t\t\t<\/div>\n\n\t\n\n\t<div id=\"col-1473513739\" class=\"col medium-7 small-12 large-5\"  >\n\t\t<div class=\"col-inner\"  >\n\t\t\t\n\t\t\t\n\t<div id=\"text-1398954311\" class=\"text\">\n\t\t\n<h3 class=\"page-header\">Gestion des t\u00e2ches<\/h3>\n<ul>\n<li>Cr\u00e9ez des t\u00e2ches et des \u00e9tapes pour chaque article que vous utilisez dans Jetbuilt<\/li>\n<li>Au fur et \u00e0 mesure que vous renseignez de futurs projets, toutes les t\u00e2ches se cr\u00e9\u00e9ent de mani\u00e8re automatique<\/li>\n<li>Demandez \u00e9ventuellement une photo au technicien pour compl\u00e9ter une t\u00e2che<\/li>\n<li>Suivez la progression de l&#8217;installation avec notre innovant calendrier de projet<\/li>\n<li>Filtrez toutes les t\u00e2ches par niveau de phase de projet pour les affecter plus facilement<\/li>\n<li>Synchronisation du calendrier pour toutes les t\u00e2ches, avec un calendrier d&#8217;entreprise consultable<\/li>\n<li>Sur le terrain, les techniciens peuvent cocher sur leur t\u00e9l\u00e9phone portable les t\u00e2ches termin\u00e9es<\/li>\n<\/ul>\n\t\t\n<style>\n#text-1398954311 {\n  text-align: left;\n}\n<\/style>\n\t<\/div>\n\t\n\t\t<\/div>\n\t\t\t<\/div>\n\n\t\n\n\t<div id=\"col-1795177234\" class=\"col medium-9 small-12 large-7\"  >\n\t\t<div class=\"col-inner\"  >\n\t\t\t\n\t\t\t\n\t<div class=\"img has-hover x md-x lg-x y md-y lg-y\" id=\"image_258764891\">\n\t\t\t\t\t\t\t\t<div class=\"img-inner dark\" >\n\t\t\t<img loading=\"lazy\" decoding=\"async\" width=\"1000\" height=\"537\" src=\"https:\/\/static.jetbuilt.com\/uploads\/2021\/03\/ProjectTasks.png\" class=\"attachment-large size-large\" alt=\"\" srcset=\"https:\/\/static.jetbuilt.com\/uploads\/2021\/03\/ProjectTasks.png 1000w, https:\/\/static.jetbuilt.com\/uploads\/2021\/03\/ProjectTasks-300x161.png 300w, https:\/\/static.jetbuilt.com\/uploads\/2021\/03\/ProjectTasks-768x412.png 768w\" sizes=\"auto, (max-width: 1000px) 100vw, 1000px\" \/>\t\t\t\t\t\t\n\t\t\t\t\t<\/div>\n\t\t\t\t\t\t\t\t\n<style>\n#image_258764891 {\n  width: 100%;\n}\n<\/style>\n\t<\/div>\n\t\n\t\t<\/div>\n\t\t\t<\/div>\n\n\t\n<\/div>\n<div class=\"text-center\"><div class=\"is-divider divider clearfix\" style=\"margin-top:1.3em;margin-bottom:1.3em;max-width:70%;height:1px;\"><\/div><\/div>\n<div class=\"row align-center\"  id=\"row-1105539730\">\n\n\t<div id=\"col-1104472261\" class=\"col medium-3 small-8 large-2\"  >\n\t\t<div class=\"col-inner\"  >\n\t\t\t\n\t\t\t\n\t<div class=\"img has-hover x md-x lg-x y md-y lg-y\" id=\"image_1310137171\">\n\t\t\t\t\t\t\t\t<div class=\"img-inner dark\" >\n\t\t\t<img loading=\"lazy\" decoding=\"async\" width=\"300\" height=\"551\" src=\"https:\/\/static.jetbuilt.com\/uploads\/2021\/03\/TimeTrackingPhone.png\" class=\"attachment-original size-original\" alt=\"\" srcset=\"https:\/\/static.jetbuilt.com\/uploads\/2021\/03\/TimeTrackingPhone.png 300w, https:\/\/static.jetbuilt.com\/uploads\/2021\/03\/TimeTrackingPhone-163x300.png 163w\" sizes=\"auto, (max-width: 300px) 100vw, 300px\" \/>\t\t\t\t\t\t\n\t\t\t\t\t<\/div>\n\t\t\t\t\t\t\t\t\n<style>\n#image_1310137171 {\n  width: 100%;\n}\n<\/style>\n\t<\/div>\n\t\n\t\t<\/div>\n\t\t\t<\/div>\n\n\t\n\n\t<div id=\"col-818294038\" class=\"col medium-7 small-12 large-6\"  >\n\t\t<div class=\"col-inner\"  >\n\t\t\t\n\t\t\t\n\t<div id=\"text-4058692848\" class=\"text\">\n\t\t\n<h3 class=\"page-header\">Suivi temporel<\/h3>\n<ul>\n<li>\n<p class=\"\">Les installateurs, les techniciens et les \u00e9quipes \u00e0 l&#8217;entrep\u00f4t peuvent pointer \u00e0 leur arriv\u00e9e et \u00e0 leur d\u00e9part depuis leur t\u00e9l\u00e9phone \u00e0 l&#8217;aide de l&#8217;application JetbuiltGo.<\/p>\n<\/li>\n<li>\n<p class=\"\">Le temps est compt\u00e9 par projet et par cat\u00e9gorie de main-d&#8217;\u0153uvre pour une \u00e9valuation claire et pr\u00e9cise des co\u00fbts pour chaque projet.<\/p>\n<\/li>\n<li>\n<p class=\"\">La projection en temps r\u00e9el du projet pr\u00e9sente les co\u00fbts exc\u00e9dentaires ou inf\u00e9rieurs sur la base de valeurs estim\u00e9es.<\/p>\n<\/li>\n<li>\n<p class=\"\">Les journaux chronologiques sont disponibles par projet ou \u00e0 l&#8217;\u00e9chelle de l&#8217;entreprise pour une visualisation et des rapports facilit\u00e9s.<\/p>\n<\/li>\n<li>\n<p class=\"\">Toutes ces donn\u00e9es de temps sont disponibles en t\u00e9l\u00e9chargement au format CSV ou via notre API pour l&#8217;importation ou l&#8217;int\u00e9gration avec n&#8217;importe quelle gestion de paie tierce.<\/p>\n<\/li>\n<\/ul>\n\t\t\n<style>\n#text-4058692848 {\n  text-align: left;\n}\n<\/style>\n\t<\/div>\n\t\n\t\t<\/div>\n\t\t\t<\/div>\n\n\t\n\n\t<div id=\"col-835134732\" class=\"col medium-9 small-12 large-7\"  >\n\t\t<div class=\"col-inner\"  >\n\t\t\t\n\t\t\t\n\t<div class=\"img has-hover x md-x lg-x y md-y lg-y\" id=\"image_380814345\">\n\t\t\t\t\t\t\t\t<div class=\"img-inner dark\" >\n\t\t\t<img loading=\"lazy\" decoding=\"async\" width=\"1000\" height=\"984\" src=\"https:\/\/static.jetbuilt.com\/uploads\/2021\/03\/Jetbuilt-Time-Tracking.jpg\" class=\"attachment-large size-large\" alt=\"\" srcset=\"https:\/\/static.jetbuilt.com\/uploads\/2021\/03\/Jetbuilt-Time-Tracking.jpg 1000w, https:\/\/static.jetbuilt.com\/uploads\/2021\/03\/Jetbuilt-Time-Tracking-300x295.jpg 300w, https:\/\/static.jetbuilt.com\/uploads\/2021\/03\/Jetbuilt-Time-Tracking-768x756.jpg 768w\" sizes=\"auto, (max-width: 1000px) 100vw, 1000px\" \/>\t\t\t\t\t\t\n\t\t\t\t\t<\/div>\n\t\t\t\t\t\t\t\t\n<style>\n#image_380814345 {\n  width: 100%;\n}\n<\/style>\n\t<\/div>\n\t\n\t\t<\/div>\n\t\t\t<\/div>\n\n\t\n<\/div>\n<div class=\"text-center\"><div class=\"is-divider divider clearfix\" style=\"margin-top:1.3em;margin-bottom:1.3em;max-width:70%;height:1px;\"><\/div><\/div>\n<div class=\"text-center\"><div class=\"is-divider divider clearfix\" style=\"margin-top:1.3em;margin-bottom:1.3em;max-width:70%;height:1px;\"><\/div><\/div>\n<div class=\"row align-center\"  id=\"row-365594335\">\n\n\t<div id=\"col-1633705621\" class=\"col medium-3 small-8 large-2\"  >\n\t\t<div class=\"col-inner\"  >\n\t\t\t\n\t\t\t\n\t<div class=\"img has-hover x md-x lg-x y md-y lg-y\" id=\"image_1034270716\">\n\t\t\t\t\t\t\t\t<div class=\"img-inner dark\" >\n\t\t\t<img loading=\"lazy\" decoding=\"async\" width=\"300\" height=\"560\" src=\"https:\/\/static.jetbuilt.com\/uploads\/2021\/03\/FileSharingMobile.jpeg\" class=\"attachment-original size-original\" alt=\"\" srcset=\"https:\/\/static.jetbuilt.com\/uploads\/2021\/03\/FileSharingMobile.jpeg 300w, https:\/\/static.jetbuilt.com\/uploads\/2021\/03\/FileSharingMobile-161x300.jpeg 161w\" sizes=\"auto, (max-width: 300px) 100vw, 300px\" \/>\t\t\t\t\t\t\n\t\t\t\t\t<\/div>\n\t\t\t\t\t\t\t\t\n<style>\n#image_1034270716 {\n  width: 100%;\n}\n<\/style>\n\t<\/div>\n\t\n\t\t<\/div>\n\t\t\t<\/div>\n\n\t\n\n\t<div id=\"col-1847766748\" class=\"col medium-7 small-12 large-6\"  >\n\t\t<div class=\"col-inner\"  >\n\t\t\t\n\t\t\t\n\t<div id=\"text-257076229\" class=\"text\">\n\t\t\n<h3 class=\"page-header\">Partage de fichier image<\/h3>\n<ul>\n<li>\n<p>Toutes les images, les documents et les contrats d&#8217;un projet peuvent \u00eatre partag\u00e9s avec les techniciens sur le terrain.<\/p>\n<\/li>\n<li>\n<p>Les techniciens peuvent commenter une t\u00e2che en joignant une photo pour illuster ou poser des questions sur le site.<\/p>\n<\/li>\n<li>\n<p>Si pour compl\u00e9ter une t\u00e2che une photo est n\u00e9cessaire, les photos s&#8217;affichent avec leur propre filtre sur le bureau de votre ordinateur.<\/p>\n<\/li>\n<\/ul>\n\t\t\n<style>\n#text-257076229 {\n  text-align: left;\n}\n<\/style>\n\t<\/div>\n\t\n\t\t<\/div>\n\t\t\t<\/div>\n\n\t\n\n\t<div id=\"col-1760894200\" class=\"col medium-9 small-12 large-7\"  >\n\t\t<div class=\"col-inner\"  >\n\t\t\t\n\t\t\t\n\t<div class=\"img has-hover x md-x lg-x y md-y lg-y\" id=\"image_1267399887\">\n\t\t\t\t\t\t\t\t<div class=\"img-inner dark\" >\n\t\t\t<img loading=\"lazy\" decoding=\"async\" width=\"1000\" height=\"529\" src=\"https:\/\/static.jetbuilt.com\/uploads\/2021\/03\/FileSharingDesktop.png\" class=\"attachment-large size-large\" alt=\"\" srcset=\"https:\/\/static.jetbuilt.com\/uploads\/2021\/03\/FileSharingDesktop.png 1000w, https:\/\/static.jetbuilt.com\/uploads\/2021\/03\/FileSharingDesktop-300x159.png 300w, https:\/\/static.jetbuilt.com\/uploads\/2021\/03\/FileSharingDesktop-768x406.png 768w\" sizes=\"auto, (max-width: 1000px) 100vw, 1000px\" \/>\t\t\t\t\t\t\n\t\t\t\t\t<\/div>\n\t\t\t\t\t\t\t\t\n<style>\n#image_1267399887 {\n  width: 100%;\n}\n<\/style>\n\t<\/div>\n\t\n\t\t<\/div>\n\t\t\t<\/div>\n\n\t\n<\/div>\n<div class=\"text-center\"><div class=\"is-divider divider clearfix\" style=\"margin-top:1.3em;margin-bottom:1.3em;max-width:70%;height:1px;\"><\/div><\/div>\n<div class=\"row align-center\"  id=\"row-444772168\">\n\n\t<div id=\"col-487791527\" class=\"col medium-8 small-12 large-8\"  >\n\t\t<div class=\"col-inner\"  >\n\t\t\t\n\t\t\t\n<h3 style=\"text-align: center;\">PR\u00caTS POUR UN ESSAI AVEC INSTALL ?<\/h3>\n<p class=\"\" style=\"text-align: center;\">Install est active dans toutes les p\u00e9riodes d&#8217;\u00e9valuation de Jetbuilt. Voulez vous essayer Jetbuilt maintenant ? <strong><a href=\"https:\/\/app.jetbuilt.com\/users\/sign_up\">Cliquez ici<\/a><\/strong><\/p>\n<p class=\"\" style=\"text-align: center;\">D\u00e9j\u00e0 utilisateur Jetbuilt ? A l&#8217;aide de la bo\u00eete de discussion situ\u00e9e en bas \u00e0 droite de cet \u00e9cran, contactez simplement notre service d&#8217;assistance qui pourra proc\u00e9der \u00e0 l&#8217;activation d&#8217;une p\u00e9riode d&#8217;\u00e9valuation de votre compte. Si vous le souhaitez, il est \u00e9galement possible de programmer une d\u00e9monstration personnalis\u00e9e sur Zoom.<\/p>\n<p class=\"\" style=\"text-align: center;\"><em>Install est un module optionnel de Jetbuilt destin\u00e9 \u00e0 remplacer un outil de prix similaire, tout en offrant une valeur beaucoup plus int\u00e9gr\u00e9e. Install est au prix de 28 \u20ac par utilisateur et par mois ou de 280\u00a0\u20ac par utilisateur par an.<\/em><\/p>\n\t\t<\/div>\n\t\t\t<\/div>\n\n\t\n<\/div>\n","protected":false},"excerpt":{"rendered":"","protected":false},"author":6,"featured_media":0,"parent":0,"menu_order":0,"comment_status":"closed","ping_status":"closed","template":"page-blank.php","meta":{"footnotes":""},"class_list":["post-3302","page","type-page","status-publish","hentry"],"yoast_head":"<!-- This site is optimized with the Yoast SEO plugin v26.8 - https:\/\/yoast.com\/product\/yoast-seo-wordpress\/ -->\n<title>Install &#8226; Jetbuilt<\/title>\n<meta name=\"robots\" content=\"index, follow, max-snippet:-1, max-image-preview:large, max-video-preview:-1\" \/>\n<link rel=\"canonical\" href=\"https:\/\/jetbuilt.com\/fr\/install\/\" \/>\n<meta property=\"og:locale\" content=\"fr_FR\" \/>\n<meta property=\"og:type\" content=\"article\" \/>\n<meta property=\"og:title\" content=\"Install &#8226; Jetbuilt\" \/>\n<meta property=\"og:url\" content=\"https:\/\/jetbuilt.com\/fr\/install\/\" \/>\n<meta property=\"og:site_name\" content=\"Jetbuilt\" \/>\n<meta property=\"article:publisher\" content=\"https:\/\/www.facebook.com\/Jetbuilt\/\" \/>\n<meta property=\"article:modified_time\" content=\"2022-03-17T22:41:45+00:00\" \/>\n<meta name=\"twitter:card\" content=\"summary_large_image\" \/>\n<meta name=\"twitter:site\" content=\"@jetbuilt\" \/>\n<meta name=\"twitter:label1\" content=\"Est. reading time\" \/>\n\t<meta name=\"twitter:data1\" content=\"3 minutes\" \/>\n<script type=\"application\/ld+json\" class=\"yoast-schema-graph\">{\"@context\":\"https:\/\/schema.org\",\"@graph\":[{\"@type\":\"WebPage\",\"@id\":\"https:\/\/jetbuilt.com\/fr\/install\/\",\"url\":\"https:\/\/jetbuilt.com\/fr\/install\/\",\"name\":\"Install &#8226; Jetbuilt\",\"isPartOf\":{\"@id\":\"https:\/\/jetbuilt.com\/uk\/#website\"},\"datePublished\":\"2021-10-27T18:41:41+00:00\",\"dateModified\":\"2022-03-17T22:41:45+00:00\",\"breadcrumb\":{\"@id\":\"https:\/\/jetbuilt.com\/fr\/install\/#breadcrumb\"},\"inLanguage\":\"fr-FR\",\"potentialAction\":[{\"@type\":\"ReadAction\",\"target\":[\"https:\/\/jetbuilt.com\/fr\/install\/\"]}]},{\"@type\":\"BreadcrumbList\",\"@id\":\"https:\/\/jetbuilt.com\/fr\/install\/#breadcrumb\",\"itemListElement\":[{\"@type\":\"ListItem\",\"position\":1,\"name\":\"Home\",\"item\":\"https:\/\/jetbuilt.com\/fr\/\"},{\"@type\":\"ListItem\",\"position\":2,\"name\":\"Install\"}]},{\"@type\":\"WebSite\",\"@id\":\"https:\/\/jetbuilt.com\/uk\/#website\",\"url\":\"https:\/\/jetbuilt.com\/uk\/\",\"name\":\"Jetbuilt\",\"description\":\"Close More Projects. Faster.\",\"publisher\":{\"@id\":\"https:\/\/jetbuilt.com\/uk\/#organization\"},\"potentialAction\":[{\"@type\":\"SearchAction\",\"target\":{\"@type\":\"EntryPoint\",\"urlTemplate\":\"https:\/\/jetbuilt.com\/uk\/?s={search_term_string}\"},\"query-input\":{\"@type\":\"PropertyValueSpecification\",\"valueRequired\":true,\"valueName\":\"search_term_string\"}}],\"inLanguage\":\"fr-FR\"},{\"@type\":\"Organization\",\"@id\":\"https:\/\/jetbuilt.com\/uk\/#organization\",\"name\":\"Jetbuilt\",\"url\":\"https:\/\/jetbuilt.com\/uk\/\",\"logo\":{\"@type\":\"ImageObject\",\"inLanguage\":\"fr-FR\",\"@id\":\"https:\/\/jetbuilt.com\/uk\/#\/schema\/logo\/image\/\",\"url\":\"https:\/\/static.jetbuilt.com\/uploads\/2021\/02\/Jetbuilt-Wide-1000.png\",\"contentUrl\":\"https:\/\/static.jetbuilt.com\/uploads\/2021\/02\/Jetbuilt-Wide-1000.png\",\"width\":1000,\"height\":189,\"caption\":\"Jetbuilt\"},\"image\":{\"@id\":\"https:\/\/jetbuilt.com\/uk\/#\/schema\/logo\/image\/\"},\"sameAs\":[\"https:\/\/www.facebook.com\/Jetbuilt\/\",\"https:\/\/x.com\/jetbuilt\",\"https:\/\/www.linkedin.com\/company\/jetbuilt\",\"https:\/\/www.youtube.com\/jetbuilt\"]}]}<\/script>\n<!-- \/ Yoast SEO plugin. -->","yoast_head_json":{"title":"Install &#8226; Jetbuilt","robots":{"index":"index","follow":"follow","max-snippet":"max-snippet:-1","max-image-preview":"max-image-preview:large","max-video-preview":"max-video-preview:-1"},"canonical":"https:\/\/jetbuilt.com\/fr\/install\/","og_locale":"fr_FR","og_type":"article","og_title":"Install &#8226; Jetbuilt","og_url":"https:\/\/jetbuilt.com\/fr\/install\/","og_site_name":"Jetbuilt","article_publisher":"https:\/\/www.facebook.com\/Jetbuilt\/","article_modified_time":"2022-03-17T22:41:45+00:00","twitter_card":"summary_large_image","twitter_site":"@jetbuilt","twitter_misc":{"Est. reading time":"3 minutes"},"schema":{"@context":"https:\/\/schema.org","@graph":[{"@type":"WebPage","@id":"https:\/\/jetbuilt.com\/fr\/install\/","url":"https:\/\/jetbuilt.com\/fr\/install\/","name":"Install &#8226; Jetbuilt","isPartOf":{"@id":"https:\/\/jetbuilt.com\/uk\/#website"},"datePublished":"2021-10-27T18:41:41+00:00","dateModified":"2022-03-17T22:41:45+00:00","breadcrumb":{"@id":"https:\/\/jetbuilt.com\/fr\/install\/#breadcrumb"},"inLanguage":"fr-FR","potentialAction":[{"@type":"ReadAction","target":["https:\/\/jetbuilt.com\/fr\/install\/"]}]},{"@type":"BreadcrumbList","@id":"https:\/\/jetbuilt.com\/fr\/install\/#breadcrumb","itemListElement":[{"@type":"ListItem","position":1,"name":"Home","item":"https:\/\/jetbuilt.com\/fr\/"},{"@type":"ListItem","position":2,"name":"Install"}]},{"@type":"WebSite","@id":"https:\/\/jetbuilt.com\/uk\/#website","url":"https:\/\/jetbuilt.com\/uk\/","name":"Jetbuilt","description":"Close More Projects. Faster.","publisher":{"@id":"https:\/\/jetbuilt.com\/uk\/#organization"},"potentialAction":[{"@type":"SearchAction","target":{"@type":"EntryPoint","urlTemplate":"https:\/\/jetbuilt.com\/uk\/?s={search_term_string}"},"query-input":{"@type":"PropertyValueSpecification","valueRequired":true,"valueName":"search_term_string"}}],"inLanguage":"fr-FR"},{"@type":"Organization","@id":"https:\/\/jetbuilt.com\/uk\/#organization","name":"Jetbuilt","url":"https:\/\/jetbuilt.com\/uk\/","logo":{"@type":"ImageObject","inLanguage":"fr-FR","@id":"https:\/\/jetbuilt.com\/uk\/#\/schema\/logo\/image\/","url":"https:\/\/static.jetbuilt.com\/uploads\/2021\/02\/Jetbuilt-Wide-1000.png","contentUrl":"https:\/\/static.jetbuilt.com\/uploads\/2021\/02\/Jetbuilt-Wide-1000.png","width":1000,"height":189,"caption":"Jetbuilt"},"image":{"@id":"https:\/\/jetbuilt.com\/uk\/#\/schema\/logo\/image\/"},"sameAs":["https:\/\/www.facebook.com\/Jetbuilt\/","https:\/\/x.com\/jetbuilt","https:\/\/www.linkedin.com\/company\/jetbuilt","https:\/\/www.youtube.com\/jetbuilt"]}]}},"_links":{"self":[{"href":"https:\/\/jetbuilt.com\/fr\/wp-json\/wp\/v2\/pages\/3302","targetHints":{"allow":["GET"]}}],"collection":[{"href":"https:\/\/jetbuilt.com\/fr\/wp-json\/wp\/v2\/pages"}],"about":[{"href":"https:\/\/jetbuilt.com\/fr\/wp-json\/wp\/v2\/types\/page"}],"author":[{"embeddable":true,"href":"https:\/\/jetbuilt.com\/fr\/wp-json\/wp\/v2\/users\/6"}],"replies":[{"embeddable":true,"href":"https:\/\/jetbuilt.com\/fr\/wp-json\/wp\/v2\/comments?post=3302"}],"version-history":[{"count":19,"href":"https:\/\/jetbuilt.com\/fr\/wp-json\/wp\/v2\/pages\/3302\/revisions"}],"predecessor-version":[{"id":4555,"href":"https:\/\/jetbuilt.com\/fr\/wp-json\/wp\/v2\/pages\/3302\/revisions\/4555"}],"wp:attachment":[{"href":"https:\/\/jetbuilt.com\/fr\/wp-json\/wp\/v2\/media?parent=3302"}],"curies":[{"name":"wp","href":"https:\/\/api.w.org\/{rel}","templated":true}]}}