{"id":5956,"date":"2022-08-02T15:55:32","date_gmt":"2022-08-02T23:55:32","guid":{"rendered":"https:\/\/www.jetbuilt.com\/service\/"},"modified":"2022-08-03T14:31:30","modified_gmt":"2022-08-03T22:31:30","slug":"service","status":"publish","type":"page","link":"https:\/\/jetbuilt.com\/es\/service\/","title":{"rendered":"Service"},"content":{"rendered":"\n  <div class=\"banner has-hover\" id=\"banner-583086040\">\n          <div class=\"banner-inner fill\">\n        <div class=\"banner-bg fill\" >\n            <div class=\"bg fill bg-fill bg-loaded\"><\/div>\n                        <div class=\"overlay\"><\/div>            \n                    <\/div>\n        <div class=\"banner-layers container\">\n            <div class=\"fill banner-link\"><\/div>            \n   <div id=\"text-box-343308219\" class=\"text-box banner-layer x50 md-x50 lg-x50 y50 md-y50 lg-y50 res-text\">\n                                <div class=\"text dark\">\n              \n              <div class=\"text-inner text-center\">\n                  \n\t<div id=\"text-952925716\" class=\"text header-light\">\n\t\t\n<h3>Una soluci\u00f3n de servicio inteligente y exclusiva<\/h3>\n<h2><\/h2>\n<h2 class=\"uppercase header-light\">SERVICE<\/h2>\n\t\t\t<\/div>\n\t\n              <\/div>\n           <\/div>\n                            \n<style>\n#text-box-343308219 {\n  width: 100%;\n}\n#text-box-343308219 .text {\n  font-size: 100%;\n}\n@media (min-width:550px) {\n  #text-box-343308219 {\n    width: 81%;\n  }\n}\n@media (min-width:850px) {\n  #text-box-343308219 {\n    width: 60%;\n  }\n}\n<\/style>\n    <\/div>\n \n        <\/div>\n      <\/div>\n\n            \n<style>\n#banner-583086040 {\n  padding-top: 377px;\n}\n#banner-583086040 .bg.bg-loaded {\n  background-image: url(https:\/\/static.jetbuilt.com\/uploads\/2022\/06\/Service-Background-2-scaled.jpeg);\n}\n#banner-583086040 .overlay {\n  background-color: rgba(0, 0, 0, 0.209);\n}\n#banner-583086040 .bg {\n  background-position: 45% 52%;\n}\n@media (min-width:550px) {\n  #banner-583086040 {\n    padding-top: 458px;\n  }\n}\n@media (min-width:850px) {\n  #banner-583086040 {\n    padding-top: 450px;\n  }\n}\n<\/style>\n  <\/div>\n\n\n\t<div id=\"gap-820947604\" class=\"gap-element clearfix\" style=\"display:block; height:auto;\">\n\t\t\n<style>\n#gap-820947604 {\n  padding-top: 30px;\n}\n<\/style>\n\t<\/div>\n\t\n<div class=\"row align-center\"  id=\"row-2106889870\">\n\n\t<div id=\"col-2064551426\" class=\"col medium-4 small-12 large-7\"  >\n\t\t<div class=\"col-inner\"  >\n\t\t\t\n\t\t\t\n<div class=\"video video-fit mb\" style=\"padding-top:56.25%;\"><p><iframe loading=\"lazy\" title=\"Service Promo\" src=\"https:\/\/player.vimeo.com\/video\/723439715?h=5954dc5de8&amp;dnt=1&amp;app_id=122963\" width=\"1020\" height=\"574\" frameborder=\"0\" allow=\"autoplay; fullscreen; picture-in-picture\" allowfullscreen><\/iframe><\/p>\n<\/div>\n\t\t<\/div>\n\t\t\t<\/div>\n\n\t\n<\/div>\n\t<div id=\"gap-1713167740\" class=\"gap-element clearfix\" style=\"display:block; height:auto;\">\n\t\t\n<style>\n#gap-1713167740 {\n  padding-top: 30px;\n}\n<\/style>\n\t<\/div>\n\t\n<div class=\"row align-center\"  id=\"row-806543126\">\n\n\t<div id=\"col-1213721696\" class=\"col medium-7 small-12 large-9\"  >\n\t\t<div class=\"col-inner\"  >\n\t\t\t\n\t\t\t\n\t<div id=\"text-3554452928\" class=\"text\">\n\t\t\n<h3 style=\"text-align: center;\">Aproveche toda la potencia del entorno Jetbuilt<\/h3>\n\t\t\n<style>\n#text-3554452928 {\n  text-align: left;\n}\n<\/style>\n\t<\/div>\n\t\n\t\t<\/div>\n\t\t\t<\/div>\n\n\t\n<\/div>\n<div class=\"text-center\"><div class=\"is-divider divider clearfix\" style=\"max-width:70%;height:1px;\"><\/div><\/div>\n\t<div id=\"gap-366295473\" class=\"gap-element clearfix\" style=\"display:block; height:auto;\">\n\t\t\n<style>\n#gap-366295473 {\n  padding-top: 30px;\n}\n<\/style>\n\t<\/div>\n\t\n<div class=\"row align-center\"  id=\"row-952453111\">\n\n\t<div id=\"col-960946086\" class=\"col medium-4 small-8 large-3\"  >\n\t\t<div class=\"col-inner\"  >\n\t\t\t\n\t\t\t\n\t<div class=\"img has-hover x md-x lg-x y md-y lg-y\" id=\"image_1610774349\">\n\t\t\t\t\t\t\t\t<div class=\"img-inner dark\" >\n\t\t\t<img loading=\"lazy\" decoding=\"async\" width=\"1068\" height=\"1536\" src=\"https:\/\/static.jetbuilt.com\/uploads\/2022\/07\/Screen-Shot-2022-07-05-at-4.14.33-PM.png\" class=\"attachment-original size-original\" alt=\"Client Scanning QR Code on Item\" srcset=\"https:\/\/static.jetbuilt.com\/uploads\/2022\/07\/Screen-Shot-2022-07-05-at-4.14.33-PM.png 1068w, https:\/\/static.jetbuilt.com\/uploads\/2022\/07\/Screen-Shot-2022-07-05-at-4.14.33-PM-209x300.png 209w, https:\/\/static.jetbuilt.com\/uploads\/2022\/07\/Screen-Shot-2022-07-05-at-4.14.33-PM-712x1024.png 712w, https:\/\/static.jetbuilt.com\/uploads\/2022\/07\/Screen-Shot-2022-07-05-at-4.14.33-PM-768x1105.png 768w\" sizes=\"auto, (max-width: 1068px) 100vw, 1068px\" \/>\t\t\t\t\t\t\n\t\t\t\t\t<\/div>\n\t\t\t\t\t\t\t\t\n<style>\n#image_1610774349 {\n  width: 100%;\n}\n<\/style>\n\t<\/div>\n\t\n\t\t<\/div>\n\t\t\t<\/div>\n\n\t\n\n\t<div id=\"col-1966221449\" class=\"col medium-6 small-12 large-5 small-col-first\"  >\n\t\t<div class=\"col-inner\"  >\n\t\t\t\n\t\t\t\n<h3 class=\"page-header\">Los usuarios finales crean solicitudes de servicio sobre el terreno<\/h3>\n<p>El usuario final, integrado en nuestro seguimiento de activos existente, tiene capacidad para escanear un c\u00f3digo QR en la parte posterior de un elemento que est\u00e1 funcionando incorrectamente, creando as\u00ed un caso de servicio con un indicador para contactar con el cliente, obtener detalles adicionales y programar el servicio. <\/p>\n<p>Adem\u00e1s, su oficina puede crear casos cuando se reciban solicitudes de asistencia por tel\u00e9fono o correo electr\u00f3nico, tanto si ha instalado el proyecto originalmente como si no.<\/p>\n\t<div id=\"text-2123915682\" class=\"text\">\n\t\t\n\t\t\n<style>\n#text-2123915682 {\n  text-align: left;\n}\n@media (min-width:550px) {\n  #text-2123915682 {\n    text-align: left;\n  }\n}\n<\/style>\n\t<\/div>\n\t\n\t\t<\/div>\n\t\t\t<\/div>\n\n\t\n<\/div>\n<div class=\"text-center\"><div class=\"is-divider divider clearfix\" style=\"margin-top:1.3em;margin-bottom:1.3em;max-width:70%;height:1px;\"><\/div><\/div>\n\t<div id=\"gap-770019062\" class=\"gap-element clearfix\" style=\"display:block; height:auto;\">\n\t\t\n<style>\n#gap-770019062 {\n  padding-top: 30px;\n}\n<\/style>\n\t<\/div>\n\t\n<div class=\"row align-center\"  id=\"row-1873875619\">\n\n\t<div id=\"col-1115254130\" class=\"col medium-7 small-12 large-7\"  >\n\t\t<div class=\"col-inner\"  >\n\t\t\t\n\t\t\t\n\t<div id=\"text-3424943518\" class=\"text\">\n\t\t\n<h3 class=\"page-header\">Panel de servicio<\/h3>\n<p>Obtenga una visi\u00f3n clara y sencilla de todos sus casos de servicio. Compruebe de un vistazo los casos que est\u00e1n a la espera de que se les asigne un t\u00e9cnico, los que son cr\u00edticos, los que han vencido y mucho m\u00e1s.<\/p>\n\t\t\n<style>\n#text-3424943518 {\n  text-align: left;\n}\n@media (min-width:550px) {\n  #text-3424943518 {\n    text-align: center;\n  }\n}\n<\/style>\n\t<\/div>\n\t\n\t<div id=\"gap-837772775\" class=\"gap-element clearfix\" style=\"display:block; height:auto;\">\n\t\t\n<style>\n#gap-837772775 {\n  padding-top: 30px;\n}\n<\/style>\n\t<\/div>\n\t\n\t<div class=\"img has-hover x md-x lg-x y md-y lg-y\" id=\"image_49765818\">\n\t\t\t\t\t\t\t\t<div class=\"img-inner dark\" >\n\t\t\t<img loading=\"lazy\" decoding=\"async\" width=\"1020\" height=\"396\" src=\"https:\/\/static.jetbuilt.com\/uploads\/2022\/07\/Service-Case-List-1024x398.png\" class=\"attachment-large size-large\" alt=\"Service Case Dashboard\" srcset=\"https:\/\/static.jetbuilt.com\/uploads\/2022\/07\/Service-Case-List-1024x398.png 1024w, https:\/\/static.jetbuilt.com\/uploads\/2022\/07\/Service-Case-List-300x116.png 300w, https:\/\/static.jetbuilt.com\/uploads\/2022\/07\/Service-Case-List-768x298.png 768w, https:\/\/static.jetbuilt.com\/uploads\/2022\/07\/Service-Case-List-1536x596.png 1536w, https:\/\/static.jetbuilt.com\/uploads\/2022\/07\/Service-Case-List-2048x795.png 2048w\" sizes=\"auto, (max-width: 1020px) 100vw, 1020px\" \/>\t\t\t\t\t\t\n\t\t\t\t\t<\/div>\n\t\t\t\t\t\t\t\t\n<style>\n#image_49765818 {\n  width: 100%;\n}\n<\/style>\n\t<\/div>\n\t\n\t\t<\/div>\n\t\t\t<\/div>\n\n\t\n<\/div>\n<div class=\"text-center\"><div class=\"is-divider divider clearfix\" style=\"margin-top:1.3em;margin-bottom:1.3em;max-width:70%;height:1px;\"><\/div><\/div>\n\t<div id=\"gap-909556763\" class=\"gap-element clearfix\" style=\"display:block; height:auto;\">\n\t\t\n<style>\n#gap-909556763 {\n  padding-top: 30px;\n}\n<\/style>\n\t<\/div>\n\t\n<div class=\"row align-center\"  id=\"row-1175654430\">\n\n\t<div id=\"col-1690842139\" class=\"col medium-7 small-12 large-7\"  >\n\t\t<div class=\"col-inner\"  >\n\t\t\t\n\t\t\t\n\t<div id=\"text-2963214368\" class=\"text\">\n\t\t\n<h3 class=\"page-header\">Detalle del caso de servicio<\/h3>\n<p>En el detalle del caso se ve una imagen clara y detallada del mismo. La vista de l\u00ednea de tiempo muestra el historial completo del caso desde su creaci\u00f3n, notas y an\u00e1lisis a lo largo del proceso hasta el cierre del caso. Aqu\u00ed puede ver si el proyecto cuenta con un contrato de servicio o si est\u00e1 dentro del periodo de garant\u00eda inicial. Puede asignar a t\u00e9cnicos, hacer un seguimiento de los gastos y mucho m\u00e1s.<\/p>\n\t\t\n<style>\n#text-2963214368 {\n  text-align: center;\n}\n<\/style>\n\t<\/div>\n\t\n\t<div id=\"gap-205192593\" class=\"gap-element clearfix\" style=\"display:block; height:auto;\">\n\t\t\n<style>\n#gap-205192593 {\n  padding-top: 30px;\n}\n<\/style>\n\t<\/div>\n\t\n\t<div class=\"img has-hover x md-x lg-x y md-y lg-y\" id=\"image_189391119\">\n\t\t\t\t\t\t\t\t<div class=\"img-inner dark\" >\n\t\t\t<img loading=\"lazy\" decoding=\"async\" width=\"1020\" height=\"590\" src=\"https:\/\/static.jetbuilt.com\/uploads\/2022\/06\/Service-Timeline-1-1024x592.jpg\" class=\"attachment-large size-large\" alt=\"Service Case Detail\" srcset=\"https:\/\/static.jetbuilt.com\/uploads\/2022\/06\/Service-Timeline-1-1024x592.jpg 1024w, https:\/\/static.jetbuilt.com\/uploads\/2022\/06\/Service-Timeline-1-300x173.jpg 300w, https:\/\/static.jetbuilt.com\/uploads\/2022\/06\/Service-Timeline-1-768x444.jpg 768w, https:\/\/static.jetbuilt.com\/uploads\/2022\/06\/Service-Timeline-1-1536x888.jpg 1536w, https:\/\/static.jetbuilt.com\/uploads\/2022\/06\/Service-Timeline-1-2048x1184.jpg 2048w\" sizes=\"auto, (max-width: 1020px) 100vw, 1020px\" \/>\t\t\t\t\t\t\n\t\t\t\t\t<\/div>\n\t\t\t\t\t\t\t\t\n<style>\n#image_189391119 {\n  width: 100%;\n}\n<\/style>\n\t<\/div>\n\t\n\t\t<\/div>\n\t\t\t<\/div>\n\n\t\n<\/div>\n<div class=\"text-center\"><div class=\"is-divider divider clearfix\" style=\"max-width:70%;height:1px;\"><\/div><\/div>\n\t<div id=\"gap-1594589177\" class=\"gap-element clearfix\" style=\"display:block; height:auto;\">\n\t\t\n<style>\n#gap-1594589177 {\n  padding-top: 30px;\n}\n<\/style>\n\t<\/div>\n\t\n<div class=\"row align-center\"  id=\"row-1781537894\">\n\n\t<div id=\"col-949039186\" class=\"col medium-4 small-8 large-5\"  >\n\t\t<div class=\"col-inner\"  >\n\t\t\t\n\t\t\t\n\t<div id=\"text-3437011645\" class=\"text\">\n\t\t\n<h3 class=\"page-header\">El t\u00e9cnico ve el caso<\/h3>\n<p>El t\u00e9cnico recibe una alerta sobre el caso junto con la tarea programada. En su celular puede ver el historial completo del caso y las notas que el cliente envi\u00f3, junto con cualquier nota \u00fatil que su equipo de ingenier\u00eda haya agregado.<\/p>\n<p>El t\u00e9cnico ve toda la informaci\u00f3n de los activos del elemento y todos los elementos asociados de esa instalaci\u00f3n, incluidos n\u00fameros de serie, informaci\u00f3n de garant\u00eda, direcci\u00f3n IP, informaci\u00f3n de inicio de sesi\u00f3n, etc. Adem\u00e1s, tiene acceso a todos los archivos de ese proyecto, como esquemas, hojas de especificaciones y manuales.<\/p>\n\t\t\n<style>\n#text-3437011645 {\n  text-align: left;\n}\n@media (min-width:550px) {\n  #text-3437011645 {\n    text-align: left;\n  }\n}\n<\/style>\n\t<\/div>\n\t\n\t\t<\/div>\n\t\t\t<\/div>\n\n\t\n\n\t<div id=\"col-1727566667\" class=\"col medium-6 small-12 large-3 small-col-first\"  >\n\t\t<div class=\"col-inner\"  >\n\t\t\t\n\t\t\t\n\t<div class=\"img has-hover x md-x lg-x y md-y lg-y\" id=\"image_2064407449\">\n\t\t\t\t\t\t\t\t<div class=\"img-inner dark\" >\n\t\t\t<img loading=\"lazy\" decoding=\"async\" width=\"506\" height=\"1024\" src=\"https:\/\/static.jetbuilt.com\/uploads\/2022\/07\/Service-mobile-view-506x1024.png\" class=\"attachment-large size-large\" alt=\"Jetbuilt &quot;Service&quot; Mobile View\" srcset=\"https:\/\/static.jetbuilt.com\/uploads\/2022\/07\/Service-mobile-view-506x1024.png 506w, https:\/\/static.jetbuilt.com\/uploads\/2022\/07\/Service-mobile-view-148x300.png 148w, https:\/\/static.jetbuilt.com\/uploads\/2022\/07\/Service-mobile-view.png 640w\" sizes=\"auto, (max-width: 506px) 100vw, 506px\" \/>\t\t\t\t\t\t\n\t\t\t\t\t<\/div>\n\t\t\t\t\t\t\t\t\n<style>\n#image_2064407449 {\n  width: 100%;\n}\n<\/style>\n\t<\/div>\n\t\n\t\t<\/div>\n\t\t\t<\/div>\n\n\t\n<\/div>\n<div class=\"text-center\"><div class=\"is-divider divider clearfix\" style=\"max-width:70%;height:1px;\"><\/div><\/div>\n\t<div id=\"gap-1635023500\" class=\"gap-element clearfix\" style=\"display:block; height:auto;\">\n\t\t\n<style>\n#gap-1635023500 {\n  padding-top: 30px;\n}\n<\/style>\n\t<\/div>\n\t\n<div class=\"row align-center\"  id=\"row-591957986\">\n\n\t<div id=\"col-1516142586\" class=\"col medium-9 small-12 large-9\"  >\n\t\t<div class=\"col-inner text-center\"  >\n\t\t\t\n\t\t\t\n<h3 class=\"page-header\" style=\"text-align: center;\">Atienda a sus clientes con eficacia, claridad y facilidad<\/h3>\n\t\t<\/div>\n\t\t\t<\/div>\n\n\t\n<\/div>\n<div class=\"text-center\"><div class=\"is-divider divider clearfix\" style=\"max-width:70%;height:1px;\"><\/div><\/div>\n<div class=\"row align-center\"  id=\"row-2050214668\">\n\n\t<div id=\"col-1833480793\" class=\"col medium-8 small-12 large-8\"  >\n\t\t<div class=\"col-inner\"  >\n\t\t\t\n\t\t\t\n\t<div id=\"gap-1242975217\" class=\"gap-element clearfix\" style=\"display:block; height:auto;\">\n\t\t\n<style>\n#gap-1242975217 {\n  padding-top: 30px;\n}\n<\/style>\n\t<\/div>\n\t\n<h3 style=\"text-align: center;\">\u00bfQUIERES DARLE UNA VUELTA A SERVICE?<\/h3>\n<p class=\"\" style=\"text-align: center;\">Solo tienes que contactar con nuestro equipo de soporte con el cuadro de chat de la parte inferior derecha de esta pantalla. Activar\u00e1n un per\u00edodo de evaluaci\u00f3n de 30 d\u00edas en su cuenta. Tambi\u00e9n pueden programar una demostraci\u00f3n personalizada sobre Zoom si lo desea.<\/p>\n<p class=\"\" style=\"text-align: center;\"><em>Service es un m\u00f3dulo opcional de Jetbuilt destinado a sustituir una herramienta de precio similar, al tiempo que proporciona un valor mucho m\u00e1s integrado. S<\/em><i>ervice comienza en \u20ac28 por usuario por mes con un 10% de ahorro por pago anual.<\/i><\/p>\n\t\t<\/div>\n\t\t\t<\/div>\n\n\t\n<\/div>\n","protected":false},"excerpt":{"rendered":"","protected":false},"author":6,"featured_media":0,"parent":0,"menu_order":0,"comment_status":"closed","ping_status":"closed","template":"page-blank.php","meta":{"footnotes":""},"class_list":["post-5956","page","type-page","status-publish","hentry"],"yoast_head":"<!-- This site is optimized with the Yoast SEO plugin v26.8 - https:\/\/yoast.com\/product\/yoast-seo-wordpress\/ -->\n<title>Service &#8226; Jetbuilt<\/title>\n<meta name=\"robots\" content=\"index, follow, max-snippet:-1, max-image-preview:large, max-video-preview:-1\" \/>\n<link rel=\"canonical\" href=\"https:\/\/jetbuilt.com\/es\/service\/\" \/>\n<meta property=\"og:locale\" content=\"es_ES\" \/>\n<meta property=\"og:type\" content=\"article\" \/>\n<meta property=\"og:title\" content=\"Service &#8226; Jetbuilt\" \/>\n<meta property=\"og:url\" content=\"https:\/\/jetbuilt.com\/es\/service\/\" \/>\n<meta property=\"og:site_name\" content=\"Jetbuilt\" \/>\n<meta property=\"article:publisher\" content=\"https:\/\/www.facebook.com\/Jetbuilt\/\" \/>\n<meta property=\"article:modified_time\" content=\"2022-08-03T22:31:30+00:00\" \/>\n<meta name=\"twitter:card\" content=\"summary_large_image\" \/>\n<meta name=\"twitter:site\" content=\"@jetbuilt\" \/>\n<meta name=\"twitter:label1\" content=\"Est. reading time\" \/>\n\t<meta name=\"twitter:data1\" content=\"4 minutes\" \/>\n<script type=\"application\/ld+json\" class=\"yoast-schema-graph\">{\"@context\":\"https:\/\/schema.org\",\"@graph\":[{\"@type\":\"WebPage\",\"@id\":\"https:\/\/jetbuilt.com\/es\/service\/\",\"url\":\"https:\/\/jetbuilt.com\/es\/service\/\",\"name\":\"Service &#8226; Jetbuilt\",\"isPartOf\":{\"@id\":\"https:\/\/jetbuilt.com\/uk\/#website\"},\"datePublished\":\"2022-08-02T23:55:32+00:00\",\"dateModified\":\"2022-08-03T22:31:30+00:00\",\"breadcrumb\":{\"@id\":\"https:\/\/jetbuilt.com\/es\/service\/#breadcrumb\"},\"inLanguage\":\"es-ES\",\"potentialAction\":[{\"@type\":\"ReadAction\",\"target\":[\"https:\/\/jetbuilt.com\/es\/service\/\"]}]},{\"@type\":\"BreadcrumbList\",\"@id\":\"https:\/\/jetbuilt.com\/es\/service\/#breadcrumb\",\"itemListElement\":[{\"@type\":\"ListItem\",\"position\":1,\"name\":\"Home\",\"item\":\"https:\/\/jetbuilt.com\/es\/\"},{\"@type\":\"ListItem\",\"position\":2,\"name\":\"Service\"}]},{\"@type\":\"WebSite\",\"@id\":\"https:\/\/jetbuilt.com\/uk\/#website\",\"url\":\"https:\/\/jetbuilt.com\/uk\/\",\"name\":\"Jetbuilt\",\"description\":\"Close More Projects. Faster.\",\"publisher\":{\"@id\":\"https:\/\/jetbuilt.com\/uk\/#organization\"},\"potentialAction\":[{\"@type\":\"SearchAction\",\"target\":{\"@type\":\"EntryPoint\",\"urlTemplate\":\"https:\/\/jetbuilt.com\/uk\/?s={search_term_string}\"},\"query-input\":{\"@type\":\"PropertyValueSpecification\",\"valueRequired\":true,\"valueName\":\"search_term_string\"}}],\"inLanguage\":\"es-ES\"},{\"@type\":\"Organization\",\"@id\":\"https:\/\/jetbuilt.com\/uk\/#organization\",\"name\":\"Jetbuilt\",\"url\":\"https:\/\/jetbuilt.com\/uk\/\",\"logo\":{\"@type\":\"ImageObject\",\"inLanguage\":\"es-ES\",\"@id\":\"https:\/\/jetbuilt.com\/uk\/#\/schema\/logo\/image\/\",\"url\":\"https:\/\/static.jetbuilt.com\/uploads\/2021\/02\/Jetbuilt-Wide-1000.png\",\"contentUrl\":\"https:\/\/static.jetbuilt.com\/uploads\/2021\/02\/Jetbuilt-Wide-1000.png\",\"width\":1000,\"height\":189,\"caption\":\"Jetbuilt\"},\"image\":{\"@id\":\"https:\/\/jetbuilt.com\/uk\/#\/schema\/logo\/image\/\"},\"sameAs\":[\"https:\/\/www.facebook.com\/Jetbuilt\/\",\"https:\/\/x.com\/jetbuilt\",\"https:\/\/www.linkedin.com\/company\/jetbuilt\",\"https:\/\/www.youtube.com\/jetbuilt\"]}]}<\/script>\n<!-- \/ Yoast SEO plugin. -->","yoast_head_json":{"title":"Service &#8226; Jetbuilt","robots":{"index":"index","follow":"follow","max-snippet":"max-snippet:-1","max-image-preview":"max-image-preview:large","max-video-preview":"max-video-preview:-1"},"canonical":"https:\/\/jetbuilt.com\/es\/service\/","og_locale":"es_ES","og_type":"article","og_title":"Service &#8226; Jetbuilt","og_url":"https:\/\/jetbuilt.com\/es\/service\/","og_site_name":"Jetbuilt","article_publisher":"https:\/\/www.facebook.com\/Jetbuilt\/","article_modified_time":"2022-08-03T22:31:30+00:00","twitter_card":"summary_large_image","twitter_site":"@jetbuilt","twitter_misc":{"Est. reading time":"4 minutes"},"schema":{"@context":"https:\/\/schema.org","@graph":[{"@type":"WebPage","@id":"https:\/\/jetbuilt.com\/es\/service\/","url":"https:\/\/jetbuilt.com\/es\/service\/","name":"Service &#8226; Jetbuilt","isPartOf":{"@id":"https:\/\/jetbuilt.com\/uk\/#website"},"datePublished":"2022-08-02T23:55:32+00:00","dateModified":"2022-08-03T22:31:30+00:00","breadcrumb":{"@id":"https:\/\/jetbuilt.com\/es\/service\/#breadcrumb"},"inLanguage":"es-ES","potentialAction":[{"@type":"ReadAction","target":["https:\/\/jetbuilt.com\/es\/service\/"]}]},{"@type":"BreadcrumbList","@id":"https:\/\/jetbuilt.com\/es\/service\/#breadcrumb","itemListElement":[{"@type":"ListItem","position":1,"name":"Home","item":"https:\/\/jetbuilt.com\/es\/"},{"@type":"ListItem","position":2,"name":"Service"}]},{"@type":"WebSite","@id":"https:\/\/jetbuilt.com\/uk\/#website","url":"https:\/\/jetbuilt.com\/uk\/","name":"Jetbuilt","description":"Close More Projects. Faster.","publisher":{"@id":"https:\/\/jetbuilt.com\/uk\/#organization"},"potentialAction":[{"@type":"SearchAction","target":{"@type":"EntryPoint","urlTemplate":"https:\/\/jetbuilt.com\/uk\/?s={search_term_string}"},"query-input":{"@type":"PropertyValueSpecification","valueRequired":true,"valueName":"search_term_string"}}],"inLanguage":"es-ES"},{"@type":"Organization","@id":"https:\/\/jetbuilt.com\/uk\/#organization","name":"Jetbuilt","url":"https:\/\/jetbuilt.com\/uk\/","logo":{"@type":"ImageObject","inLanguage":"es-ES","@id":"https:\/\/jetbuilt.com\/uk\/#\/schema\/logo\/image\/","url":"https:\/\/static.jetbuilt.com\/uploads\/2021\/02\/Jetbuilt-Wide-1000.png","contentUrl":"https:\/\/static.jetbuilt.com\/uploads\/2021\/02\/Jetbuilt-Wide-1000.png","width":1000,"height":189,"caption":"Jetbuilt"},"image":{"@id":"https:\/\/jetbuilt.com\/uk\/#\/schema\/logo\/image\/"},"sameAs":["https:\/\/www.facebook.com\/Jetbuilt\/","https:\/\/x.com\/jetbuilt","https:\/\/www.linkedin.com\/company\/jetbuilt","https:\/\/www.youtube.com\/jetbuilt"]}]}},"_links":{"self":[{"href":"https:\/\/jetbuilt.com\/es\/wp-json\/wp\/v2\/pages\/5956","targetHints":{"allow":["GET"]}}],"collection":[{"href":"https:\/\/jetbuilt.com\/es\/wp-json\/wp\/v2\/pages"}],"about":[{"href":"https:\/\/jetbuilt.com\/es\/wp-json\/wp\/v2\/types\/page"}],"author":[{"embeddable":true,"href":"https:\/\/jetbuilt.com\/es\/wp-json\/wp\/v2\/users\/6"}],"replies":[{"embeddable":true,"href":"https:\/\/jetbuilt.com\/es\/wp-json\/wp\/v2\/comments?post=5956"}],"version-history":[{"count":11,"href":"https:\/\/jetbuilt.com\/es\/wp-json\/wp\/v2\/pages\/5956\/revisions"}],"predecessor-version":[{"id":5974,"href":"https:\/\/jetbuilt.com\/es\/wp-json\/wp\/v2\/pages\/5956\/revisions\/5974"}],"wp:attachment":[{"href":"https:\/\/jetbuilt.com\/es\/wp-json\/wp\/v2\/media?parent=5956"}],"curies":[{"name":"wp","href":"https:\/\/api.w.org\/{rel}","templated":true}]}}