{"id":5934,"date":"2022-08-02T15:49:14","date_gmt":"2022-08-02T23:49:14","guid":{"rendered":"https:\/\/www.jetbuilt.com\/jel\/"},"modified":"2022-08-16T16:39:55","modified_gmt":"2022-08-17T00:39:55","slug":"jel","status":"publish","type":"page","link":"https:\/\/jetbuilt.com\/es\/jel\/","title":{"rendered":"JEL"},"content":{"rendered":"\n  <div class=\"banner has-hover\" id=\"banner-427582261\">\n          <div class=\"banner-inner fill\">\n        <div class=\"banner-bg fill\" >\n            <div class=\"bg fill bg-fill bg-loaded\"><\/div>\n                        <div class=\"overlay\"><\/div>            \n                    <\/div>\n        <div class=\"banner-layers container\">\n            <div class=\"fill banner-link\"><\/div>            \n   <div id=\"text-box-1204593202\" class=\"text-box banner-layer x50 md-x50 lg-x50 y50 md-y50 lg-y50 res-text\">\n                                <div class=\"text dark\">\n              \n              <div class=\"text-inner text-center\">\n                  \n\t<div id=\"text-3127170529\" class=\"text header-light\">\n\t\t\n<h3>Dise\u00f1os CAD, ingenier\u00eda preventas, procesamiento 3D, Revit y mucho m\u00e1s.<\/h3>\n<h2 class=\"uppercase header-light\">LABORATORIO DE INGENIER\u00cdA JETBUILT<\/h2>\n\t\t\t<\/div>\n\t\n              <\/div>\n           <\/div>\n                            \n<style>\n#text-box-1204593202 {\n  width: 100%;\n}\n#text-box-1204593202 .text {\n  font-size: 100%;\n}\n@media (min-width:550px) {\n  #text-box-1204593202 {\n    width: 81%;\n  }\n}\n@media (min-width:850px) {\n  #text-box-1204593202 {\n    width: 60%;\n  }\n}\n<\/style>\n    <\/div>\n \n        <\/div>\n      <\/div>\n\n            \n<style>\n#banner-427582261 {\n  padding-top: 377px;\n}\n#banner-427582261 .bg.bg-loaded {\n  background-image: url(https:\/\/static.jetbuilt.com\/uploads\/2021\/09\/Stock-Header.jpg);\n}\n#banner-427582261 .overlay {\n  background-color: rgba(0, 0, 0, 0.209);\n}\n#banner-427582261 .bg {\n  background-position: 45% 42%;\n}\n@media (min-width:550px) {\n  #banner-427582261 {\n    padding-top: 458px;\n  }\n}\n@media (min-width:850px) {\n  #banner-427582261 {\n    padding-top: 450px;\n  }\n}\n<\/style>\n  <\/div>\n\n\n\t<div id=\"gap-84927655\" class=\"gap-element clearfix\" style=\"display:block; height:auto;\">\n\t\t\n<style>\n#gap-84927655 {\n  padding-top: 30px;\n}\n<\/style>\n\t<\/div>\n\t\n\t<div id=\"gap-331384229\" class=\"gap-element clearfix\" style=\"display:block; height:auto;\">\n\t\t\n<style>\n#gap-331384229 {\n  padding-top: 30px;\n}\n<\/style>\n\t<\/div>\n\t\n\t<div id=\"gap-920781440\" class=\"gap-element clearfix\" style=\"display:block; height:auto;\">\n\t\t\n<style>\n#gap-920781440 {\n  padding-top: 30px;\n}\n<\/style>\n\t<\/div>\n\t\n<div class=\"row align-center\"  id=\"row-1307269108\">\n\n\t<div id=\"col-688290883\" class=\"col medium-4 small-12 large-4\"  >\n\t\t<div class=\"col-inner\"  >\n\t\t\t\n\t\t\t\n\t<div class=\"img has-hover x md-x lg-x y md-y lg-y\" id=\"image_1621472519\">\n\t\t\t\t\t\t\t\t<div class=\"img-inner dark\" >\n\t\t\t<img loading=\"lazy\" decoding=\"async\" width=\"1020\" height=\"779\" src=\"https:\/\/static.jetbuilt.com\/uploads\/2022\/02\/JEL-Logo-1024x782.jpg\" class=\"attachment-large size-large\" alt=\"\" srcset=\"https:\/\/static.jetbuilt.com\/uploads\/2022\/02\/JEL-Logo-1024x782.jpg 1024w, https:\/\/static.jetbuilt.com\/uploads\/2022\/02\/JEL-Logo-300x229.jpg 300w, https:\/\/static.jetbuilt.com\/uploads\/2022\/02\/JEL-Logo-768x587.jpg 768w, https:\/\/static.jetbuilt.com\/uploads\/2022\/02\/JEL-Logo.jpg 1500w\" sizes=\"auto, (max-width: 1020px) 100vw, 1020px\" \/>\t\t\t\t\t\t\n\t\t\t\t\t<\/div>\n\t\t\t\t\t\t\t\t\n<style>\n#image_1621472519 {\n  width: 100%;\n}\n<\/style>\n\t<\/div>\n\t\n\t\t<\/div>\n\t\t\t<\/div>\n\n\t\n\n\t<div id=\"col-672627318\" class=\"col medium-7 small-12 large-5\"  >\n\t\t<div class=\"col-inner\"  >\n\t\t\t\n\t\t\t\n<h2 style=\"text-align: center\">Servicios de ingenier\u00eda a la escala de sus necesidades cambiantes<\/h2>\n<p style=\"text-align: center\">Encargue dise\u00f1os CAD, dise\u00f1os Revit e incluso ingenier\u00eda preventas conforme a sus necesidades, todo ello en el flujo de trabajo integrado de Jetbuilt.<\/p>\n\t\t<\/div>\n\t\t\t<\/div>\n\n\t\n<\/div>\n<div class=\"text-center\"><div class=\"is-divider divider clearfix\" style=\"max-width:70%;height:1px;\"><\/div><\/div>\n<div class=\"row align-center\"  id=\"row-1257257088\">\n\n\t<div id=\"col-1652139741\" class=\"col medium-7 small-12 large-4\"  >\n\t\t<div class=\"col-inner\"  >\n\t\t\t\n\t\t\t\n\t<div id=\"text-1674155662\" class=\"text\">\n\t\t\n<h3 class=\"page-header\">Dise\u00f1e su proyecto<\/h3>\n<p>Cree su proyecto en Builder siguiendo el mismo procedimiento que en Jetbuilt, llenando sus partidas de equipos en sus respectivas ubicaciones y sistemas. Defina el \u00e1mbito del trabajo. Si necesita servicios de ingenier\u00eda preventas, llene simplemente la funcionalidad requerida y el \u00e1mbito del trabajo.<\/p>\n\t\t\n<style>\n#text-1674155662 {\n  text-align: left;\n}\n@media (min-width:550px) {\n  #text-1674155662 {\n    text-align: left;\n  }\n}\n<\/style>\n\t<\/div>\n\t\n\t\t<\/div>\n\t\t\t<\/div>\n\n\t\n\n\t<div id=\"col-1180129539\" class=\"col medium-4 small-12 large-4\"  >\n\t\t<div class=\"col-inner\"  >\n\t\t\t\n\t\t\t\n\t<div class=\"img has-hover x md-x lg-x y md-y lg-y\" id=\"image_551613208\">\n\t\t\t\t\t\t\t\t<div class=\"img-inner dark\" >\n\t\t\t<img loading=\"lazy\" decoding=\"async\" width=\"1000\" height=\"750\" src=\"https:\/\/static.jetbuilt.com\/uploads\/2021\/10\/image-asset-23.jpg\" class=\"attachment-original size-original\" alt=\"\" srcset=\"https:\/\/static.jetbuilt.com\/uploads\/2021\/10\/image-asset-23.jpg 1000w, https:\/\/static.jetbuilt.com\/uploads\/2021\/10\/image-asset-23-300x225.jpg 300w, https:\/\/static.jetbuilt.com\/uploads\/2021\/10\/image-asset-23-768x576.jpg 768w\" sizes=\"auto, (max-width: 1000px) 100vw, 1000px\" \/>\t\t\t\t\t\t\n\t\t\t\t\t<\/div>\n\t\t\t\t\t\t\t\t\n<style>\n#image_551613208 {\n  width: 100%;\n}\n<\/style>\n\t<\/div>\n\t\n\t\t<\/div>\n\t\t\t<\/div>\n\n\t\n<\/div>\n<div class=\"text-center\"><div class=\"is-divider divider clearfix\" style=\"max-width:70%;height:1px;\"><\/div><\/div>\n<div class=\"row align-center\"  id=\"row-955280901\">\n\n\t<div id=\"col-212552229\" class=\"col medium-4 small-12 large-4\"  >\n\t\t<div class=\"col-inner\"  >\n\t\t\t\n\t\t\t\n\t<div class=\"img has-hover x md-x lg-x y md-y lg-y\" id=\"image_1322017978\">\n\t\t\t\t\t\t\t\t<div class=\"img-inner dark\" >\n\t\t\t<img loading=\"lazy\" decoding=\"async\" width=\"1020\" height=\"682\" src=\"https:\/\/static.jetbuilt.com\/uploads\/2022\/03\/Screen-Shot-2022-03-04-at-11.46.05-AM-1024x685.png\" class=\"attachment-large size-large\" alt=\"\" srcset=\"https:\/\/static.jetbuilt.com\/uploads\/2022\/03\/Screen-Shot-2022-03-04-at-11.46.05-AM-1024x685.png 1024w, https:\/\/static.jetbuilt.com\/uploads\/2022\/03\/Screen-Shot-2022-03-04-at-11.46.05-AM-300x201.png 300w, https:\/\/static.jetbuilt.com\/uploads\/2022\/03\/Screen-Shot-2022-03-04-at-11.46.05-AM-768x514.png 768w, https:\/\/static.jetbuilt.com\/uploads\/2022\/03\/Screen-Shot-2022-03-04-at-11.46.05-AM.png 1128w\" sizes=\"auto, (max-width: 1020px) 100vw, 1020px\" \/>\t\t\t\t\t\t\n\t\t\t\t\t<\/div>\n\t\t\t\t\t\t\t\t\n<style>\n#image_1322017978 {\n  width: 100%;\n}\n<\/style>\n\t<\/div>\n\t\n\t\t<\/div>\n\t\t\t<\/div>\n\n\t\n\n\t<div id=\"col-395405074\" class=\"col medium-7 small-12 large-4 small-col-first\"  >\n\t\t<div class=\"col-inner\"  >\n\t\t\t\n\t\t\t\n\t<div id=\"text-1314209400\" class=\"text\">\n\t\t\n<h3 class=\"page-header\">Agregue archivos<\/h3>\n<p class=\"p1\"><span class=\"Apple-converted-space\">Cargue los archivos pertinentes, como flujos de sistemas dibujados a mano, planos de edificios, im\u00e1genes, v\u00eddeos y notas de las visitas a las instalaciones. Cualquier cosa que ayude al ingeniero a comprender plenamente el proyecto y los requisitos. <\/span><\/p>\n\t\t\n<style>\n#text-1314209400 {\n  text-align: left;\n}\n@media (min-width:550px) {\n  #text-1314209400 {\n    text-align: left;\n  }\n}\n<\/style>\n\t<\/div>\n\t\n\t\t<\/div>\n\t\t\t<\/div>\n\n\t\n<\/div>\n<div class=\"text-center\"><div class=\"is-divider divider clearfix\" style=\"max-width:70%;height:1px;\"><\/div><\/div>\n\t<div id=\"gap-1501167552\" class=\"gap-element clearfix\" style=\"display:block; height:auto;\">\n\t\t\n<style>\n#gap-1501167552 {\n  padding-top: 30px;\n}\n<\/style>\n\t<\/div>\n\t\n<div class=\"row align-center\"  id=\"row-395705728\">\n\n\t<div id=\"col-503088063\" class=\"col medium-7 small-12 large-4\"  >\n\t\t<div class=\"col-inner\"  >\n\t\t\t\n\t\t\t\n\t<div id=\"text-1059425206\" class=\"text\">\n\t\t\n<h3 class=\"page-header\" style=\"text-align: left\">Comparta el proyecto con JEL<\/h3>\n<p>Solicite los servicios de JEL desde su proyecto. Se crear\u00e1 una nueva versi\u00f3n del proyecto que comparte con el equipo de JEL. Especifique los servicios de ingenier\u00eda que solicita junto con las notas iniciales que desee.<br \/>\n\t\t\n<style>\n#text-1059425206 {\n  text-align: left;\n}\n@media (min-width:550px) {\n  #text-1059425206 {\n    text-align: left;\n  }\n}\n<\/style>\n\t<\/div>\n\t\n\t\t<\/div>\n\t\t\t<\/div>\n\n\t\n\n\t<div id=\"col-2133891553\" class=\"col medium-3 small-8 large-4\"  >\n\t\t<div class=\"col-inner\"  >\n\t\t\t\n\t\t\t\n\t<div class=\"img has-hover x md-x lg-x y md-y lg-y\" id=\"image_1050308579\">\n\t\t\t\t\t\t\t\t<div class=\"img-inner dark\" >\n\t\t\t<img loading=\"lazy\" decoding=\"async\" width=\"886\" height=\"609\" src=\"https:\/\/static.jetbuilt.com\/uploads\/2022\/03\/Screen-Shot-2022-03-04-at-1.02.11-PM.png\" class=\"attachment-original size-original\" alt=\"\" srcset=\"https:\/\/static.jetbuilt.com\/uploads\/2022\/03\/Screen-Shot-2022-03-04-at-1.02.11-PM.png 886w, https:\/\/static.jetbuilt.com\/uploads\/2022\/03\/Screen-Shot-2022-03-04-at-1.02.11-PM-300x206.png 300w, https:\/\/static.jetbuilt.com\/uploads\/2022\/03\/Screen-Shot-2022-03-04-at-1.02.11-PM-768x528.png 768w\" sizes=\"auto, (max-width: 886px) 100vw, 886px\" \/>\t\t\t\t\t\t\n\t\t\t\t\t<\/div>\n\t\t\t\t\t\t\t\t\n<style>\n#image_1050308579 {\n  width: 100%;\n}\n<\/style>\n\t<\/div>\n\t\n\t\t<\/div>\n\t\t\t<\/div>\n\n\t\n<\/div>\n<div class=\"text-center\"><div class=\"is-divider divider clearfix\" style=\"max-width:70%;height:1px;\"><\/div><\/div>\n\t<div id=\"gap-1334197079\" class=\"gap-element clearfix\" style=\"display:block; height:auto;\">\n\t\t\n<style>\n#gap-1334197079 {\n  padding-top: 30px;\n}\n<\/style>\n\t<\/div>\n\t\n<div class=\"row align-center\"  id=\"row-2058408114\">\n\n\t<div id=\"col-81843914\" class=\"col medium-4 small-12 large-4\"  >\n\t\t<div class=\"col-inner\"  >\n\t\t\t\n\t\t\t\n\t<div class=\"img has-hover x md-x lg-x y md-y lg-y\" id=\"image_196055831\">\n\t\t\t\t\t\t\t\t<div class=\"img-inner dark\" >\n\t\t\t<img loading=\"lazy\" decoding=\"async\" width=\"1014\" height=\"614\" src=\"https:\/\/static.jetbuilt.com\/uploads\/2022\/04\/Screen-Shot-2022-04-06-at-2.09.03-PM.png\" class=\"attachment-original size-original\" alt=\"\" srcset=\"https:\/\/static.jetbuilt.com\/uploads\/2022\/04\/Screen-Shot-2022-04-06-at-2.09.03-PM.png 1014w, https:\/\/static.jetbuilt.com\/uploads\/2022\/04\/Screen-Shot-2022-04-06-at-2.09.03-PM-300x182.png 300w, https:\/\/static.jetbuilt.com\/uploads\/2022\/04\/Screen-Shot-2022-04-06-at-2.09.03-PM-768x465.png 768w\" sizes=\"auto, (max-width: 1014px) 100vw, 1014px\" \/>\t\t\t\t\t\t\n\t\t\t\t\t<\/div>\n\t\t\t\t\t\t\t\t\n<style>\n#image_196055831 {\n  width: 100%;\n}\n<\/style>\n\t<\/div>\n\t\n\t\t<\/div>\n\t\t\t<\/div>\n\n\t\n\n\t<div id=\"col-88658712\" class=\"col medium-7 small-12 large-4 small-col-first\"  >\n\t\t<div class=\"col-inner\"  >\n\t\t\t\n\t\t\t\n\t<div id=\"text-2800870853\" class=\"text\">\n\t\t\n<h3 class=\"page-header\" style=\"text-align: left\">Analice los detalles<\/h3>\n<p style=\"text-align: left\">Podr\u00e1 responder a las preguntas del equipo de JEL y proporcionar m\u00e1s informaci\u00f3n dentro del proyecto. De este modo se crear\u00e1 un hilo organizado que su equipo directivo puede monitorizar y, al mismo tiempo, proporciona un registro excelente y centralizado.<\/p>\n\t\t\n<style>\n#text-2800870853 {\n  text-align: left;\n}\n@media (min-width:550px) {\n  #text-2800870853 {\n    text-align: left;\n  }\n}\n<\/style>\n\t<\/div>\n\t\n\t\t<\/div>\n\t\t\t<\/div>\n\n\t\n<\/div>\n<div class=\"text-center\"><div class=\"is-divider divider clearfix\" style=\"margin-top:1.3em;margin-bottom:1.3em;max-width:70%;height:1px;\"><\/div><\/div>\n\t<div id=\"gap-1993500014\" class=\"gap-element clearfix\" style=\"display:block; height:auto;\">\n\t\t\n<style>\n#gap-1993500014 {\n  padding-top: 30px;\n}\n<\/style>\n\t<\/div>\n\t\n<div class=\"row align-center\"  id=\"row-522295562\">\n\n\t<div id=\"col-2090521183\" class=\"col medium-4 small-12 large-4\"  >\n\t\t<div class=\"col-inner\"  >\n\t\t\t\n\t\t\t\n\t<div id=\"text-1775885047\" class=\"text\">\n\t\t\n<h3 class=\"page-header\" style=\"text-align: left\">Especifique el formato<\/h3>\n<p class=\"p1\">En su primera colaboraci\u00f3n con el equipo de JEL, este se pondr\u00e1 en contacto con usted para coordinar qu\u00e9 formato desea para la documentaci\u00f3n, incluidos colores, fuente, bloque del t\u00edtulo, etc. Sus preferencias se guardar\u00e1n para futuros proyectos.<\/p>\n<p class=\"p1\">Al igual que ocurre con los dise\u00f1os creados internamente en su compa\u00f1\u00eda, usted decide qu\u00e9 capas desea en los dise\u00f1os y qu\u00e9 hojas de los distintos subsistemas (audio\/v\u00eddeo\/control\/red\/etc.) desea por separado. Esas especificaciones son exclusivas de cada paquete a su discreci\u00f3n.<\/p>\n\t\t\n<style>\n#text-1775885047 {\n  text-align: left;\n}\n@media (min-width:550px) {\n  #text-1775885047 {\n    text-align: left;\n  }\n}\n<\/style>\n\t<\/div>\n\t\n\t\t<\/div>\n\t\t\t<\/div>\n\n\t\n\n\t<div id=\"col-158114224\" class=\"col medium-7 small-12 large-4\"  >\n\t\t<div class=\"col-inner\"  >\n\t\t\t\n\t\t\t\n\t<div class=\"img has-hover x md-x lg-x y md-y lg-y\" id=\"image_889802911\">\n\t\t\t\t\t\t\t\t<div class=\"img-inner dark\" >\n\t\t\t<img loading=\"lazy\" decoding=\"async\" width=\"750\" height=\"600\" src=\"https:\/\/static.jetbuilt.com\/uploads\/2022\/03\/CAD-2.jpg\" class=\"attachment-original size-original\" alt=\"\" srcset=\"https:\/\/static.jetbuilt.com\/uploads\/2022\/03\/CAD-2.jpg 750w, https:\/\/static.jetbuilt.com\/uploads\/2022\/03\/CAD-2-300x240.jpg 300w\" sizes=\"auto, (max-width: 750px) 100vw, 750px\" \/>\t\t\t\t\t\t\n\t\t\t\t\t<\/div>\n\t\t\t\t\t\t\t\t\n<style>\n#image_889802911 {\n  width: 100%;\n}\n<\/style>\n\t<\/div>\n\t\n\t\t<\/div>\n\t\t\t<\/div>\n\n\t\n<\/div>\n<div class=\"text-center\"><div class=\"is-divider divider clearfix\" style=\"max-width:70%;height:1px;\"><\/div><\/div>\n<div class=\"row align-center\"  id=\"row-342418224\">\n\n\t<div id=\"col-908873210\" class=\"col medium-7 small-12 large-7\"  >\n\t\t<div class=\"col-inner\"  >\n\t\t\t\n\t\t\t\n<h2 style=\"text-align: center\">Precios econ\u00f3micos<\/h2>\n\t<div class=\"img has-hover x md-x lg-x y md-y lg-y\" id=\"image_1456100752\">\n\t\t\t\t\t\t\t\t<div class=\"img-inner dark\" >\n\t\t\t<img loading=\"lazy\" decoding=\"async\" width=\"1020\" height=\"461\" src=\"https:\/\/static.jetbuilt.com\/uploads\/2022\/03\/JEL-Pricing-1024x463.png\" class=\"attachment-large size-large\" alt=\"\" srcset=\"https:\/\/static.jetbuilt.com\/uploads\/2022\/03\/JEL-Pricing-1024x463.png 1024w, https:\/\/static.jetbuilt.com\/uploads\/2022\/03\/JEL-Pricing-300x136.png 300w, https:\/\/static.jetbuilt.com\/uploads\/2022\/03\/JEL-Pricing-768x347.png 768w, https:\/\/static.jetbuilt.com\/uploads\/2022\/03\/JEL-Pricing-1536x695.png 1536w, https:\/\/static.jetbuilt.com\/uploads\/2022\/03\/JEL-Pricing-2048x926.png 2048w\" sizes=\"auto, (max-width: 1020px) 100vw, 1020px\" \/>\t\t\t\t\t\t\n\t\t\t\t\t<\/div>\n\t\t\t\t\t\t\t\t\n<style>\n#image_1456100752 {\n  width: 100%;\n}\n<\/style>\n\t<\/div>\n\t\n<p style=\"text-align: center\"><em>Todos los Precios son en \u20acEURO.<\/em><\/p>\n\t\t<\/div>\n\t\t\t<\/div>\n\n\t\n<\/div>\n<div class=\"text-center\"><div class=\"is-divider divider clearfix\" style=\"margin-top:1.3em;margin-bottom:1.3em;max-width:70%;height:1px;\"><\/div><\/div>\n<div class=\"row align-center\"  id=\"row-62099252\">\n\n\t<div id=\"col-844083441\" class=\"col medium-7 small-12 large-7\"  >\n\t\t<div class=\"col-inner\"  >\n\t\t\t\n\t\t\t\n<h3 style=\"text-align: center\">\u00bfLE GUSTAR\u00cdA PROBAR JEL?<\/h3>\n<p style=\"text-align: center\">Contacte con nosotros si est\u00e1 interesado en JEL. Estaremos encantados de analizar los detalles, responder a sus preguntas y preparar todos los detalles.<\/p>\n<p style=\"text-align: center\"><strong>Llame a Tom Peters al +1 949.284.2868 o haga clic en el bot\u00f3n para enviar un correo electr\u00f3nico.<\/strong><\/p>\n\t\t<\/div>\n\t\t\t<\/div>\n\n\t\n<\/div>\n<div class=\"row\"  id=\"row-1412036399\">\n\n\t<div id=\"col-1990508886\" class=\"col medium-3 small-12 large-3\"  >\n\t\t<div class=\"col-inner\"  >\n\t\t\t\n\t\t\t\n\t<div id=\"gap-517282745\" class=\"gap-element clearfix\" style=\"display:block; height:auto;\">\n\t\t\n<style>\n#gap-517282745 {\n  padding-top: 30px;\n}\n<\/style>\n\t<\/div>\n\t\n\t\t<\/div>\n\t\t\t<\/div>\n\n\t\n\n\t<div id=\"col-854483736\" class=\"col medium-6 small-12 large-6\"  >\n\t\t<div class=\"col-inner text-center\"  >\n\t\t\t\n\t\t\t\n<a href=\"mailto:jel@jetbuilt.com\" target=\"_self\" class=\"button primary is-gloss is-xlarge lowercase\"  style=\"border-radius:12px;\">\n    <span>M\u00e1s informaci\u00f3n sobre JEL<\/span>\n  <\/a>\n\n\t\t<\/div>\n\t\t\t<\/div>\n\n\t\n<\/div>\n\t<div id=\"gap-627662945\" class=\"gap-element clearfix\" style=\"display:block; height:auto;\">\n\t\t\n<style>\n#gap-627662945 {\n  padding-top: 30px;\n}\n<\/style>\n\t<\/div>\n\t\n","protected":false},"excerpt":{"rendered":"","protected":false},"author":6,"featured_media":0,"parent":0,"menu_order":0,"comment_status":"closed","ping_status":"closed","template":"page-blank.php","meta":{"footnotes":""},"class_list":["post-5934","page","type-page","status-publish","hentry"],"yoast_head":"<!-- This site is optimized with the Yoast SEO plugin v26.8 - https:\/\/yoast.com\/product\/yoast-seo-wordpress\/ -->\n<title>JEL &#8226; Jetbuilt<\/title>\n<meta name=\"description\" content=\"&quot;Jetbuilt Engineering Lab&quot; enables you to commission CAD drawings, Revit drawings, and even presale engineering as needed, all within the integrated workflow of Jetbuilt.\" \/>\n<meta name=\"robots\" content=\"index, follow, max-snippet:-1, max-image-preview:large, max-video-preview:-1\" \/>\n<link rel=\"canonical\" href=\"https:\/\/jetbuilt.com\/es\/jel\/\" \/>\n<meta property=\"og:locale\" content=\"es_ES\" \/>\n<meta property=\"og:type\" content=\"article\" \/>\n<meta property=\"og:title\" content=\"JEL &#8226; Jetbuilt\" \/>\n<meta property=\"og:description\" content=\"&quot;Jetbuilt Engineering Lab&quot; enables you to commission CAD drawings, Revit drawings, and even presale engineering as needed, all within the integrated workflow of Jetbuilt.\" \/>\n<meta property=\"og:url\" content=\"https:\/\/jetbuilt.com\/es\/jel\/\" \/>\n<meta property=\"og:site_name\" content=\"Jetbuilt\" \/>\n<meta property=\"article:publisher\" content=\"https:\/\/www.facebook.com\/Jetbuilt\/\" \/>\n<meta property=\"article:modified_time\" content=\"2022-08-17T00:39:55+00:00\" \/>\n<meta name=\"twitter:card\" content=\"summary_large_image\" \/>\n<meta name=\"twitter:site\" content=\"@jetbuilt\" \/>\n<meta name=\"twitter:label1\" content=\"Est. reading time\" \/>\n\t<meta name=\"twitter:data1\" content=\"4 minutes\" \/>\n<script type=\"application\/ld+json\" class=\"yoast-schema-graph\">{\"@context\":\"https:\/\/schema.org\",\"@graph\":[{\"@type\":\"WebPage\",\"@id\":\"https:\/\/jetbuilt.com\/es\/jel\/\",\"url\":\"https:\/\/jetbuilt.com\/es\/jel\/\",\"name\":\"JEL &#8226; Jetbuilt\",\"isPartOf\":{\"@id\":\"https:\/\/jetbuilt.com\/uk\/#website\"},\"datePublished\":\"2022-08-02T23:49:14+00:00\",\"dateModified\":\"2022-08-17T00:39:55+00:00\",\"description\":\"\\\"Jetbuilt Engineering Lab\\\" enables you to commission CAD drawings, Revit drawings, and even presale engineering as needed, all within the integrated workflow of Jetbuilt.\",\"breadcrumb\":{\"@id\":\"https:\/\/jetbuilt.com\/es\/jel\/#breadcrumb\"},\"inLanguage\":\"es-ES\",\"potentialAction\":[{\"@type\":\"ReadAction\",\"target\":[\"https:\/\/jetbuilt.com\/es\/jel\/\"]}]},{\"@type\":\"BreadcrumbList\",\"@id\":\"https:\/\/jetbuilt.com\/es\/jel\/#breadcrumb\",\"itemListElement\":[{\"@type\":\"ListItem\",\"position\":1,\"name\":\"Home\",\"item\":\"https:\/\/jetbuilt.com\/es\/\"},{\"@type\":\"ListItem\",\"position\":2,\"name\":\"JEL\"}]},{\"@type\":\"WebSite\",\"@id\":\"https:\/\/jetbuilt.com\/uk\/#website\",\"url\":\"https:\/\/jetbuilt.com\/uk\/\",\"name\":\"Jetbuilt\",\"description\":\"Close More Projects. Faster.\",\"publisher\":{\"@id\":\"https:\/\/jetbuilt.com\/uk\/#organization\"},\"potentialAction\":[{\"@type\":\"SearchAction\",\"target\":{\"@type\":\"EntryPoint\",\"urlTemplate\":\"https:\/\/jetbuilt.com\/uk\/?s={search_term_string}\"},\"query-input\":{\"@type\":\"PropertyValueSpecification\",\"valueRequired\":true,\"valueName\":\"search_term_string\"}}],\"inLanguage\":\"es-ES\"},{\"@type\":\"Organization\",\"@id\":\"https:\/\/jetbuilt.com\/uk\/#organization\",\"name\":\"Jetbuilt\",\"url\":\"https:\/\/jetbuilt.com\/uk\/\",\"logo\":{\"@type\":\"ImageObject\",\"inLanguage\":\"es-ES\",\"@id\":\"https:\/\/jetbuilt.com\/uk\/#\/schema\/logo\/image\/\",\"url\":\"https:\/\/static.jetbuilt.com\/uploads\/2021\/02\/Jetbuilt-Wide-1000.png\",\"contentUrl\":\"https:\/\/static.jetbuilt.com\/uploads\/2021\/02\/Jetbuilt-Wide-1000.png\",\"width\":1000,\"height\":189,\"caption\":\"Jetbuilt\"},\"image\":{\"@id\":\"https:\/\/jetbuilt.com\/uk\/#\/schema\/logo\/image\/\"},\"sameAs\":[\"https:\/\/www.facebook.com\/Jetbuilt\/\",\"https:\/\/x.com\/jetbuilt\",\"https:\/\/www.linkedin.com\/company\/jetbuilt\",\"https:\/\/www.youtube.com\/jetbuilt\"]}]}<\/script>\n<!-- \/ Yoast SEO plugin. -->","yoast_head_json":{"title":"JEL &#8226; Jetbuilt","description":"\"Jetbuilt Engineering Lab\" enables you to commission CAD drawings, Revit drawings, and even presale engineering as needed, all within the integrated workflow of Jetbuilt.","robots":{"index":"index","follow":"follow","max-snippet":"max-snippet:-1","max-image-preview":"max-image-preview:large","max-video-preview":"max-video-preview:-1"},"canonical":"https:\/\/jetbuilt.com\/es\/jel\/","og_locale":"es_ES","og_type":"article","og_title":"JEL &#8226; Jetbuilt","og_description":"\"Jetbuilt Engineering Lab\" enables you to commission CAD drawings, Revit drawings, and even presale engineering as needed, all within the integrated workflow of Jetbuilt.","og_url":"https:\/\/jetbuilt.com\/es\/jel\/","og_site_name":"Jetbuilt","article_publisher":"https:\/\/www.facebook.com\/Jetbuilt\/","article_modified_time":"2022-08-17T00:39:55+00:00","twitter_card":"summary_large_image","twitter_site":"@jetbuilt","twitter_misc":{"Est. reading time":"4 minutes"},"schema":{"@context":"https:\/\/schema.org","@graph":[{"@type":"WebPage","@id":"https:\/\/jetbuilt.com\/es\/jel\/","url":"https:\/\/jetbuilt.com\/es\/jel\/","name":"JEL &#8226; Jetbuilt","isPartOf":{"@id":"https:\/\/jetbuilt.com\/uk\/#website"},"datePublished":"2022-08-02T23:49:14+00:00","dateModified":"2022-08-17T00:39:55+00:00","description":"\"Jetbuilt Engineering Lab\" enables you to commission CAD drawings, Revit drawings, and even presale engineering as needed, all within the integrated workflow of Jetbuilt.","breadcrumb":{"@id":"https:\/\/jetbuilt.com\/es\/jel\/#breadcrumb"},"inLanguage":"es-ES","potentialAction":[{"@type":"ReadAction","target":["https:\/\/jetbuilt.com\/es\/jel\/"]}]},{"@type":"BreadcrumbList","@id":"https:\/\/jetbuilt.com\/es\/jel\/#breadcrumb","itemListElement":[{"@type":"ListItem","position":1,"name":"Home","item":"https:\/\/jetbuilt.com\/es\/"},{"@type":"ListItem","position":2,"name":"JEL"}]},{"@type":"WebSite","@id":"https:\/\/jetbuilt.com\/uk\/#website","url":"https:\/\/jetbuilt.com\/uk\/","name":"Jetbuilt","description":"Close More Projects. Faster.","publisher":{"@id":"https:\/\/jetbuilt.com\/uk\/#organization"},"potentialAction":[{"@type":"SearchAction","target":{"@type":"EntryPoint","urlTemplate":"https:\/\/jetbuilt.com\/uk\/?s={search_term_string}"},"query-input":{"@type":"PropertyValueSpecification","valueRequired":true,"valueName":"search_term_string"}}],"inLanguage":"es-ES"},{"@type":"Organization","@id":"https:\/\/jetbuilt.com\/uk\/#organization","name":"Jetbuilt","url":"https:\/\/jetbuilt.com\/uk\/","logo":{"@type":"ImageObject","inLanguage":"es-ES","@id":"https:\/\/jetbuilt.com\/uk\/#\/schema\/logo\/image\/","url":"https:\/\/static.jetbuilt.com\/uploads\/2021\/02\/Jetbuilt-Wide-1000.png","contentUrl":"https:\/\/static.jetbuilt.com\/uploads\/2021\/02\/Jetbuilt-Wide-1000.png","width":1000,"height":189,"caption":"Jetbuilt"},"image":{"@id":"https:\/\/jetbuilt.com\/uk\/#\/schema\/logo\/image\/"},"sameAs":["https:\/\/www.facebook.com\/Jetbuilt\/","https:\/\/x.com\/jetbuilt","https:\/\/www.linkedin.com\/company\/jetbuilt","https:\/\/www.youtube.com\/jetbuilt"]}]}},"_links":{"self":[{"href":"https:\/\/jetbuilt.com\/es\/wp-json\/wp\/v2\/pages\/5934","targetHints":{"allow":["GET"]}}],"collection":[{"href":"https:\/\/jetbuilt.com\/es\/wp-json\/wp\/v2\/pages"}],"about":[{"href":"https:\/\/jetbuilt.com\/es\/wp-json\/wp\/v2\/types\/page"}],"author":[{"embeddable":true,"href":"https:\/\/jetbuilt.com\/es\/wp-json\/wp\/v2\/users\/6"}],"replies":[{"embeddable":true,"href":"https:\/\/jetbuilt.com\/es\/wp-json\/wp\/v2\/comments?post=5934"}],"version-history":[{"count":6,"href":"https:\/\/jetbuilt.com\/es\/wp-json\/wp\/v2\/pages\/5934\/revisions"}],"predecessor-version":[{"id":6013,"href":"https:\/\/jetbuilt.com\/es\/wp-json\/wp\/v2\/pages\/5934\/revisions\/6013"}],"wp:attachment":[{"href":"https:\/\/jetbuilt.com\/es\/wp-json\/wp\/v2\/media?parent=5934"}],"curies":[{"name":"wp","href":"https:\/\/api.w.org\/{rel}","templated":true}]}}