{"id":3893,"date":"2021-12-15T12:42:13","date_gmt":"2021-12-15T20:42:13","guid":{"rendered":"https:\/\/www.jetbuilt.com\/faq\/"},"modified":"2021-12-15T12:45:54","modified_gmt":"2021-12-15T20:45:54","slug":"faq","status":"publish","type":"page","link":"https:\/\/jetbuilt.com\/es\/faq\/","title":{"rendered":"FAQ"},"content":{"rendered":"\t<div id=\"text-4254235693\" class=\"text\">\n\t\t\n<h2 class=\"page-header\">Preguntas M\u00e1s Frecuentes<\/h2>\n\t\t\n<style>\n#text-4254235693 {\n  text-align: center;\n  color: #40a0ff;\n}\n#text-4254235693 > * {\n  color: #40a0ff;\n}\n<\/style>\n\t<\/div>\n\t\n\t<div id=\"text-1565544712\" class=\"text\">\n\t\t\n<p><em>Para soporte t\u00e9cnico o de productos, visite nuestra <a href=\"http:\/\/help.jetbuilt.com\/\" target=\"_blank\" rel=\"noopener\">\u00e1rea de ayuda aqu\u00ed..<\/a><\/em><br \/>\n\t\t\n<style>\n#text-1565544712 {\n  text-align: center;\n}\n<\/style>\n\t<\/div>\n\t\n<div class=\"row align-center\"  id=\"row-1192931628\">\n\n\t<div id=\"col-1788000735\" class=\"col medium-9 small-12 large-9\"  >\n\t\t<div class=\"col-inner\"  >\n\t\t\t\n\t\t\t\n<p class=\"\">Jetbuilt est\u00e1 dise\u00f1ado para ser f\u00e1cil de aprender, r\u00e1pido de usar, y suficientemente potente para organizaciones globales que integran proyectos de todos los tama\u00f1os.<\/p>\n<p class=\"\">Aqu\u00ed hay algunas preguntas frecuentes. Si no ves respuestas a las tuyas aqu\u00ed, no dudes en preguntar.<\/p>\n<div class=\"accordion\" rel=\"1\">\n<div class=\"accordion-item\"><a href=\"#\" class=\"accordion-title plain\"><button class=\"toggle\"><i class=\"icon-angle-down\"><\/i><\/button><span>\u00bfPuede m\u00e1s de una persona trabajar en un proyecto a la vez?<\/span><\/a><div class=\"accordion-inner\">\n<p>S\u00ed. En Jetbuilt, todos los miembros de su equipo pueden trabajar en cualquier parte de un proyecto a la vez. Una persona puede agregar art\u00edculos a una habitaci\u00f3n, mientras que otra agrega art\u00edculos a otra habitaci\u00f3n. O ambos pueden estar trabajando en la misma sala.<\/p>\n<\/div><\/div>\n<div class=\"accordion-item\"><a href=\"#\" class=\"accordion-title plain\"><button class=\"toggle\"><i class=\"icon-angle-down\"><\/i><\/button><span>\u00bfCada persona de mi equipo necesita una cuenta pagada?<\/span><\/a><div class=\"accordion-inner\">\n<p>Cada persona de su equipo que trabaja en Jetbuilt de forma regular debe tener su propia cuenta. As\u00ed es como los usuarios pueden mantener conversaciones entre s\u00ed, completar sus propias tareas, hacer saber al equipo directivo qui\u00e9n hizo qu\u00e9 y mucho m\u00e1s. Los usuarios ocasionales pueden utilizar una cuenta de oficina compartida. No fruncimos el ce\u00f1o ante esto.<\/p>\n<\/div><\/div>\n<div class=\"accordion-item\"><a href=\"#\" class=\"accordion-title plain\"><button class=\"toggle\"><i class=\"icon-angle-down\"><\/i><\/button><span>\u00bfCombien cela co\u00fbte il ?<\/span><\/a><div class=\"accordion-inner\">\n<p><a href=\"https:\/\/www.jetbuilt.com\/es\/pricing\/\" target=\"_blank\" rel=\"noopener\"><em>&#8220;&#8221;Consultez notre page Tarifs pour plus d&#8217;information&#8221;<\/em><\/a><\/p>\n<\/div><\/div>\n<div class=\"accordion-item\"><a href=\"#\" class=\"accordion-title plain\"><button class=\"toggle\"><i class=\"icon-angle-down\"><\/i><\/button><span>\u00bfLe prix s'entend t il par utilisateur ou par \u00e9quipe ?<\/span><\/a><div class=\"accordion-inner\">\n<p>Le prix est par utilisateur. Tout membre de votre \u00e9quipe qui travaille r\u00e9guli\u00e8rement dans Jetbuilt doit avoir un compte Jetbuilt.<\/p>\n<\/div><\/div>\n<div class=\"accordion-item\"><a href=\"#\" class=\"accordion-title plain\"><button class=\"toggle\"><i class=\"icon-angle-down\"><\/i><\/button><span>\u00bfOfrecen descuentos para equipos m\u00e1s grandes?<\/span><\/a><div class=\"accordion-inner\">\n<p>Ofrecemos descuentos para equipos de m\u00e1s de 10 usuarios. S\u00f3lo tienes que ponerse en contacto con nosotros para discutir.<\/p>\n<\/div><\/div>\n<div class=\"accordion-item\"><a href=\"#\" class=\"accordion-title plain\"><button class=\"toggle\"><i class=\"icon-angle-down\"><\/i><\/button><span>\u00bfPuede Jetbuilt integrarse con mi CRM de ventas?<\/span><\/a><div class=\"accordion-inner\">\n<p>Jetbuilt puede integrarse con cualquier CRM que utilice. No ofrecemos integraciones listas para usar, sino que creamos una soluci\u00f3n personalizada para sus necesidades.<\/p>\n<\/div><\/div>\n<div class=\"accordion-item\"><a href=\"#\" class=\"accordion-title plain\"><button class=\"toggle\"><i class=\"icon-angle-down\"><\/i><\/button><span>\u00bfQu\u00e9 pasa con la capacitaci\u00f3n en su software y el costo?<\/span><\/a><div class=\"accordion-inner\">\n<p>Ofrecemos formaci\u00f3n \u00fanica sobre Jetbuilt, aunque la gran mayor\u00eda de nuestros usuarios nunca se han aprovechado de ella. Jetbuilt es dise\u00f1ado para ser autodidacta, como lo son la mayor\u00eda de las aplicaciones para smartphones. Ofrecemos soporte gratuito de chat y nuestros v\u00eddeos ofrecen una gran ayuda tambi\u00e9n. Pero si usted desea instrucci\u00f3n personal, nosotros le proporcionamos eso sin cargo.<\/p>\n<\/div><\/div>\n<div class=\"accordion-item\"><a href=\"#\" class=\"accordion-title plain\"><button class=\"toggle\"><i class=\"icon-angle-down\"><\/i><\/button><span>\u00bfC\u00f3mo maneja Jetbuilt la facturaci\u00f3n?<\/span><\/a><div class=\"accordion-inner\">\n<p>Jetbuilt es un software de estimaci\u00f3n y propuesta, y actualmente no maneja la facturaci\u00f3n.<\/p>\n<\/div><\/div>\n<\/div>\n\t\t<\/div>\n\t\t\t<\/div>\n\n\t\n<\/div>\n","protected":false},"excerpt":{"rendered":"","protected":false},"author":6,"featured_media":0,"parent":0,"menu_order":0,"comment_status":"closed","ping_status":"closed","template":"","meta":{"footnotes":""},"class_list":["post-3893","page","type-page","status-publish","hentry"],"yoast_head":"<!-- This site is optimized with the Yoast SEO plugin v26.8 - https:\/\/yoast.com\/product\/yoast-seo-wordpress\/ -->\n<title>FAQ &#8226; Jetbuilt<\/title>\n<meta name=\"robots\" content=\"index, follow, max-snippet:-1, max-image-preview:large, max-video-preview:-1\" \/>\n<link rel=\"canonical\" href=\"https:\/\/jetbuilt.com\/es\/faq\/\" \/>\n<meta property=\"og:locale\" content=\"es_ES\" \/>\n<meta property=\"og:type\" content=\"article\" \/>\n<meta property=\"og:title\" content=\"FAQ &#8226; Jetbuilt\" \/>\n<meta property=\"og:url\" content=\"https:\/\/jetbuilt.com\/es\/faq\/\" \/>\n<meta property=\"og:site_name\" content=\"Jetbuilt\" \/>\n<meta property=\"article:publisher\" content=\"https:\/\/www.facebook.com\/Jetbuilt\/\" \/>\n<meta property=\"article:modified_time\" content=\"2021-12-15T20:45:54+00:00\" \/>\n<meta name=\"twitter:card\" content=\"summary_large_image\" \/>\n<meta name=\"twitter:site\" content=\"@jetbuilt\" \/>\n<meta name=\"twitter:label1\" content=\"Est. reading time\" \/>\n\t<meta name=\"twitter:data1\" content=\"2 minutes\" \/>\n<script type=\"application\/ld+json\" class=\"yoast-schema-graph\">{\"@context\":\"https:\/\/schema.org\",\"@graph\":[{\"@type\":\"WebPage\",\"@id\":\"https:\/\/jetbuilt.com\/es\/faq\/\",\"url\":\"https:\/\/jetbuilt.com\/es\/faq\/\",\"name\":\"FAQ &#8226; Jetbuilt\",\"isPartOf\":{\"@id\":\"https:\/\/jetbuilt.com\/uk\/#website\"},\"datePublished\":\"2021-12-15T20:42:13+00:00\",\"dateModified\":\"2021-12-15T20:45:54+00:00\",\"breadcrumb\":{\"@id\":\"https:\/\/jetbuilt.com\/es\/faq\/#breadcrumb\"},\"inLanguage\":\"es-ES\",\"potentialAction\":[{\"@type\":\"ReadAction\",\"target\":[\"https:\/\/jetbuilt.com\/es\/faq\/\"]}]},{\"@type\":\"BreadcrumbList\",\"@id\":\"https:\/\/jetbuilt.com\/es\/faq\/#breadcrumb\",\"itemListElement\":[{\"@type\":\"ListItem\",\"position\":1,\"name\":\"Home\",\"item\":\"https:\/\/jetbuilt.com\/es\/\"},{\"@type\":\"ListItem\",\"position\":2,\"name\":\"FAQ\"}]},{\"@type\":\"WebSite\",\"@id\":\"https:\/\/jetbuilt.com\/uk\/#website\",\"url\":\"https:\/\/jetbuilt.com\/uk\/\",\"name\":\"Jetbuilt\",\"description\":\"Close More Projects. Faster.\",\"publisher\":{\"@id\":\"https:\/\/jetbuilt.com\/uk\/#organization\"},\"potentialAction\":[{\"@type\":\"SearchAction\",\"target\":{\"@type\":\"EntryPoint\",\"urlTemplate\":\"https:\/\/jetbuilt.com\/uk\/?s={search_term_string}\"},\"query-input\":{\"@type\":\"PropertyValueSpecification\",\"valueRequired\":true,\"valueName\":\"search_term_string\"}}],\"inLanguage\":\"es-ES\"},{\"@type\":\"Organization\",\"@id\":\"https:\/\/jetbuilt.com\/uk\/#organization\",\"name\":\"Jetbuilt\",\"url\":\"https:\/\/jetbuilt.com\/uk\/\",\"logo\":{\"@type\":\"ImageObject\",\"inLanguage\":\"es-ES\",\"@id\":\"https:\/\/jetbuilt.com\/uk\/#\/schema\/logo\/image\/\",\"url\":\"https:\/\/static.jetbuilt.com\/uploads\/2021\/02\/Jetbuilt-Wide-1000.png\",\"contentUrl\":\"https:\/\/static.jetbuilt.com\/uploads\/2021\/02\/Jetbuilt-Wide-1000.png\",\"width\":1000,\"height\":189,\"caption\":\"Jetbuilt\"},\"image\":{\"@id\":\"https:\/\/jetbuilt.com\/uk\/#\/schema\/logo\/image\/\"},\"sameAs\":[\"https:\/\/www.facebook.com\/Jetbuilt\/\",\"https:\/\/x.com\/jetbuilt\",\"https:\/\/www.linkedin.com\/company\/jetbuilt\",\"https:\/\/www.youtube.com\/jetbuilt\"]}]}<\/script>\n<!-- \/ Yoast SEO plugin. -->","yoast_head_json":{"title":"FAQ &#8226; Jetbuilt","robots":{"index":"index","follow":"follow","max-snippet":"max-snippet:-1","max-image-preview":"max-image-preview:large","max-video-preview":"max-video-preview:-1"},"canonical":"https:\/\/jetbuilt.com\/es\/faq\/","og_locale":"es_ES","og_type":"article","og_title":"FAQ &#8226; Jetbuilt","og_url":"https:\/\/jetbuilt.com\/es\/faq\/","og_site_name":"Jetbuilt","article_publisher":"https:\/\/www.facebook.com\/Jetbuilt\/","article_modified_time":"2021-12-15T20:45:54+00:00","twitter_card":"summary_large_image","twitter_site":"@jetbuilt","twitter_misc":{"Est. reading time":"2 minutes"},"schema":{"@context":"https:\/\/schema.org","@graph":[{"@type":"WebPage","@id":"https:\/\/jetbuilt.com\/es\/faq\/","url":"https:\/\/jetbuilt.com\/es\/faq\/","name":"FAQ &#8226; Jetbuilt","isPartOf":{"@id":"https:\/\/jetbuilt.com\/uk\/#website"},"datePublished":"2021-12-15T20:42:13+00:00","dateModified":"2021-12-15T20:45:54+00:00","breadcrumb":{"@id":"https:\/\/jetbuilt.com\/es\/faq\/#breadcrumb"},"inLanguage":"es-ES","potentialAction":[{"@type":"ReadAction","target":["https:\/\/jetbuilt.com\/es\/faq\/"]}]},{"@type":"BreadcrumbList","@id":"https:\/\/jetbuilt.com\/es\/faq\/#breadcrumb","itemListElement":[{"@type":"ListItem","position":1,"name":"Home","item":"https:\/\/jetbuilt.com\/es\/"},{"@type":"ListItem","position":2,"name":"FAQ"}]},{"@type":"WebSite","@id":"https:\/\/jetbuilt.com\/uk\/#website","url":"https:\/\/jetbuilt.com\/uk\/","name":"Jetbuilt","description":"Close More Projects. Faster.","publisher":{"@id":"https:\/\/jetbuilt.com\/uk\/#organization"},"potentialAction":[{"@type":"SearchAction","target":{"@type":"EntryPoint","urlTemplate":"https:\/\/jetbuilt.com\/uk\/?s={search_term_string}"},"query-input":{"@type":"PropertyValueSpecification","valueRequired":true,"valueName":"search_term_string"}}],"inLanguage":"es-ES"},{"@type":"Organization","@id":"https:\/\/jetbuilt.com\/uk\/#organization","name":"Jetbuilt","url":"https:\/\/jetbuilt.com\/uk\/","logo":{"@type":"ImageObject","inLanguage":"es-ES","@id":"https:\/\/jetbuilt.com\/uk\/#\/schema\/logo\/image\/","url":"https:\/\/static.jetbuilt.com\/uploads\/2021\/02\/Jetbuilt-Wide-1000.png","contentUrl":"https:\/\/static.jetbuilt.com\/uploads\/2021\/02\/Jetbuilt-Wide-1000.png","width":1000,"height":189,"caption":"Jetbuilt"},"image":{"@id":"https:\/\/jetbuilt.com\/uk\/#\/schema\/logo\/image\/"},"sameAs":["https:\/\/www.facebook.com\/Jetbuilt\/","https:\/\/x.com\/jetbuilt","https:\/\/www.linkedin.com\/company\/jetbuilt","https:\/\/www.youtube.com\/jetbuilt"]}]}},"_links":{"self":[{"href":"https:\/\/jetbuilt.com\/es\/wp-json\/wp\/v2\/pages\/3893","targetHints":{"allow":["GET"]}}],"collection":[{"href":"https:\/\/jetbuilt.com\/es\/wp-json\/wp\/v2\/pages"}],"about":[{"href":"https:\/\/jetbuilt.com\/es\/wp-json\/wp\/v2\/types\/page"}],"author":[{"embeddable":true,"href":"https:\/\/jetbuilt.com\/es\/wp-json\/wp\/v2\/users\/6"}],"replies":[{"embeddable":true,"href":"https:\/\/jetbuilt.com\/es\/wp-json\/wp\/v2\/comments?post=3893"}],"version-history":[{"count":5,"href":"https:\/\/jetbuilt.com\/es\/wp-json\/wp\/v2\/pages\/3893\/revisions"}],"predecessor-version":[{"id":3898,"href":"https:\/\/jetbuilt.com\/es\/wp-json\/wp\/v2\/pages\/3893\/revisions\/3898"}],"wp:attachment":[{"href":"https:\/\/jetbuilt.com\/es\/wp-json\/wp\/v2\/media?parent=3893"}],"curies":[{"name":"wp","href":"https:\/\/api.w.org\/{rel}","templated":true}]}}