{"id":3866,"date":"2021-12-14T12:40:36","date_gmt":"2021-12-14T20:40:36","guid":{"rendered":"https:\/\/www.jetbuilt.com\/stock\/"},"modified":"2022-03-17T14:32:37","modified_gmt":"2022-03-17T22:32:37","slug":"stock","status":"publish","type":"page","link":"https:\/\/jetbuilt.com\/es\/stock\/","title":{"rendered":"Stock"},"content":{"rendered":"\n  <div class=\"banner has-hover\" id=\"banner-597391779\">\n          <div class=\"banner-inner fill\">\n        <div class=\"banner-bg fill\" >\n            <div class=\"bg fill bg-fill bg-loaded\"><\/div>\n                        <div class=\"overlay\"><\/div>            \n                    <\/div>\n        <div class=\"banner-layers container\">\n            <div class=\"fill banner-link\"><\/div>            \n   <div id=\"text-box-1164981875\" class=\"text-box banner-layer x50 md-x50 lg-x50 y50 md-y50 lg-y50 res-text\">\n                                <div class=\"text dark\">\n              \n              <div class=\"text-inner text-center\">\n                  \n\t<div id=\"text-3205479653\" class=\"text header-light\">\n\t\t\n<h3>Recevez, d\u00e9placez et suivez les articles que vous utilisez, de l&#8217;achat \u00e0 l&#8217;avoir.<\/h3>\n<h2><\/h2>\n<h2 class=\"uppercase header-light\">JETBUILT STOCK<\/h2>\n\t\t\t<\/div>\n\t\n              <\/div>\n           <\/div>\n                            \n<style>\n#text-box-1164981875 {\n  width: 100%;\n}\n#text-box-1164981875 .text {\n  font-size: 100%;\n}\n@media (min-width:550px) {\n  #text-box-1164981875 {\n    width: 81%;\n  }\n}\n@media (min-width:850px) {\n  #text-box-1164981875 {\n    width: 60%;\n  }\n}\n<\/style>\n    <\/div>\n \n        <\/div>\n      <\/div>\n\n            \n<style>\n#banner-597391779 {\n  padding-top: 377px;\n}\n#banner-597391779 .bg.bg-loaded {\n  background-image: url(https:\/\/static.jetbuilt.com\/uploads\/2021\/09\/Stock-Header.jpg);\n}\n#banner-597391779 .overlay {\n  background-color: rgba(0, 0, 0, 0.209);\n}\n#banner-597391779 .bg {\n  background-position: 45% 42%;\n}\n@media (min-width:550px) {\n  #banner-597391779 {\n    padding-top: 458px;\n  }\n}\n@media (min-width:850px) {\n  #banner-597391779 {\n    padding-top: 450px;\n  }\n}\n<\/style>\n  <\/div>\n\n\n\t<div id=\"gap-681844393\" class=\"gap-element clearfix\" style=\"display:block; height:auto;\">\n\t\t\n<style>\n#gap-681844393 {\n  padding-top: 30px;\n}\n<\/style>\n\t<\/div>\n\t\n<div class=\"row align-center\"  id=\"row-458017331\">\n\n\t<div id=\"col-891017154\" class=\"col medium-4 small-12 large-7\"  >\n\t\t<div class=\"col-inner\"  >\n\t\t\t\n\t\t\t\n<div class=\"video video-fit mb\" style=\"padding-top:56.25%;\"><p><iframe loading=\"lazy\" title=\"Stock Promo.mov\" src=\"https:\/\/player.vimeo.com\/video\/606610424?h=a54536dc1b&amp;dnt=1&amp;app_id=122963\" width=\"1020\" height=\"574\" frameborder=\"0\" allow=\"autoplay; fullscreen; picture-in-picture\" allowfullscreen><\/iframe><\/p>\n<\/div>\n\t\t<\/div>\n\t\t\t<\/div>\n\n\t\n<\/div>\n<div class=\"text-center\"><div class=\"is-divider divider clearfix\" style=\"max-width:1000px;height:1px;\"><\/div><\/div>\n\t<div id=\"gap-1409673206\" class=\"gap-element clearfix\" style=\"display:block; height:auto;\">\n\t\t\n<style>\n#gap-1409673206 {\n  padding-top: 30px;\n}\n<\/style>\n\t<\/div>\n\t\n<div class=\"row align-center\"  id=\"row-1991376205\">\n\n\t<div id=\"col-929254107\" class=\"col medium-4 small-12 large-4\"  >\n\t\t<div class=\"col-inner\"  >\n\t\t\t\n\t\t\t\n\t<div class=\"img has-hover x md-x lg-x y md-y lg-y\" id=\"image_1635653590\">\n\t\t\t\t\t\t\t\t<div class=\"img-inner dark\" >\n\t\t\t<img loading=\"lazy\" decoding=\"async\" width=\"1448\" height=\"844\" src=\"https:\/\/static.jetbuilt.com\/uploads\/2021\/09\/builder-search-stock.jpg\" class=\"attachment-original size-original\" alt=\"\" srcset=\"https:\/\/static.jetbuilt.com\/uploads\/2021\/09\/builder-search-stock.jpg 1448w, https:\/\/static.jetbuilt.com\/uploads\/2021\/09\/builder-search-stock-300x175.jpg 300w, https:\/\/static.jetbuilt.com\/uploads\/2021\/09\/builder-search-stock-1024x597.jpg 1024w, https:\/\/static.jetbuilt.com\/uploads\/2021\/09\/builder-search-stock-768x448.jpg 768w\" sizes=\"auto, (max-width: 1448px) 100vw, 1448px\" \/>\t\t\t\t\t\t\n\t\t\t\t\t<\/div>\n\t\t\t\t\t\t\t\t\n<style>\n#image_1635653590 {\n  width: 100%;\n}\n<\/style>\n\t<\/div>\n\t\n\t\t<\/div>\n\t\t\t<\/div>\n\n\t\n\n\t<div id=\"col-1706740877\" class=\"col medium-7 small-12 large-4\"  >\n\t\t<div class=\"col-inner\"  >\n\t\t\t\n\t\t\t\n\t<div id=\"text-356579883\" class=\"text\">\n\t\t\n<h3 class=\"page-header\">Afficher Stock dans Builder<\/strong><\/h3>\n<p>Stock suivra en temps r\u00e9el votre inventaire d&#8217;articles quelqu&#8217;ils soient. Vous commencez \u00e0 voir la valeur du stock directement dans le Jetbuilt Builder. Au fur et \u00e0 mesure que vous remplissez votre projet avec des articles, nous vous indiquerons ceux que vous avez en stock. <em>Cette fonctionnalit\u00e9 peut \u00eatre activ\u00e9e ou d\u00e9sactiv\u00e9e dans les param\u00e8tres de l&#8217;entreprise.<\/em><\/p>\n<p class=\"last-child\">Pour les grandes organisations, vous pouvez choisir d&#8217;afficher les articles dans une succursale en particulier, uniquement dans votre pays ou dans toutes vos antennes dans le monde.<\/p>\n\t\t\n<style>\n#text-356579883 {\n  text-align: left;\n}\n<\/style>\n\t<\/div>\n\t\n\t\t<\/div>\n\t\t\t<\/div>\n\n\t\n<\/div>\n<div class=\"text-center\"><div class=\"is-divider divider clearfix\" style=\"max-width:1000px;height:1px;\"><\/div><\/div>\n<div class=\"row align-center\"  id=\"row-2002848624\">\n\n\t<div id=\"col-1313973350\" class=\"col medium-7 small-12 large-4\"  >\n\t\t<div class=\"col-inner\"  >\n\t\t\t\n\t\t\t\n\t<div id=\"text-848439594\" class=\"text\">\n\t\t\n<h3 class=\"page-header\">Retirer du stock en cas d&#8217;achat<\/h3>\n<p>Lors de la saisie de vos bons de commande dans la zone d&#8217;achat, nous indiquerons \u00e0 nouveau combien d&#8217;articles vous avez en stock pour tout le projet. Vous pouvez choisir de retirer du stock pour r\u00e9aliser votre projet.<\/p>\n<p class=\"last-child\">Adem\u00e1s, ahora puede pedir m\u00e1s de lo que su proyecto requiere, tal vez para lograr descuentos o simplemente para reponer su inventario t\u00edpico.<\/p>\n\t\t\n<style>\n#text-848439594 {\n  text-align: right;\n}\n<\/style>\n\t<\/div>\n\t\n\t\t<\/div>\n\t\t\t<\/div>\n\n\t\n\n\t<div id=\"col-1719513608\" class=\"col medium-3 small-8 large-4\"  >\n\t\t<div class=\"col-inner\"  >\n\t\t\t\n\t\t\t\n\t<div class=\"img has-hover x md-x lg-x y md-y lg-y\" id=\"image_1661073900\">\n\t\t\t\t\t\t\t\t<div class=\"img-inner dark\" >\n\t\t\t<img loading=\"lazy\" decoding=\"async\" width=\"1020\" height=\"573\" src=\"https:\/\/static.jetbuilt.com\/uploads\/2021\/09\/pull-from-stock-1024x575.jpg\" class=\"attachment-large size-large\" alt=\"\" srcset=\"https:\/\/static.jetbuilt.com\/uploads\/2021\/09\/pull-from-stock-1024x575.jpg 1024w, https:\/\/static.jetbuilt.com\/uploads\/2021\/09\/pull-from-stock-300x169.jpg 300w, https:\/\/static.jetbuilt.com\/uploads\/2021\/09\/pull-from-stock-768x431.jpg 768w, https:\/\/static.jetbuilt.com\/uploads\/2021\/09\/pull-from-stock.jpg 1456w\" sizes=\"auto, (max-width: 1020px) 100vw, 1020px\" \/>\t\t\t\t\t\t\n\t\t\t\t\t<\/div>\n\t\t\t\t\t\t\t\t\n<style>\n#image_1661073900 {\n  width: 100%;\n}\n<\/style>\n\t<\/div>\n\t\n\t\t<\/div>\n\t\t\t<\/div>\n\n\t\n<\/div>\n<div class=\"text-center\"><div class=\"is-divider divider clearfix\" style=\"margin-top:1.3em;margin-bottom:1.3em;max-width:70%;height:1px;\"><\/div><\/div>\n<div class=\"row align-center\"  id=\"row-1027271161\">\n\n\t<div id=\"col-1637978924\" class=\"col medium-7 small-12 large-7\"  >\n\t\t<div class=\"col-inner\"  >\n\t\t\t\n\t\t\t\n\t<div id=\"text-498587484\" class=\"text\">\n\t\t\n<h3 class=\"page-header\" style=\"text-align: center;\">Crear Ubicaciones de Stock<\/h3>\n<p style=\"text-align: center;\">Puede crear una gran cantidad de ubicaciones para sus art\u00edculos. Estos pueden ser tan granulares como desee, como qu\u00e9 almac\u00e9n, estante y fila.<\/p>\n<p class=\"last-child\" style=\"text-align: center;\">Tambi\u00e9n puede hacer ubicaciones desde camiones y camionetas, as\u00ed como \u00e1reas de almacenamiento temporal en el sitio en sus proyectos activos.<\/p>\n\t\t\n<style>\n#text-498587484 {\n  text-align: left;\n}\n<\/style>\n\t<\/div>\n\t\n\t<div class=\"img has-hover x md-x lg-x y md-y lg-y\" id=\"image_688591967\">\n\t\t\t\t\t\t\t\t<div class=\"img-inner dark\" >\n\t\t\t<img loading=\"lazy\" decoding=\"async\" width=\"1020\" height=\"529\" src=\"https:\/\/static.jetbuilt.com\/uploads\/2021\/09\/stock-locations-1024x531.jpg\" class=\"attachment-large size-large\" alt=\"\" srcset=\"https:\/\/static.jetbuilt.com\/uploads\/2021\/09\/stock-locations-1024x531.jpg 1024w, https:\/\/static.jetbuilt.com\/uploads\/2021\/09\/stock-locations-300x156.jpg 300w, https:\/\/static.jetbuilt.com\/uploads\/2021\/09\/stock-locations-768x398.jpg 768w, https:\/\/static.jetbuilt.com\/uploads\/2021\/09\/stock-locations.jpg 1404w\" sizes=\"auto, (max-width: 1020px) 100vw, 1020px\" \/>\t\t\t\t\t\t\n\t\t\t\t\t<\/div>\n\t\t\t\t\t\t\t\t\n<style>\n#image_688591967 {\n  width: 100%;\n}\n<\/style>\n\t<\/div>\n\t\n\t\t<\/div>\n\t\t\t<\/div>\n\n\t\n<\/div>\n<div class=\"text-center\"><div class=\"is-divider divider clearfix\" style=\"margin-top:1.3em;margin-bottom:1.3em;max-width:70%;height:1px;\"><\/div><\/div>\n<div class=\"row align-center\"  id=\"row-1115465058\">\n\n\t<div id=\"col-1439748816\" class=\"col medium-4 small-12 large-4\"  >\n\t\t<div class=\"col-inner\"  >\n\t\t\t\n\t\t\t\n\t<div class=\"img has-hover x md-x lg-x y md-y lg-y\" id=\"image_2105034965\">\n\t\t\t\t\t\t\t\t<div class=\"img-inner dark\" >\n\t\t\t<img loading=\"lazy\" decoding=\"async\" width=\"898\" height=\"590\" src=\"https:\/\/static.jetbuilt.com\/uploads\/2021\/09\/stock-receive.jpg\" class=\"attachment-original size-original\" alt=\"\" srcset=\"https:\/\/static.jetbuilt.com\/uploads\/2021\/09\/stock-receive.jpg 898w, https:\/\/static.jetbuilt.com\/uploads\/2021\/09\/stock-receive-300x197.jpg 300w, https:\/\/static.jetbuilt.com\/uploads\/2021\/09\/stock-receive-768x505.jpg 768w\" sizes=\"auto, (max-width: 898px) 100vw, 898px\" \/>\t\t\t\t\t\t\n\t\t\t\t\t<\/div>\n\t\t\t\t\t\t\t\t\n<style>\n#image_2105034965 {\n  width: 100%;\n}\n<\/style>\n\t<\/div>\n\t\n\t\t<\/div>\n\t\t\t<\/div>\n\n\t\n\n\t<div id=\"col-1822663084\" class=\"col medium-7 small-12 large-4\"  >\n\t\t<div class=\"col-inner\"  >\n\t\t\t\n\t\t\t\n\t<div id=\"text-340760242\" class=\"text\">\n\t\t\n<h3 class=\"page-header\" style=\"text-align: left;\">Recibia Art\u00edculos en el Almac\u00e9n<\/h3>\n<p style=\"text-align: left;\">A medida que llegan los pedidos, el equipo escanea una ubicaci\u00f3n de almacenamiento y registra todos los n\u00fameros de serie de los art\u00edculos principales.<\/p>\n<p class=\"last-child\" style=\"text-align: left;\">Luego imprimen y adjuntan c\u00f3digos QR a las cajas exteriores y, opcionalmente, colocan etiquetas laminadas con peque\u00f1os c\u00f3digos en la parte posterior de los dispositivos.<\/p>\n\t\t\n<style>\n#text-340760242 {\n  text-align: left;\n}\n<\/style>\n\t<\/div>\n\t\n\t\t<\/div>\n\t\t\t<\/div>\n\n\t\n<\/div>\n<div class=\"text-center\"><div class=\"is-divider divider clearfix\" style=\"margin-top:1.3em;margin-bottom:1.3em;max-width:70%;height:1px;\"><\/div><\/div>\n<div class=\"row align-center\"  id=\"row-1011512465\">\n\n\t<div id=\"col-371097087\" class=\"col medium-4 small-12 large-4\"  >\n\t\t<div class=\"col-inner\"  >\n\t\t\t\n\t\t\t\n\t<div id=\"text-3053480529\" class=\"text\">\n\t\t\n<h3 class=\"page-header\" style=\"text-align: right;\">Mover Art\u00edculos<\/h3>\n<p style=\"text-align: right;\">A medida que los t\u00e9cnicos mueven los art\u00edculos del almac\u00e9n a su camioneta, luego al sitio de trabajo, simplemente escanean con su tel\u00e9fono para hacer cada movimiento.<\/p>\n<p class=\"last-child\" style=\"text-align: right;\">These codes can be scanned during future service calls, which will open the item in Jetbuilt\u2019s Assets area, along with warranty, login, and other information.<\/p>\n\t\t\n<style>\n#text-3053480529 {\n  text-align: left;\n}\n<\/style>\n\t<\/div>\n\t\n\t\t<\/div>\n\t\t\t<\/div>\n\n\t\n\n\t<div id=\"col-1697282879\" class=\"col medium-7 small-12 large-4\"  >\n\t\t<div class=\"col-inner\"  >\n\t\t\t\n\t\t\t\n\t<div class=\"img has-hover x md-x lg-x y md-y lg-y\" id=\"image_859318020\">\n\t\t\t\t\t\t\t\t<div class=\"img-inner dark\" >\n\t\t\t<img loading=\"lazy\" decoding=\"async\" width=\"1000\" height=\"754\" src=\"https:\/\/static.jetbuilt.com\/uploads\/2021\/10\/Move-Items-Phone.jpg\" class=\"attachment-original size-original\" alt=\"\" srcset=\"https:\/\/static.jetbuilt.com\/uploads\/2021\/10\/Move-Items-Phone.jpg 1000w, https:\/\/static.jetbuilt.com\/uploads\/2021\/10\/Move-Items-Phone-300x226.jpg 300w, https:\/\/static.jetbuilt.com\/uploads\/2021\/10\/Move-Items-Phone-768x579.jpg 768w\" sizes=\"auto, (max-width: 1000px) 100vw, 1000px\" \/>\t\t\t\t\t\t\n\t\t\t\t\t<\/div>\n\t\t\t\t\t\t\t\t\n<style>\n#image_859318020 {\n  width: 100%;\n}\n<\/style>\n\t<\/div>\n\t\n\t\t<\/div>\n\t\t\t<\/div>\n\n\t\n<\/div>\n<div class=\"text-center\"><div class=\"is-divider divider clearfix\" style=\"margin-top:1.3em;margin-bottom:1.3em;max-width:70%;height:1px;\"><\/div><\/div>\n<div class=\"row align-center\"  id=\"row-962870552\">\n\n\t<div id=\"col-848795101\" class=\"col medium-4 small-12 large-4\"  >\n\t\t<div class=\"col-inner\"  >\n\t\t\t\n\t\t\t\n\t<div class=\"img has-hover x md-x lg-x y md-y lg-y\" id=\"image_1105601938\">\n\t\t\t\t\t\t\t\t<div class=\"img-inner dark\" >\n\t\t\t<img loading=\"lazy\" decoding=\"async\" width=\"1000\" height=\"623\" src=\"https:\/\/static.jetbuilt.com\/uploads\/2021\/10\/Movement-Log.jpg\" class=\"attachment-original size-original\" alt=\"\" srcset=\"https:\/\/static.jetbuilt.com\/uploads\/2021\/10\/Movement-Log.jpg 1000w, https:\/\/static.jetbuilt.com\/uploads\/2021\/10\/Movement-Log-300x187.jpg 300w, https:\/\/static.jetbuilt.com\/uploads\/2021\/10\/Movement-Log-768x478.jpg 768w\" sizes=\"auto, (max-width: 1000px) 100vw, 1000px\" \/>\t\t\t\t\t\t\n\t\t\t\t\t<\/div>\n\t\t\t\t\t\t\t\t\n<style>\n#image_1105601938 {\n  width: 100%;\n}\n<\/style>\n\t<\/div>\n\t\n\t\t<\/div>\n\t\t\t<\/div>\n\n\t\n\n\t<div id=\"col-231033553\" class=\"col medium-7 small-12 large-4\"  >\n\t\t<div class=\"col-inner\"  >\n\t\t\t\n\t\t\t\n\t<div id=\"text-265302441\" class=\"text\">\n\t\t\n<h3 class=\"page-header\" style=\"text-align: left;\">Seguimiento de Art\u00edculos<\/h3>\n<p style=\"text-align: left;\">Desde su oficina, puede vigilar constantemente las ubicaciones y los movimientos de cada elemento de su proyecto.<\/p>\n<p>Simplemente haga clic en un art\u00edculo para presentar el registro de movimiento de art\u00edculos para ver cu\u00e1ndo se ha solicitado, recibido, alojado en el almac\u00e9n, transportado al lugar de trabajo e instalado el art\u00edculo. Todo con fechas y qui\u00e9n en el equipo realiz\u00f3 la acci\u00f3n.<\/p>\n<p>\u00a0<\/p>\n\t\t\n<style>\n#text-265302441 {\n  text-align: left;\n}\n<\/style>\n\t<\/div>\n\t\n\t\t<\/div>\n\t\t\t<\/div>\n\n\t\n<\/div>\n<div class=\"text-center\"><div class=\"is-divider divider clearfix\" style=\"margin-top:1.3em;margin-bottom:1.3em;max-width:70%;height:1px;\"><\/div><\/div>\n<div class=\"row align-center\"  id=\"row-1770304428\">\n\n\t<div id=\"col-643410436\" class=\"col medium-4 small-12 large-3\"  >\n\t\t<div class=\"col-inner\"  >\n\t\t\t\n\t\t\t\n\t<div id=\"text-1781541633\" class=\"text\">\n\t\t\n<h3 class=\"page-header\" style=\"text-align: right;\">Lista de Art\u00edculos del Proyecto<\/h3>\n<p style=\"text-align: right;\">Dentro de su proyecto puede ver una lista filtrable de todos los art\u00edculos. Seleccione esta opci\u00f3n para ver solo los art\u00edculos de un determinado sistema, sala, fase de instalaci\u00f3n.<\/p>\n<p style=\"text-align: right;\">Vea instant\u00e1neamente el estado de ese art\u00edculo o haga clic en \u00e9l para realizar las acciones necesarias.<\/p>\n\t\t\n<style>\n#text-1781541633 {\n  text-align: left;\n}\n<\/style>\n\t<\/div>\n\t\n\t\t<\/div>\n\t\t\t<\/div>\n\n\t\n\n\t<div id=\"col-2101406141\" class=\"col medium-7 small-12 large-5\"  >\n\t\t<div class=\"col-inner\"  >\n\t\t\t\n\t\t\t\n\t<div class=\"img has-hover x md-x lg-x y md-y lg-y\" id=\"image_1206895269\">\n\t\t\t\t\t\t\t\t<div class=\"img-inner dark\" >\n\t\t\t<img loading=\"lazy\" decoding=\"async\" width=\"1000\" height=\"588\" src=\"https:\/\/static.jetbuilt.com\/uploads\/2021\/10\/Project-stock.jpg\" class=\"attachment-original size-original\" alt=\"\" srcset=\"https:\/\/static.jetbuilt.com\/uploads\/2021\/10\/Project-stock.jpg 1000w, https:\/\/static.jetbuilt.com\/uploads\/2021\/10\/Project-stock-300x176.jpg 300w, https:\/\/static.jetbuilt.com\/uploads\/2021\/10\/Project-stock-768x452.jpg 768w\" sizes=\"auto, (max-width: 1000px) 100vw, 1000px\" \/>\t\t\t\t\t\t\n\t\t\t\t\t<\/div>\n\t\t\t\t\t\t\t\t\n<style>\n#image_1206895269 {\n  width: 100%;\n}\n<\/style>\n\t<\/div>\n\t\n\t\t<\/div>\n\t\t\t<\/div>\n\n\t\n<\/div>\n<div class=\"text-center\"><div class=\"is-divider divider clearfix\" style=\"margin-top:1.3em;margin-bottom:1.3em;max-width:70%;height:1px;\"><\/div><\/div>\n<div class=\"row align-center\"  id=\"row-267808185\">\n\n\t<div id=\"col-29559585\" class=\"col medium-4 small-12 large-2\"  >\n\t\t<div class=\"col-inner\"  >\n\t\t\t\n\t\t\t\n\t<div class=\"img has-hover x md-x lg-x y md-y lg-y\" id=\"image_628230111\">\n\t\t\t\t\t\t\t\t<div class=\"img-inner dark\" >\n\t\t\t<img loading=\"lazy\" decoding=\"async\" width=\"617\" height=\"1274\" src=\"https:\/\/static.jetbuilt.com\/uploads\/2021\/10\/Annonymous-phone.jpg\" class=\"attachment-original size-original\" alt=\"\" srcset=\"https:\/\/static.jetbuilt.com\/uploads\/2021\/10\/Annonymous-phone.jpg 617w, https:\/\/static.jetbuilt.com\/uploads\/2021\/10\/Annonymous-phone-145x300.jpg 145w, https:\/\/static.jetbuilt.com\/uploads\/2021\/10\/Annonymous-phone-496x1024.jpg 496w\" sizes=\"auto, (max-width: 617px) 100vw, 617px\" \/>\t\t\t\t\t\t\n\t\t\t\t\t<\/div>\n\t\t\t\t\t\t\t\t\n<style>\n#image_628230111 {\n  width: 100%;\n}\n<\/style>\n\t<\/div>\n\t\n\t\t<\/div>\n\t\t\t<\/div>\n\n\t\n\n\t<div id=\"col-937209111\" class=\"col medium-7 small-12 large-6\"  >\n\t\t<div class=\"col-inner\"  >\n\t\t\t\n\t\t\t\n\t<div id=\"text-4008832195\" class=\"text\">\n\t\t\n<h3 class=\"page-header\" style=\"text-align: left;\">Escaneo del Usuario Final<\/h3>\n<p class=\"\">Mucho despu\u00e9s de que se complete su proyecto, sus usuarios finales pueden escanear los c\u00f3digos QR laminados en los dispositivos que instal\u00f3.<\/p>\n<p class=\"\">Tal vez instal\u00f3 el proyecto hace unos a\u00f1os y hay un nuevo propietario de ese edificio que no tiene idea de a d\u00f3nde ir para el servicio. Ven un c\u00f3digo QR y simplemente escanean con la c\u00e1mara de su tel\u00e9fono.<\/p>\n<p class=\"\">Se les presentar\u00e1 informaci\u00f3n b\u00e1sica sobre el art\u00edculo: n\u00famero de serie, fecha de instalaci\u00f3n, informaci\u00f3n de garant\u00eda. Configura lo que quieres que vean.<\/p>\n<p class=\"last-child\">Lo m\u00e1s importante es que ven su logotipo y la informaci\u00f3n de la empresa. Pueden hacer clic para ir a su sitio web de servicio o hacer clic para llamar para recibir servicio.<\/p>\n\t\t\n<style>\n#text-4008832195 {\n  text-align: left;\n}\n<\/style>\n\t<\/div>\n\t\n\t\t<\/div>\n\t\t\t<\/div>\n\n\t\n<\/div>\n<div class=\"text-center\"><div class=\"is-divider divider clearfix\" style=\"margin-top:1.3em;margin-bottom:1.3em;max-width:70%;height:1px;\"><\/div><\/div>\n<div class=\"row align-center\"  id=\"row-557962073\">\n\n\t<div id=\"col-726877697\" class=\"col medium-8 small-12 large-8\"  >\n\t\t<div class=\"col-inner\"  >\n\t\t\t\n\t\t\t\n<h3 style=\"text-align: center;\">\u00bfQUIERES DARLE UNA VUELTA A STOCK?<\/h3>\n<p class=\"\" style=\"text-align: center;\">Solo tienes que contactar con nuestro equipo de soporte con el cuadro de chat emoticono de la parte inferior derecha de esta pantalla. Activar\u00e1n un per\u00edodo de evaluaci\u00f3n de 30 d\u00edas en su cuenta. Tambi\u00e9n pueden programar una demostraci\u00f3n personalizada sobre Zoom si lo desea.<\/p>\n<p class=\"\" style=\"text-align: center;\"><em>Stock es un m\u00f3dulo opcional de Jetbuilt destinado a sustituir una herramienta de precio similar, al tiempo que proporciona un valor mucho m\u00e1s integrado. Las acciones son un precio fijo basado en el tama\u00f1o general de su empresa, en lugar de por usuario. Las acciones comienzan a \u20ac53 por mes para las peque\u00f1as empresas.<\/em><\/p>\n\t\t<\/div>\n\t\t\t<\/div>\n\n\t\n<\/div>\n","protected":false},"excerpt":{"rendered":"","protected":false},"author":6,"featured_media":0,"parent":0,"menu_order":0,"comment_status":"closed","ping_status":"closed","template":"page-blank.php","meta":{"footnotes":""},"class_list":["post-3866","page","type-page","status-publish","hentry"],"yoast_head":"<!-- This site is optimized with the Yoast SEO plugin v26.8 - https:\/\/yoast.com\/product\/yoast-seo-wordpress\/ -->\n<title>Stock &#8226; Jetbuilt<\/title>\n<meta name=\"robots\" content=\"index, follow, max-snippet:-1, max-image-preview:large, max-video-preview:-1\" \/>\n<link rel=\"canonical\" href=\"https:\/\/jetbuilt.com\/es\/stock\/\" \/>\n<meta property=\"og:locale\" content=\"es_ES\" \/>\n<meta property=\"og:type\" content=\"article\" \/>\n<meta property=\"og:title\" content=\"Stock &#8226; Jetbuilt\" \/>\n<meta property=\"og:url\" content=\"https:\/\/jetbuilt.com\/es\/stock\/\" \/>\n<meta property=\"og:site_name\" content=\"Jetbuilt\" \/>\n<meta property=\"article:publisher\" content=\"https:\/\/www.facebook.com\/Jetbuilt\/\" \/>\n<meta property=\"article:modified_time\" content=\"2022-03-17T22:32:37+00:00\" \/>\n<meta name=\"twitter:card\" content=\"summary_large_image\" \/>\n<meta name=\"twitter:site\" content=\"@jetbuilt\" \/>\n<meta name=\"twitter:label1\" content=\"Est. reading time\" \/>\n\t<meta name=\"twitter:data1\" content=\"6 minutes\" \/>\n<script type=\"application\/ld+json\" class=\"yoast-schema-graph\">{\"@context\":\"https:\/\/schema.org\",\"@graph\":[{\"@type\":\"WebPage\",\"@id\":\"https:\/\/jetbuilt.com\/es\/stock\/\",\"url\":\"https:\/\/jetbuilt.com\/es\/stock\/\",\"name\":\"Stock &#8226; Jetbuilt\",\"isPartOf\":{\"@id\":\"https:\/\/jetbuilt.com\/uk\/#website\"},\"datePublished\":\"2021-12-14T20:40:36+00:00\",\"dateModified\":\"2022-03-17T22:32:37+00:00\",\"breadcrumb\":{\"@id\":\"https:\/\/jetbuilt.com\/es\/stock\/#breadcrumb\"},\"inLanguage\":\"es-ES\",\"potentialAction\":[{\"@type\":\"ReadAction\",\"target\":[\"https:\/\/jetbuilt.com\/es\/stock\/\"]}]},{\"@type\":\"BreadcrumbList\",\"@id\":\"https:\/\/jetbuilt.com\/es\/stock\/#breadcrumb\",\"itemListElement\":[{\"@type\":\"ListItem\",\"position\":1,\"name\":\"Home\",\"item\":\"https:\/\/jetbuilt.com\/es\/\"},{\"@type\":\"ListItem\",\"position\":2,\"name\":\"Stock\"}]},{\"@type\":\"WebSite\",\"@id\":\"https:\/\/jetbuilt.com\/uk\/#website\",\"url\":\"https:\/\/jetbuilt.com\/uk\/\",\"name\":\"Jetbuilt\",\"description\":\"Close More Projects. Faster.\",\"publisher\":{\"@id\":\"https:\/\/jetbuilt.com\/uk\/#organization\"},\"potentialAction\":[{\"@type\":\"SearchAction\",\"target\":{\"@type\":\"EntryPoint\",\"urlTemplate\":\"https:\/\/jetbuilt.com\/uk\/?s={search_term_string}\"},\"query-input\":{\"@type\":\"PropertyValueSpecification\",\"valueRequired\":true,\"valueName\":\"search_term_string\"}}],\"inLanguage\":\"es-ES\"},{\"@type\":\"Organization\",\"@id\":\"https:\/\/jetbuilt.com\/uk\/#organization\",\"name\":\"Jetbuilt\",\"url\":\"https:\/\/jetbuilt.com\/uk\/\",\"logo\":{\"@type\":\"ImageObject\",\"inLanguage\":\"es-ES\",\"@id\":\"https:\/\/jetbuilt.com\/uk\/#\/schema\/logo\/image\/\",\"url\":\"https:\/\/static.jetbuilt.com\/uploads\/2021\/02\/Jetbuilt-Wide-1000.png\",\"contentUrl\":\"https:\/\/static.jetbuilt.com\/uploads\/2021\/02\/Jetbuilt-Wide-1000.png\",\"width\":1000,\"height\":189,\"caption\":\"Jetbuilt\"},\"image\":{\"@id\":\"https:\/\/jetbuilt.com\/uk\/#\/schema\/logo\/image\/\"},\"sameAs\":[\"https:\/\/www.facebook.com\/Jetbuilt\/\",\"https:\/\/x.com\/jetbuilt\",\"https:\/\/www.linkedin.com\/company\/jetbuilt\",\"https:\/\/www.youtube.com\/jetbuilt\"]}]}<\/script>\n<!-- \/ Yoast SEO plugin. -->","yoast_head_json":{"title":"Stock &#8226; Jetbuilt","robots":{"index":"index","follow":"follow","max-snippet":"max-snippet:-1","max-image-preview":"max-image-preview:large","max-video-preview":"max-video-preview:-1"},"canonical":"https:\/\/jetbuilt.com\/es\/stock\/","og_locale":"es_ES","og_type":"article","og_title":"Stock &#8226; Jetbuilt","og_url":"https:\/\/jetbuilt.com\/es\/stock\/","og_site_name":"Jetbuilt","article_publisher":"https:\/\/www.facebook.com\/Jetbuilt\/","article_modified_time":"2022-03-17T22:32:37+00:00","twitter_card":"summary_large_image","twitter_site":"@jetbuilt","twitter_misc":{"Est. reading time":"6 minutes"},"schema":{"@context":"https:\/\/schema.org","@graph":[{"@type":"WebPage","@id":"https:\/\/jetbuilt.com\/es\/stock\/","url":"https:\/\/jetbuilt.com\/es\/stock\/","name":"Stock &#8226; Jetbuilt","isPartOf":{"@id":"https:\/\/jetbuilt.com\/uk\/#website"},"datePublished":"2021-12-14T20:40:36+00:00","dateModified":"2022-03-17T22:32:37+00:00","breadcrumb":{"@id":"https:\/\/jetbuilt.com\/es\/stock\/#breadcrumb"},"inLanguage":"es-ES","potentialAction":[{"@type":"ReadAction","target":["https:\/\/jetbuilt.com\/es\/stock\/"]}]},{"@type":"BreadcrumbList","@id":"https:\/\/jetbuilt.com\/es\/stock\/#breadcrumb","itemListElement":[{"@type":"ListItem","position":1,"name":"Home","item":"https:\/\/jetbuilt.com\/es\/"},{"@type":"ListItem","position":2,"name":"Stock"}]},{"@type":"WebSite","@id":"https:\/\/jetbuilt.com\/uk\/#website","url":"https:\/\/jetbuilt.com\/uk\/","name":"Jetbuilt","description":"Close More Projects. Faster.","publisher":{"@id":"https:\/\/jetbuilt.com\/uk\/#organization"},"potentialAction":[{"@type":"SearchAction","target":{"@type":"EntryPoint","urlTemplate":"https:\/\/jetbuilt.com\/uk\/?s={search_term_string}"},"query-input":{"@type":"PropertyValueSpecification","valueRequired":true,"valueName":"search_term_string"}}],"inLanguage":"es-ES"},{"@type":"Organization","@id":"https:\/\/jetbuilt.com\/uk\/#organization","name":"Jetbuilt","url":"https:\/\/jetbuilt.com\/uk\/","logo":{"@type":"ImageObject","inLanguage":"es-ES","@id":"https:\/\/jetbuilt.com\/uk\/#\/schema\/logo\/image\/","url":"https:\/\/static.jetbuilt.com\/uploads\/2021\/02\/Jetbuilt-Wide-1000.png","contentUrl":"https:\/\/static.jetbuilt.com\/uploads\/2021\/02\/Jetbuilt-Wide-1000.png","width":1000,"height":189,"caption":"Jetbuilt"},"image":{"@id":"https:\/\/jetbuilt.com\/uk\/#\/schema\/logo\/image\/"},"sameAs":["https:\/\/www.facebook.com\/Jetbuilt\/","https:\/\/x.com\/jetbuilt","https:\/\/www.linkedin.com\/company\/jetbuilt","https:\/\/www.youtube.com\/jetbuilt"]}]}},"_links":{"self":[{"href":"https:\/\/jetbuilt.com\/es\/wp-json\/wp\/v2\/pages\/3866","targetHints":{"allow":["GET"]}}],"collection":[{"href":"https:\/\/jetbuilt.com\/es\/wp-json\/wp\/v2\/pages"}],"about":[{"href":"https:\/\/jetbuilt.com\/es\/wp-json\/wp\/v2\/types\/page"}],"author":[{"embeddable":true,"href":"https:\/\/jetbuilt.com\/es\/wp-json\/wp\/v2\/users\/6"}],"replies":[{"embeddable":true,"href":"https:\/\/jetbuilt.com\/es\/wp-json\/wp\/v2\/comments?post=3866"}],"version-history":[{"count":3,"href":"https:\/\/jetbuilt.com\/es\/wp-json\/wp\/v2\/pages\/3866\/revisions"}],"predecessor-version":[{"id":4552,"href":"https:\/\/jetbuilt.com\/es\/wp-json\/wp\/v2\/pages\/3866\/revisions\/4552"}],"wp:attachment":[{"href":"https:\/\/jetbuilt.com\/es\/wp-json\/wp\/v2\/media?parent=3866"}],"curies":[{"name":"wp","href":"https:\/\/api.w.org\/{rel}","templated":true}]}}