{"id":3863,"date":"2021-12-14T12:25:43","date_gmt":"2021-12-14T20:25:43","guid":{"rendered":"https:\/\/www.jetbuilt.com\/install\/"},"modified":"2022-03-17T14:31:36","modified_gmt":"2022-03-17T22:31:36","slug":"install","status":"publish","type":"page","link":"https:\/\/jetbuilt.com\/es\/install\/","title":{"rendered":"Install"},"content":{"rendered":"\n  <div class=\"banner has-hover\" id=\"banner-1018364939\">\n          <div class=\"banner-inner fill\">\n        <div class=\"banner-bg fill\" >\n            <div class=\"bg fill bg-fill bg-loaded\"><\/div>\n                        <div class=\"overlay\"><\/div>            \n                    <\/div>\n        <div class=\"banner-layers container\">\n            <div class=\"fill banner-link\"><\/div>            \n   <div id=\"text-box-2048379256\" class=\"text-box banner-layer x50 md-x50 lg-x50 y50 md-y50 lg-y50 res-text\">\n                                <div class=\"text dark\">\n              \n              <div class=\"text-inner text-center\">\n                  \n\t<div id=\"text-3605754505\" class=\"text header-light\">\n\t\t\n<h3>La forma simplificada, automatizada y conectada de administrar sus instalaciones.<\/h3>\n<h2 class=\"uppercase header-light\">INSTALL DE JETBUILT<\/h2>\n\t\t\t<\/div>\n\t\n              <\/div>\n           <\/div>\n                            \n<style>\n#text-box-2048379256 {\n  width: 100%;\n}\n#text-box-2048379256 .text {\n  font-size: 100%;\n}\n@media (min-width:550px) {\n  #text-box-2048379256 {\n    width: 81%;\n  }\n}\n@media (min-width:850px) {\n  #text-box-2048379256 {\n    width: 60%;\n  }\n}\n<\/style>\n    <\/div>\n \n        <\/div>\n      <\/div>\n\n            \n<style>\n#banner-1018364939 {\n  padding-top: 377px;\n}\n#banner-1018364939 .bg.bg-loaded {\n  background-image: url(https:\/\/static.jetbuilt.com\/uploads\/2021\/04\/Install-Header-2-scaled.jpg);\n}\n#banner-1018364939 .overlay {\n  background-color: rgba(0, 0, 0, 0.209);\n}\n#banner-1018364939 .bg {\n  background-position: 45% 42%;\n}\n@media (min-width:550px) {\n  #banner-1018364939 {\n    padding-top: 458px;\n  }\n}\n@media (min-width:850px) {\n  #banner-1018364939 {\n    padding-top: 450px;\n  }\n}\n<\/style>\n  <\/div>\n\n\n<div class=\"row align-center\"  id=\"row-750871240\">\n\n\t<div id=\"col-1732319602\" class=\"col medium-9 small-12 large-7\"  >\n\t\t<div class=\"col-inner\"  >\n\t\t\t\n\t\t\t\n\t<div id=\"gap-1109923960\" class=\"gap-element clearfix\" style=\"display:block; height:auto;\">\n\t\t\n<style>\n#gap-1109923960 {\n  padding-top: 50px;\n}\n<\/style>\n\t<\/div>\n\t\n<div class=\"video video-fit mb\" style=\"padding-top:56.25%;\"><p><iframe loading=\"lazy\" title=\"Install Promo\" src=\"https:\/\/player.vimeo.com\/video\/525704248?h=f5780b99ed&amp;dnt=1&amp;app_id=122963\" width=\"1020\" height=\"574\" frameborder=\"0\" allow=\"autoplay; fullscreen; picture-in-picture\" allowfullscreen><\/iframe><\/p>\n<\/div>\n\t\t<\/div>\n\t\t\t<\/div>\n\n\t\n<\/div>\n\t<div id=\"gap-925202822\" class=\"gap-element clearfix\" style=\"display:block; height:auto;\">\n\t\t\n<style>\n#gap-925202822 {\n  padding-top: 30px;\n}\n<\/style>\n\t<\/div>\n\t\n<div class=\"row align-center\"  id=\"row-174169372\">\n\n\t<div id=\"col-1739108676\" class=\"col medium-4 small-12 large-3\"  >\n\t\t<div class=\"col-inner\"  >\n\t\t\t\n\t\t\t\n\t<div class=\"img has-hover x md-x lg-x y md-y lg-y\" id=\"image_1413428704\">\n\t\t\t\t\t\t\t\t<div class=\"img-inner dark\" >\n\t\t\t<img loading=\"lazy\" decoding=\"async\" width=\"300\" height=\"300\" src=\"https:\/\/static.jetbuilt.com\/uploads\/2021\/03\/Edit-Item-Tasks.png\" class=\"attachment-original size-original\" alt=\"\" srcset=\"https:\/\/static.jetbuilt.com\/uploads\/2021\/03\/Edit-Item-Tasks.png 300w, https:\/\/static.jetbuilt.com\/uploads\/2021\/03\/Edit-Item-Tasks-150x150.png 150w\" sizes=\"auto, (max-width: 300px) 100vw, 300px\" \/>\t\t\t\t\t\t\n\t\t\t\t\t<\/div>\n\t\t\t\t\t\t\t\t\n<style>\n#image_1413428704 {\n  width: 100%;\n}\n<\/style>\n\t<\/div>\n\t\n\t\t<\/div>\n\t\t\t<\/div>\n\n\t\n\n\t<div id=\"col-317561384\" class=\"col medium-7 small-12 large-5\"  >\n\t\t<div class=\"col-inner\"  >\n\t\t\t\n\t\t\t\n\t<div id=\"text-577738826\" class=\"text\">\n\t\t\n<h3 class=\"page-header\">Gesti\u00f3n de Tareas<\/h3>\n<ul>\n<li>Cree tareas y pasos para cada art\u00edculo que utilice en Jetbuilt<\/li>\n<li>A medida que rellena proyectos futuros, todas las tareas se crean de forma pasiva<\/li>\n<li>Opcionalmente, requiera una foto de la tecnolog\u00eda para completar una tarea<\/li>\n<li>Realice un seguimiento del progreso de la instalaci\u00f3n con nuestro innovador cronograma de proyectos<\/li>\n<li>Filtre todas las tareas por fase del proyecto para facilitar la asignaci\u00f3n<\/li>\n<li>Sincronizaci\u00f3n de calendarios para todas las tareas, con un calendario de empresa visible<\/li>\n<li>Los t\u00e9cnicos de campo pueden marcar las tareas completadas en el campo en su tel\u00e9fono m\u00f3vil<\/li>\n<\/ul>\n\t\t\n<style>\n#text-577738826 {\n  text-align: left;\n}\n<\/style>\n\t<\/div>\n\t\n\t\t<\/div>\n\t\t\t<\/div>\n\n\t\n\n\t<div id=\"col-48114912\" class=\"col medium-9 small-12 large-7\"  >\n\t\t<div class=\"col-inner\"  >\n\t\t\t\n\t\t\t\n\t<div class=\"img has-hover x md-x lg-x y md-y lg-y\" id=\"image_1563732183\">\n\t\t\t\t\t\t\t\t<div class=\"img-inner dark\" >\n\t\t\t<img loading=\"lazy\" decoding=\"async\" width=\"1000\" height=\"537\" src=\"https:\/\/static.jetbuilt.com\/uploads\/2021\/03\/ProjectTasks.png\" class=\"attachment-large size-large\" alt=\"\" srcset=\"https:\/\/static.jetbuilt.com\/uploads\/2021\/03\/ProjectTasks.png 1000w, https:\/\/static.jetbuilt.com\/uploads\/2021\/03\/ProjectTasks-300x161.png 300w, https:\/\/static.jetbuilt.com\/uploads\/2021\/03\/ProjectTasks-768x412.png 768w\" sizes=\"auto, (max-width: 1000px) 100vw, 1000px\" \/>\t\t\t\t\t\t\n\t\t\t\t\t<\/div>\n\t\t\t\t\t\t\t\t\n<style>\n#image_1563732183 {\n  width: 100%;\n}\n<\/style>\n\t<\/div>\n\t\n\t\t<\/div>\n\t\t\t<\/div>\n\n\t\n<\/div>\n<div class=\"text-center\"><div class=\"is-divider divider clearfix\" style=\"margin-top:1.3em;margin-bottom:1.3em;max-width:70%;height:1px;\"><\/div><\/div>\n<div class=\"row align-center\"  id=\"row-271298376\">\n\n\t<div id=\"col-2083457516\" class=\"col medium-3 small-8 large-2\"  >\n\t\t<div class=\"col-inner\"  >\n\t\t\t\n\t\t\t\n\t<div class=\"img has-hover x md-x lg-x y md-y lg-y\" id=\"image_1770703171\">\n\t\t\t\t\t\t\t\t<div class=\"img-inner dark\" >\n\t\t\t<img loading=\"lazy\" decoding=\"async\" width=\"300\" height=\"551\" src=\"https:\/\/static.jetbuilt.com\/uploads\/2021\/03\/TimeTrackingPhone.png\" class=\"attachment-original size-original\" alt=\"\" srcset=\"https:\/\/static.jetbuilt.com\/uploads\/2021\/03\/TimeTrackingPhone.png 300w, https:\/\/static.jetbuilt.com\/uploads\/2021\/03\/TimeTrackingPhone-163x300.png 163w\" sizes=\"auto, (max-width: 300px) 100vw, 300px\" \/>\t\t\t\t\t\t\n\t\t\t\t\t<\/div>\n\t\t\t\t\t\t\t\t\n<style>\n#image_1770703171 {\n  width: 100%;\n}\n<\/style>\n\t<\/div>\n\t\n\t\t<\/div>\n\t\t\t<\/div>\n\n\t\n\n\t<div id=\"col-1952110105\" class=\"col medium-7 small-12 large-6\"  >\n\t\t<div class=\"col-inner\"  >\n\t\t\t\n\t\t\t\n\t<div id=\"text-3348782063\" class=\"text\">\n\t\t\n<h3 class=\"page-header\">Seguimiento de Tiempo<\/h3>\n<ul>\n<li>\n<p class=\"\">Los instaladores, t\u00e9cnicos y equipos de almac\u00e9n pueden registrar la entrada y salida de su d\u00eda desde su tel\u00e9fono utilizando la aplicaci\u00f3n JetbuiltGo.<\/p>\n<\/li>\n<li>\n<p class=\"\">El tiempo se rastrea por proyecto y por categor\u00eda de mano de obra para un c\u00e1lculo de costos claro y preciso para cada proyecto.<\/p>\n<\/li>\n<li>\n<p class=\"\">La vista del proyecto en vivo proyecta los costos altos y bajos en funci\u00f3n de los valores estimados.<\/p>\n<\/li>\n<li>\n<p class=\"\">Los registros de tiempo est\u00e1n disponibles por proyecto o empresa para facilitar la visualizaci\u00f3n y la generaci\u00f3n de informes.<\/p>\n<\/li>\n<li>\n<p class=\"\">Todos estos datos de tiempo est\u00e1n disponibles como descarga CSV o a trav\u00e9s de nuestra API para la importaci\u00f3n o integraci\u00f3n con cualquier soluci\u00f3n de n\u00f3mina de terceros.<\/p>\n<\/li>\n<\/ul>\n\t\t\n<style>\n#text-3348782063 {\n  text-align: left;\n}\n<\/style>\n\t<\/div>\n\t\n\t\t<\/div>\n\t\t\t<\/div>\n\n\t\n\n\t<div id=\"col-1031478276\" class=\"col medium-9 small-12 large-7\"  >\n\t\t<div class=\"col-inner\"  >\n\t\t\t\n\t\t\t\n\t<div class=\"img has-hover x md-x lg-x y md-y lg-y\" id=\"image_718961393\">\n\t\t\t\t\t\t\t\t<div class=\"img-inner dark\" >\n\t\t\t<img loading=\"lazy\" decoding=\"async\" width=\"1000\" height=\"984\" src=\"https:\/\/static.jetbuilt.com\/uploads\/2021\/03\/Jetbuilt-Time-Tracking.jpg\" class=\"attachment-large size-large\" alt=\"\" srcset=\"https:\/\/static.jetbuilt.com\/uploads\/2021\/03\/Jetbuilt-Time-Tracking.jpg 1000w, https:\/\/static.jetbuilt.com\/uploads\/2021\/03\/Jetbuilt-Time-Tracking-300x295.jpg 300w, https:\/\/static.jetbuilt.com\/uploads\/2021\/03\/Jetbuilt-Time-Tracking-768x756.jpg 768w\" sizes=\"auto, (max-width: 1000px) 100vw, 1000px\" \/>\t\t\t\t\t\t\n\t\t\t\t\t<\/div>\n\t\t\t\t\t\t\t\t\n<style>\n#image_718961393 {\n  width: 100%;\n}\n<\/style>\n\t<\/div>\n\t\n\t\t<\/div>\n\t\t\t<\/div>\n\n\t\n<\/div>\n<div class=\"text-center\"><div class=\"is-divider divider clearfix\" style=\"margin-top:1.3em;margin-bottom:1.3em;max-width:70%;height:1px;\"><\/div><\/div>\n<div class=\"text-center\"><div class=\"is-divider divider clearfix\" style=\"margin-top:1.3em;margin-bottom:1.3em;max-width:70%;height:1px;\"><\/div><\/div>\n<div class=\"row align-center\"  id=\"row-2123566657\">\n\n\t<div id=\"col-1016776262\" class=\"col medium-3 small-8 large-2\"  >\n\t\t<div class=\"col-inner\"  >\n\t\t\t\n\t\t\t\n\t<div class=\"img has-hover x md-x lg-x y md-y lg-y\" id=\"image_1217707882\">\n\t\t\t\t\t\t\t\t<div class=\"img-inner dark\" >\n\t\t\t<img loading=\"lazy\" decoding=\"async\" width=\"300\" height=\"560\" src=\"https:\/\/static.jetbuilt.com\/uploads\/2021\/03\/FileSharingMobile.jpeg\" class=\"attachment-original size-original\" alt=\"\" srcset=\"https:\/\/static.jetbuilt.com\/uploads\/2021\/03\/FileSharingMobile.jpeg 300w, https:\/\/static.jetbuilt.com\/uploads\/2021\/03\/FileSharingMobile-161x300.jpeg 161w\" sizes=\"auto, (max-width: 300px) 100vw, 300px\" \/>\t\t\t\t\t\t\n\t\t\t\t\t<\/div>\n\t\t\t\t\t\t\t\t\n<style>\n#image_1217707882 {\n  width: 100%;\n}\n<\/style>\n\t<\/div>\n\t\n\t\t<\/div>\n\t\t\t<\/div>\n\n\t\n\n\t<div id=\"col-491919728\" class=\"col medium-7 small-12 large-6\"  >\n\t\t<div class=\"col-inner\"  >\n\t\t\t\n\t\t\t\n\t<div id=\"text-2975016740\" class=\"text\">\n\t\t\n<h3 class=\"page-header\">Compartir Im\u00e1genes<\/h3>\n<ul>\n<li>Todas las im\u00e1genes, documentos y contratos dentro de un proyecto se pueden compartir con los t\u00e9cnicos en el campo.<\/li>\n<li>Los t\u00e9cnicos pueden comentar sobre una tarea adjuntando una foto para aclarar o cuestionar desde el sitio.<\/li>\n<li>Si una tarea requiere que se complete con una foto, estas fotos se muestran en la vista del escritorio con su propio filtro.<\/li>\n<\/ul>\n\t\t\n<style>\n#text-2975016740 {\n  text-align: left;\n}\n<\/style>\n\t<\/div>\n\t\n\t\t<\/div>\n\t\t\t<\/div>\n\n\t\n\n\t<div id=\"col-716579335\" class=\"col medium-9 small-12 large-7\"  >\n\t\t<div class=\"col-inner\"  >\n\t\t\t\n\t\t\t\n\t<div class=\"img has-hover x md-x lg-x y md-y lg-y\" id=\"image_1388910606\">\n\t\t\t\t\t\t\t\t<div class=\"img-inner dark\" >\n\t\t\t<img loading=\"lazy\" decoding=\"async\" width=\"1000\" height=\"529\" src=\"https:\/\/static.jetbuilt.com\/uploads\/2021\/03\/FileSharingDesktop.png\" class=\"attachment-large size-large\" alt=\"\" srcset=\"https:\/\/static.jetbuilt.com\/uploads\/2021\/03\/FileSharingDesktop.png 1000w, https:\/\/static.jetbuilt.com\/uploads\/2021\/03\/FileSharingDesktop-300x159.png 300w, https:\/\/static.jetbuilt.com\/uploads\/2021\/03\/FileSharingDesktop-768x406.png 768w\" sizes=\"auto, (max-width: 1000px) 100vw, 1000px\" \/>\t\t\t\t\t\t\n\t\t\t\t\t<\/div>\n\t\t\t\t\t\t\t\t\n<style>\n#image_1388910606 {\n  width: 100%;\n}\n<\/style>\n\t<\/div>\n\t\n\t\t<\/div>\n\t\t\t<\/div>\n\n\t\n<\/div>\n<div class=\"text-center\"><div class=\"is-divider divider clearfix\" style=\"margin-top:1.3em;margin-bottom:1.3em;max-width:70%;height:1px;\"><\/div><\/div>\n<div class=\"row align-center\"  id=\"row-383099310\">\n\n\t<div id=\"col-1010735999\" class=\"col medium-8 small-12 large-8\"  >\n\t\t<div class=\"col-inner\"  >\n\t\t\t\n\t\t\t\n<h3 style=\"text-align: center;\">\u00bfQUIERES DARLE UNA VUELTA A INSTALL?<\/h3>\n<p class=\"\" style=\"text-align: center;\">Install est\u00e1 activa en todos los per\u00edodos de evaluaci\u00f3n de Jetbuilt. \u00bfQuieres probar Jetbuilt ahora? <strong><a href=\"https:\/\/app.jetbuilt.com\/users\/sign_up\">Haga clic aqui<\/a><\/strong><\/p>\n<p class=\"\" style=\"text-align: center;\">\u00bfYa es usuario de Jetbuilt? Solo tienes que contactar a nuestro equipo de soporte mediante el cuadro de chat emoticono de la parte inferior derecha de esta pantalla y pueden activar un periodo de evaluaci\u00f3n en tu cuenta. Tambi\u00e9n pueden programar una demostraci\u00f3n personalizada sobre Zoom si lo desea.<\/p>\n<p class=\"\" style=\"text-align: center;\"><em>Install es un m\u00f3dulo opcional de Jetbuilt destinado a reemplazar una herramienta de precio similar, al tiempo que proporciona un valor m\u00e1s integrado. El embudo tiene un precio de \u20ac28 por usuario por mes o \u20ac280 por usuario anualmente.<\/em><\/p>\n\t\t<\/div>\n\t\t\t<\/div>\n\n\t\n<\/div>\n","protected":false},"excerpt":{"rendered":"","protected":false},"author":6,"featured_media":0,"parent":0,"menu_order":0,"comment_status":"closed","ping_status":"closed","template":"page-blank.php","meta":{"footnotes":""},"class_list":["post-3863","page","type-page","status-publish","hentry"],"yoast_head":"<!-- This site is optimized with the Yoast SEO plugin v26.8 - https:\/\/yoast.com\/product\/yoast-seo-wordpress\/ -->\n<title>Install &#8226; Jetbuilt<\/title>\n<meta name=\"robots\" content=\"index, follow, max-snippet:-1, max-image-preview:large, max-video-preview:-1\" \/>\n<link rel=\"canonical\" href=\"https:\/\/jetbuilt.com\/es\/install\/\" \/>\n<meta property=\"og:locale\" content=\"es_ES\" \/>\n<meta property=\"og:type\" content=\"article\" \/>\n<meta property=\"og:title\" content=\"Install &#8226; Jetbuilt\" \/>\n<meta property=\"og:url\" content=\"https:\/\/jetbuilt.com\/es\/install\/\" \/>\n<meta property=\"og:site_name\" content=\"Jetbuilt\" \/>\n<meta property=\"article:publisher\" content=\"https:\/\/www.facebook.com\/Jetbuilt\/\" \/>\n<meta property=\"article:modified_time\" content=\"2022-03-17T22:31:36+00:00\" \/>\n<meta name=\"twitter:card\" content=\"summary_large_image\" \/>\n<meta name=\"twitter:site\" content=\"@jetbuilt\" \/>\n<meta name=\"twitter:label1\" content=\"Est. reading time\" \/>\n\t<meta name=\"twitter:data1\" content=\"3 minutes\" \/>\n<script type=\"application\/ld+json\" class=\"yoast-schema-graph\">{\"@context\":\"https:\/\/schema.org\",\"@graph\":[{\"@type\":\"WebPage\",\"@id\":\"https:\/\/jetbuilt.com\/es\/install\/\",\"url\":\"https:\/\/jetbuilt.com\/es\/install\/\",\"name\":\"Install &#8226; Jetbuilt\",\"isPartOf\":{\"@id\":\"https:\/\/jetbuilt.com\/uk\/#website\"},\"datePublished\":\"2021-12-14T20:25:43+00:00\",\"dateModified\":\"2022-03-17T22:31:36+00:00\",\"breadcrumb\":{\"@id\":\"https:\/\/jetbuilt.com\/es\/install\/#breadcrumb\"},\"inLanguage\":\"es-ES\",\"potentialAction\":[{\"@type\":\"ReadAction\",\"target\":[\"https:\/\/jetbuilt.com\/es\/install\/\"]}]},{\"@type\":\"BreadcrumbList\",\"@id\":\"https:\/\/jetbuilt.com\/es\/install\/#breadcrumb\",\"itemListElement\":[{\"@type\":\"ListItem\",\"position\":1,\"name\":\"Home\",\"item\":\"https:\/\/jetbuilt.com\/es\/\"},{\"@type\":\"ListItem\",\"position\":2,\"name\":\"Install\"}]},{\"@type\":\"WebSite\",\"@id\":\"https:\/\/jetbuilt.com\/uk\/#website\",\"url\":\"https:\/\/jetbuilt.com\/uk\/\",\"name\":\"Jetbuilt\",\"description\":\"Close More Projects. Faster.\",\"publisher\":{\"@id\":\"https:\/\/jetbuilt.com\/uk\/#organization\"},\"potentialAction\":[{\"@type\":\"SearchAction\",\"target\":{\"@type\":\"EntryPoint\",\"urlTemplate\":\"https:\/\/jetbuilt.com\/uk\/?s={search_term_string}\"},\"query-input\":{\"@type\":\"PropertyValueSpecification\",\"valueRequired\":true,\"valueName\":\"search_term_string\"}}],\"inLanguage\":\"es-ES\"},{\"@type\":\"Organization\",\"@id\":\"https:\/\/jetbuilt.com\/uk\/#organization\",\"name\":\"Jetbuilt\",\"url\":\"https:\/\/jetbuilt.com\/uk\/\",\"logo\":{\"@type\":\"ImageObject\",\"inLanguage\":\"es-ES\",\"@id\":\"https:\/\/jetbuilt.com\/uk\/#\/schema\/logo\/image\/\",\"url\":\"https:\/\/static.jetbuilt.com\/uploads\/2021\/02\/Jetbuilt-Wide-1000.png\",\"contentUrl\":\"https:\/\/static.jetbuilt.com\/uploads\/2021\/02\/Jetbuilt-Wide-1000.png\",\"width\":1000,\"height\":189,\"caption\":\"Jetbuilt\"},\"image\":{\"@id\":\"https:\/\/jetbuilt.com\/uk\/#\/schema\/logo\/image\/\"},\"sameAs\":[\"https:\/\/www.facebook.com\/Jetbuilt\/\",\"https:\/\/x.com\/jetbuilt\",\"https:\/\/www.linkedin.com\/company\/jetbuilt\",\"https:\/\/www.youtube.com\/jetbuilt\"]}]}<\/script>\n<!-- \/ Yoast SEO plugin. -->","yoast_head_json":{"title":"Install &#8226; Jetbuilt","robots":{"index":"index","follow":"follow","max-snippet":"max-snippet:-1","max-image-preview":"max-image-preview:large","max-video-preview":"max-video-preview:-1"},"canonical":"https:\/\/jetbuilt.com\/es\/install\/","og_locale":"es_ES","og_type":"article","og_title":"Install &#8226; Jetbuilt","og_url":"https:\/\/jetbuilt.com\/es\/install\/","og_site_name":"Jetbuilt","article_publisher":"https:\/\/www.facebook.com\/Jetbuilt\/","article_modified_time":"2022-03-17T22:31:36+00:00","twitter_card":"summary_large_image","twitter_site":"@jetbuilt","twitter_misc":{"Est. reading time":"3 minutes"},"schema":{"@context":"https:\/\/schema.org","@graph":[{"@type":"WebPage","@id":"https:\/\/jetbuilt.com\/es\/install\/","url":"https:\/\/jetbuilt.com\/es\/install\/","name":"Install &#8226; Jetbuilt","isPartOf":{"@id":"https:\/\/jetbuilt.com\/uk\/#website"},"datePublished":"2021-12-14T20:25:43+00:00","dateModified":"2022-03-17T22:31:36+00:00","breadcrumb":{"@id":"https:\/\/jetbuilt.com\/es\/install\/#breadcrumb"},"inLanguage":"es-ES","potentialAction":[{"@type":"ReadAction","target":["https:\/\/jetbuilt.com\/es\/install\/"]}]},{"@type":"BreadcrumbList","@id":"https:\/\/jetbuilt.com\/es\/install\/#breadcrumb","itemListElement":[{"@type":"ListItem","position":1,"name":"Home","item":"https:\/\/jetbuilt.com\/es\/"},{"@type":"ListItem","position":2,"name":"Install"}]},{"@type":"WebSite","@id":"https:\/\/jetbuilt.com\/uk\/#website","url":"https:\/\/jetbuilt.com\/uk\/","name":"Jetbuilt","description":"Close More Projects. Faster.","publisher":{"@id":"https:\/\/jetbuilt.com\/uk\/#organization"},"potentialAction":[{"@type":"SearchAction","target":{"@type":"EntryPoint","urlTemplate":"https:\/\/jetbuilt.com\/uk\/?s={search_term_string}"},"query-input":{"@type":"PropertyValueSpecification","valueRequired":true,"valueName":"search_term_string"}}],"inLanguage":"es-ES"},{"@type":"Organization","@id":"https:\/\/jetbuilt.com\/uk\/#organization","name":"Jetbuilt","url":"https:\/\/jetbuilt.com\/uk\/","logo":{"@type":"ImageObject","inLanguage":"es-ES","@id":"https:\/\/jetbuilt.com\/uk\/#\/schema\/logo\/image\/","url":"https:\/\/static.jetbuilt.com\/uploads\/2021\/02\/Jetbuilt-Wide-1000.png","contentUrl":"https:\/\/static.jetbuilt.com\/uploads\/2021\/02\/Jetbuilt-Wide-1000.png","width":1000,"height":189,"caption":"Jetbuilt"},"image":{"@id":"https:\/\/jetbuilt.com\/uk\/#\/schema\/logo\/image\/"},"sameAs":["https:\/\/www.facebook.com\/Jetbuilt\/","https:\/\/x.com\/jetbuilt","https:\/\/www.linkedin.com\/company\/jetbuilt","https:\/\/www.youtube.com\/jetbuilt"]}]}},"_links":{"self":[{"href":"https:\/\/jetbuilt.com\/es\/wp-json\/wp\/v2\/pages\/3863","targetHints":{"allow":["GET"]}}],"collection":[{"href":"https:\/\/jetbuilt.com\/es\/wp-json\/wp\/v2\/pages"}],"about":[{"href":"https:\/\/jetbuilt.com\/es\/wp-json\/wp\/v2\/types\/page"}],"author":[{"embeddable":true,"href":"https:\/\/jetbuilt.com\/es\/wp-json\/wp\/v2\/users\/6"}],"replies":[{"embeddable":true,"href":"https:\/\/jetbuilt.com\/es\/wp-json\/wp\/v2\/comments?post=3863"}],"version-history":[{"count":4,"href":"https:\/\/jetbuilt.com\/es\/wp-json\/wp\/v2\/pages\/3863\/revisions"}],"predecessor-version":[{"id":4551,"href":"https:\/\/jetbuilt.com\/es\/wp-json\/wp\/v2\/pages\/3863\/revisions\/4551"}],"wp:attachment":[{"href":"https:\/\/jetbuilt.com\/es\/wp-json\/wp\/v2\/media?parent=3863"}],"curies":[{"name":"wp","href":"https:\/\/api.w.org\/{rel}","templated":true}]}}