{"id":5929,"date":"2022-08-02T15:48:17","date_gmt":"2022-08-02T23:48:17","guid":{"rendered":"https:\/\/www.jetbuilt.com\/jel\/"},"modified":"2022-08-16T16:28:25","modified_gmt":"2022-08-17T00:28:25","slug":"jel","status":"publish","type":"page","link":"https:\/\/jetbuilt.com\/de\/jel\/","title":{"rendered":"JEL"},"content":{"rendered":"\n  <div class=\"banner has-hover\" id=\"banner-226395486\">\n          <div class=\"banner-inner fill\">\n        <div class=\"banner-bg fill\" >\n            <div class=\"bg fill bg-fill bg-loaded\"><\/div>\n                        <div class=\"overlay\"><\/div>            \n                    <\/div>\n        <div class=\"banner-layers container\">\n            <div class=\"fill banner-link\"><\/div>            \n   <div id=\"text-box-1814387498\" class=\"text-box banner-layer x50 md-x50 lg-x50 y50 md-y50 lg-y50 res-text\">\n                                <div class=\"text dark\">\n              \n              <div class=\"text-inner text-center\">\n                  \n\t<div id=\"text-607158679\" class=\"text header-light\">\n\t\t\n<h3>CAD-Zeichnungen, technische Dienstleistungen vor dem Verkauf, 3D-Rendering, Revit und mehr.<\/h3>\n<h2 class=\"uppercase header-light\">JETBUILT ENGINEERING LAB<\/h2>\n\t\t\t<\/div>\n\t\n              <\/div>\n           <\/div>\n                            \n<style>\n#text-box-1814387498 {\n  width: 100%;\n}\n#text-box-1814387498 .text {\n  font-size: 100%;\n}\n@media (min-width:550px) {\n  #text-box-1814387498 {\n    width: 81%;\n  }\n}\n@media (min-width:850px) {\n  #text-box-1814387498 {\n    width: 60%;\n  }\n}\n<\/style>\n    <\/div>\n \n        <\/div>\n      <\/div>\n\n            \n<style>\n#banner-226395486 {\n  padding-top: 377px;\n}\n#banner-226395486 .bg.bg-loaded {\n  background-image: url(https:\/\/static.jetbuilt.com\/uploads\/2021\/09\/Stock-Header.jpg);\n}\n#banner-226395486 .overlay {\n  background-color: rgba(0, 0, 0, 0.209);\n}\n#banner-226395486 .bg {\n  background-position: 45% 42%;\n}\n@media (min-width:550px) {\n  #banner-226395486 {\n    padding-top: 458px;\n  }\n}\n@media (min-width:850px) {\n  #banner-226395486 {\n    padding-top: 450px;\n  }\n}\n<\/style>\n  <\/div>\n\n\n\t<div id=\"gap-1543900239\" class=\"gap-element clearfix\" style=\"display:block; height:auto;\">\n\t\t\n<style>\n#gap-1543900239 {\n  padding-top: 30px;\n}\n<\/style>\n\t<\/div>\n\t\n\t<div id=\"gap-873801498\" class=\"gap-element clearfix\" style=\"display:block; height:auto;\">\n\t\t\n<style>\n#gap-873801498 {\n  padding-top: 30px;\n}\n<\/style>\n\t<\/div>\n\t\n\t<div id=\"gap-196670536\" class=\"gap-element clearfix\" style=\"display:block; height:auto;\">\n\t\t\n<style>\n#gap-196670536 {\n  padding-top: 30px;\n}\n<\/style>\n\t<\/div>\n\t\n<div class=\"row align-center\"  id=\"row-1680116110\">\n\n\t<div id=\"col-280022464\" class=\"col medium-4 small-12 large-4\"  >\n\t\t<div class=\"col-inner\"  >\n\t\t\t\n\t\t\t\n\t<div class=\"img has-hover x md-x lg-x y md-y lg-y\" id=\"image_252328418\">\n\t\t\t\t\t\t\t\t<div class=\"img-inner dark\" >\n\t\t\t<img loading=\"lazy\" decoding=\"async\" width=\"1020\" height=\"779\" src=\"https:\/\/static.jetbuilt.com\/uploads\/2022\/02\/JEL-Logo-1024x782.jpg\" class=\"attachment-large size-large\" alt=\"\" srcset=\"https:\/\/static.jetbuilt.com\/uploads\/2022\/02\/JEL-Logo-1024x782.jpg 1024w, https:\/\/static.jetbuilt.com\/uploads\/2022\/02\/JEL-Logo-300x229.jpg 300w, https:\/\/static.jetbuilt.com\/uploads\/2022\/02\/JEL-Logo-768x587.jpg 768w, https:\/\/static.jetbuilt.com\/uploads\/2022\/02\/JEL-Logo.jpg 1500w\" sizes=\"auto, (max-width: 1020px) 100vw, 1020px\" \/>\t\t\t\t\t\t\n\t\t\t\t\t<\/div>\n\t\t\t\t\t\t\t\t\n<style>\n#image_252328418 {\n  width: 100%;\n}\n<\/style>\n\t<\/div>\n\t\n\t\t<\/div>\n\t\t\t<\/div>\n\n\t\n\n\t<div id=\"col-325894506\" class=\"col medium-7 small-12 large-5\"  >\n\t\t<div class=\"col-inner\"  >\n\t\t\t\n\t\t\t\n<h2 style=\"text-align: center\">Technische Dienstleistungen \u2013 auf Ihre sich \u00e4ndernden Anforderungen abgestimmt<\/h2>\n<p style=\"text-align: center\">Beauftragen Sie uns je nach Bedarf mit CAD-Zeichnungen, Revit-Zeichnungen oder technischen Dienstleistungen vor dem Verkauf. Alle Leistungen sind in den Jetbuilt-Workflow integriert.<\/p>\n\t\t<\/div>\n\t\t\t<\/div>\n\n\t\n<\/div>\n<div class=\"text-center\"><div class=\"is-divider divider clearfix\" style=\"max-width:70%;height:1px;\"><\/div><\/div>\n<div class=\"row align-center\"  id=\"row-1366359488\">\n\n\t<div id=\"col-1382998902\" class=\"col medium-7 small-12 large-4\"  >\n\t\t<div class=\"col-inner\"  >\n\t\t\t\n\t\t\t\n\t<div id=\"text-1048316573\" class=\"text\">\n\t\t\n<h3 class=\"page-header\">Projekt entwerfen<\/h3>\n<p>Erstellen Sie Ihr Projekt im Builder, so wie Sie es bereits in Jetbuilt tun, und geben Sie die Ger\u00e4te f\u00fcr die jeweiligen Standorte und Systeme ein. Legen Sie den Arbeitsumfang fest. Wenn Sie technische Dienstleistungen vor dem Verkauf ben\u00f6tigen, geben Sie einfach die gew\u00fcnschten Funktionen und den Arbeitsumfang an.<\/p>\n\t\t\n<style>\n#text-1048316573 {\n  text-align: left;\n}\n@media (min-width:550px) {\n  #text-1048316573 {\n    text-align: left;\n  }\n}\n<\/style>\n\t<\/div>\n\t\n\t\t<\/div>\n\t\t\t<\/div>\n\n\t\n\n\t<div id=\"col-1166384131\" class=\"col medium-4 small-12 large-4\"  >\n\t\t<div class=\"col-inner\"  >\n\t\t\t\n\t\t\t\n\t<div class=\"img has-hover x md-x lg-x y md-y lg-y\" id=\"image_120561904\">\n\t\t\t\t\t\t\t\t<div class=\"img-inner dark\" >\n\t\t\t<img loading=\"lazy\" decoding=\"async\" width=\"1000\" height=\"750\" src=\"https:\/\/static.jetbuilt.com\/uploads\/2021\/10\/image-asset-23.jpg\" class=\"attachment-original size-original\" alt=\"\" srcset=\"https:\/\/static.jetbuilt.com\/uploads\/2021\/10\/image-asset-23.jpg 1000w, https:\/\/static.jetbuilt.com\/uploads\/2021\/10\/image-asset-23-300x225.jpg 300w, https:\/\/static.jetbuilt.com\/uploads\/2021\/10\/image-asset-23-768x576.jpg 768w\" sizes=\"auto, (max-width: 1000px) 100vw, 1000px\" \/>\t\t\t\t\t\t\n\t\t\t\t\t<\/div>\n\t\t\t\t\t\t\t\t\n<style>\n#image_120561904 {\n  width: 100%;\n}\n<\/style>\n\t<\/div>\n\t\n\t\t<\/div>\n\t\t\t<\/div>\n\n\t\n<\/div>\n<div class=\"text-center\"><div class=\"is-divider divider clearfix\" style=\"max-width:70%;height:1px;\"><\/div><\/div>\n<div class=\"row align-center\"  id=\"row-1443466346\">\n\n\t<div id=\"col-140419996\" class=\"col medium-4 small-12 large-4\"  >\n\t\t<div class=\"col-inner\"  >\n\t\t\t\n\t\t\t\n\t<div class=\"img has-hover x md-x lg-x y md-y lg-y\" id=\"image_345350153\">\n\t\t\t\t\t\t\t\t<div class=\"img-inner dark\" >\n\t\t\t<img loading=\"lazy\" decoding=\"async\" width=\"1020\" height=\"682\" src=\"https:\/\/static.jetbuilt.com\/uploads\/2022\/03\/Screen-Shot-2022-03-04-at-11.46.05-AM-1024x685.png\" class=\"attachment-large size-large\" alt=\"\" srcset=\"https:\/\/static.jetbuilt.com\/uploads\/2022\/03\/Screen-Shot-2022-03-04-at-11.46.05-AM-1024x685.png 1024w, https:\/\/static.jetbuilt.com\/uploads\/2022\/03\/Screen-Shot-2022-03-04-at-11.46.05-AM-300x201.png 300w, https:\/\/static.jetbuilt.com\/uploads\/2022\/03\/Screen-Shot-2022-03-04-at-11.46.05-AM-768x514.png 768w, https:\/\/static.jetbuilt.com\/uploads\/2022\/03\/Screen-Shot-2022-03-04-at-11.46.05-AM.png 1128w\" sizes=\"auto, (max-width: 1020px) 100vw, 1020px\" \/>\t\t\t\t\t\t\n\t\t\t\t\t<\/div>\n\t\t\t\t\t\t\t\t\n<style>\n#image_345350153 {\n  width: 100%;\n}\n<\/style>\n\t<\/div>\n\t\n\t\t<\/div>\n\t\t\t<\/div>\n\n\t\n\n\t<div id=\"col-2071439684\" class=\"col medium-7 small-12 large-4 small-col-first\"  >\n\t\t<div class=\"col-inner\"  >\n\t\t\t\n\t\t\t\n\t<div id=\"text-288801470\" class=\"text\">\n\t\t\n<h3 class=\"page-header\">Dateien hinzuf\u00fcgen<\/h3>\n<p class=\"p1\"><span class=\"Apple-converted-space\">Laden Sie relevante Dateien wie handgezeichnete Systempl\u00e4ne, Geb\u00e4udezeichnungen, Bilder, Videos und Notizen von Ortsterminen hoch. Alles, was dem Ingenieur hilft, das Projekt und die Anforderungen zu verstehen. <\/span><\/p>\n\t\t\n<style>\n#text-288801470 {\n  text-align: left;\n}\n@media (min-width:550px) {\n  #text-288801470 {\n    text-align: left;\n  }\n}\n<\/style>\n\t<\/div>\n\t\n\t\t<\/div>\n\t\t\t<\/div>\n\n\t\n<\/div>\n<div class=\"text-center\"><div class=\"is-divider divider clearfix\" style=\"max-width:70%;height:1px;\"><\/div><\/div>\n\t<div id=\"gap-1227726540\" class=\"gap-element clearfix\" style=\"display:block; height:auto;\">\n\t\t\n<style>\n#gap-1227726540 {\n  padding-top: 30px;\n}\n<\/style>\n\t<\/div>\n\t\n<div class=\"row align-center\"  id=\"row-96692277\">\n\n\t<div id=\"col-1475370636\" class=\"col medium-7 small-12 large-4\"  >\n\t\t<div class=\"col-inner\"  >\n\t\t\t\n\t\t\t\n\t<div id=\"text-3805252453\" class=\"text\">\n\t\t\n<h3 class=\"page-header\" style=\"text-align: left\">Projekt mit JEL teilen<\/h3>\n<p>Fordern Sie in Ihrem Projekt JEL-Services an. F\u00fcr das Projekt, das Sie mit dem JEL-Team teilen, wird eine neue Version erstellt. Geben Sie an, welche technischen Dienstleistungen Sie ben\u00f6tigen, und f\u00fcgen Sie Anmerkungen hinzu.<br \/>\n\t\t\n<style>\n#text-3805252453 {\n  text-align: left;\n}\n@media (min-width:550px) {\n  #text-3805252453 {\n    text-align: left;\n  }\n}\n<\/style>\n\t<\/div>\n\t\n\t\t<\/div>\n\t\t\t<\/div>\n\n\t\n\n\t<div id=\"col-909988174\" class=\"col medium-3 small-8 large-4\"  >\n\t\t<div class=\"col-inner\"  >\n\t\t\t\n\t\t\t\n\t<div class=\"img has-hover x md-x lg-x y md-y lg-y\" id=\"image_1524130086\">\n\t\t\t\t\t\t\t\t<div class=\"img-inner dark\" >\n\t\t\t<img loading=\"lazy\" decoding=\"async\" width=\"886\" height=\"609\" src=\"https:\/\/static.jetbuilt.com\/uploads\/2022\/03\/Screen-Shot-2022-03-04-at-1.02.11-PM.png\" class=\"attachment-original size-original\" alt=\"\" srcset=\"https:\/\/static.jetbuilt.com\/uploads\/2022\/03\/Screen-Shot-2022-03-04-at-1.02.11-PM.png 886w, https:\/\/static.jetbuilt.com\/uploads\/2022\/03\/Screen-Shot-2022-03-04-at-1.02.11-PM-300x206.png 300w, https:\/\/static.jetbuilt.com\/uploads\/2022\/03\/Screen-Shot-2022-03-04-at-1.02.11-PM-768x528.png 768w\" sizes=\"auto, (max-width: 886px) 100vw, 886px\" \/>\t\t\t\t\t\t\n\t\t\t\t\t<\/div>\n\t\t\t\t\t\t\t\t\n<style>\n#image_1524130086 {\n  width: 100%;\n}\n<\/style>\n\t<\/div>\n\t\n\t\t<\/div>\n\t\t\t<\/div>\n\n\t\n<\/div>\n<div class=\"text-center\"><div class=\"is-divider divider clearfix\" style=\"max-width:70%;height:1px;\"><\/div><\/div>\n\t<div id=\"gap-1838198170\" class=\"gap-element clearfix\" style=\"display:block; height:auto;\">\n\t\t\n<style>\n#gap-1838198170 {\n  padding-top: 30px;\n}\n<\/style>\n\t<\/div>\n\t\n<div class=\"row align-center\"  id=\"row-891260294\">\n\n\t<div id=\"col-402319705\" class=\"col medium-4 small-12 large-4\"  >\n\t\t<div class=\"col-inner\"  >\n\t\t\t\n\t\t\t\n\t<div class=\"img has-hover x md-x lg-x y md-y lg-y\" id=\"image_453943552\">\n\t\t\t\t\t\t\t\t<div class=\"img-inner dark\" >\n\t\t\t<img loading=\"lazy\" decoding=\"async\" width=\"1014\" height=\"614\" src=\"https:\/\/static.jetbuilt.com\/uploads\/2022\/04\/Screen-Shot-2022-04-06-at-2.09.03-PM.png\" class=\"attachment-original size-original\" alt=\"\" srcset=\"https:\/\/static.jetbuilt.com\/uploads\/2022\/04\/Screen-Shot-2022-04-06-at-2.09.03-PM.png 1014w, https:\/\/static.jetbuilt.com\/uploads\/2022\/04\/Screen-Shot-2022-04-06-at-2.09.03-PM-300x182.png 300w, https:\/\/static.jetbuilt.com\/uploads\/2022\/04\/Screen-Shot-2022-04-06-at-2.09.03-PM-768x465.png 768w\" sizes=\"auto, (max-width: 1014px) 100vw, 1014px\" \/>\t\t\t\t\t\t\n\t\t\t\t\t<\/div>\n\t\t\t\t\t\t\t\t\n<style>\n#image_453943552 {\n  width: 100%;\n}\n<\/style>\n\t<\/div>\n\t\n\t\t<\/div>\n\t\t\t<\/div>\n\n\t\n\n\t<div id=\"col-448144858\" class=\"col medium-7 small-12 large-4 small-col-first\"  >\n\t\t<div class=\"col-inner\"  >\n\t\t\t\n\t\t\t\n\t<div id=\"text-3367981301\" class=\"text\">\n\t\t\n<h3 class=\"page-header\" style=\"text-align: left\">Details besprechen<\/h3>\n<p style=\"text-align: left\">Im Rahmen Ihres Projekts k\u00f6nnen Sie Fragen des JEL-Teams beantworten und weitere Informationen zur Verf\u00fcgung stellen. So entsteht ein \u00fcbersichtlicher Thread, der von der Gesch\u00e4ftsf\u00fchrung verfolgt werden kann, und alles wird an einem Ort protokolliert.<\/p>\n\t\t\n<style>\n#text-3367981301 {\n  text-align: left;\n}\n@media (min-width:550px) {\n  #text-3367981301 {\n    text-align: left;\n  }\n}\n<\/style>\n\t<\/div>\n\t\n\t\t<\/div>\n\t\t\t<\/div>\n\n\t\n<\/div>\n<div class=\"text-center\"><div class=\"is-divider divider clearfix\" style=\"margin-top:1.3em;margin-bottom:1.3em;max-width:70%;height:1px;\"><\/div><\/div>\n\t<div id=\"gap-650307493\" class=\"gap-element clearfix\" style=\"display:block; height:auto;\">\n\t\t\n<style>\n#gap-650307493 {\n  padding-top: 30px;\n}\n<\/style>\n\t<\/div>\n\t\n<div class=\"row align-center\"  id=\"row-1325431497\">\n\n\t<div id=\"col-1006266780\" class=\"col medium-4 small-12 large-4\"  >\n\t\t<div class=\"col-inner\"  >\n\t\t\t\n\t\t\t\n\t<div id=\"text-3403936050\" class=\"text\">\n\t\t\n<h3 class=\"page-header\" style=\"text-align: left\">Formatierung festlegen<\/h3>\n<p class=\"p1\">Das JEL-Team setzt sich mit Ihnen in Verbindung, um die gew\u00fcnschte Formatierung Ihrer Dokumentation zu besprechen, einschlie\u00dflich Farben, Schriftart, Zeichnungskopf und vieles mehr. Ihre Pr\u00e4ferenzen werden f\u00fcr zuk\u00fcnftige Projekte gespeichert.<\/p>\n<p class=\"p1\">Wie bei den von Ihnen selbst angefertigten Zeichnungen entscheiden Sie, welche Ebenen Sie auf den Zeichnungen haben m\u00f6chten und ob Sie getrennte Bl\u00e4tter f\u00fcr verschiedene Untersysteme (Audio\/Video\/Steuerung\/Netzwerk usw.) bevorzugen. Diese Spezifikationen werden f\u00fcr jedes Paket nach Ihren W\u00fcnschen festgelegt.<\/p>\n\t\t\n<style>\n#text-3403936050 {\n  text-align: left;\n}\n@media (min-width:550px) {\n  #text-3403936050 {\n    text-align: left;\n  }\n}\n<\/style>\n\t<\/div>\n\t\n\t\t<\/div>\n\t\t\t<\/div>\n\n\t\n\n\t<div id=\"col-34165691\" class=\"col medium-7 small-12 large-4\"  >\n\t\t<div class=\"col-inner\"  >\n\t\t\t\n\t\t\t\n\t<div class=\"img has-hover x md-x lg-x y md-y lg-y\" id=\"image_793206236\">\n\t\t\t\t\t\t\t\t<div class=\"img-inner dark\" >\n\t\t\t<img loading=\"lazy\" decoding=\"async\" width=\"750\" height=\"600\" src=\"https:\/\/static.jetbuilt.com\/uploads\/2022\/03\/CAD-2.jpg\" class=\"attachment-original size-original\" alt=\"\" srcset=\"https:\/\/static.jetbuilt.com\/uploads\/2022\/03\/CAD-2.jpg 750w, https:\/\/static.jetbuilt.com\/uploads\/2022\/03\/CAD-2-300x240.jpg 300w\" sizes=\"auto, (max-width: 750px) 100vw, 750px\" \/>\t\t\t\t\t\t\n\t\t\t\t\t<\/div>\n\t\t\t\t\t\t\t\t\n<style>\n#image_793206236 {\n  width: 100%;\n}\n<\/style>\n\t<\/div>\n\t\n\t\t<\/div>\n\t\t\t<\/div>\n\n\t\n<\/div>\n<div class=\"text-center\"><div class=\"is-divider divider clearfix\" style=\"max-width:70%;height:1px;\"><\/div><\/div>\n<div class=\"row align-center\"  id=\"row-1059693937\">\n\n\t<div id=\"col-796847494\" class=\"col medium-7 small-12 large-7\"  >\n\t\t<div class=\"col-inner\"  >\n\t\t\t\n\t\t\t\n<h2 style=\"text-align: center\">Kosteneffektive Preisgestaltung<\/h2>\n\t<div class=\"img has-hover x md-x lg-x y md-y lg-y\" id=\"image_1245640968\">\n\t\t\t\t\t\t\t\t<div class=\"img-inner dark\" >\n\t\t\t<img loading=\"lazy\" decoding=\"async\" width=\"1020\" height=\"461\" src=\"https:\/\/static.jetbuilt.com\/uploads\/2022\/03\/JEL-Pricing-1024x463.png\" class=\"attachment-large size-large\" alt=\"\" srcset=\"https:\/\/static.jetbuilt.com\/uploads\/2022\/03\/JEL-Pricing-1024x463.png 1024w, https:\/\/static.jetbuilt.com\/uploads\/2022\/03\/JEL-Pricing-300x136.png 300w, https:\/\/static.jetbuilt.com\/uploads\/2022\/03\/JEL-Pricing-768x347.png 768w, https:\/\/static.jetbuilt.com\/uploads\/2022\/03\/JEL-Pricing-1536x695.png 1536w, https:\/\/static.jetbuilt.com\/uploads\/2022\/03\/JEL-Pricing-2048x926.png 2048w\" sizes=\"auto, (max-width: 1020px) 100vw, 1020px\" \/>\t\t\t\t\t\t\n\t\t\t\t\t<\/div>\n\t\t\t\t\t\t\t\t\n<style>\n#image_1245640968 {\n  width: 100%;\n}\n<\/style>\n\t<\/div>\n\t\n<p style=\"text-align: center\"><em>Alle Preise sind in \u20ac Euro angegeben.<\/em><\/p>\n\t\t<\/div>\n\t\t\t<\/div>\n\n\t\n<\/div>\n<div class=\"text-center\"><div class=\"is-divider divider clearfix\" style=\"margin-top:1.3em;margin-bottom:1.3em;max-width:70%;height:1px;\"><\/div><\/div>\n<div class=\"row align-center\"  id=\"row-1258118422\">\n\n\t<div id=\"col-208997651\" class=\"col medium-7 small-12 large-7\"  >\n\t\t<div class=\"col-inner\"  >\n\t\t\t\n\t\t\t\n<h3 style=\"text-align: center\">M\u00d6CHTEN SIE JEL AUSPROBIEREN?<\/h3>\n<p style=\"text-align: center\">Teilen Sie uns mit, dass Sie an JEL interessiert sind. Wir besprechen gern die Details mit Ihnen, beantworten Ihre Fragen und leiten die ersten Schritte ein.<\/p>\n<p style=\"text-align: center\"><strong>Kontaktieren Sie Tom Peters telefonisch unter +1 949 284 2868 oder klicken Sie auf die Schaltfl\u00e4che, um eine E-Mail zu senden.<\/strong><\/p>\n\t\t<\/div>\n\t\t\t<\/div>\n\n\t\n<\/div>\n<div class=\"row\"  id=\"row-489696623\">\n\n\t<div id=\"col-154579419\" class=\"col medium-3 small-12 large-3\"  >\n\t\t<div class=\"col-inner\"  >\n\t\t\t\n\t\t\t\n\t<div id=\"gap-36053039\" class=\"gap-element clearfix\" style=\"display:block; height:auto;\">\n\t\t\n<style>\n#gap-36053039 {\n  padding-top: 30px;\n}\n<\/style>\n\t<\/div>\n\t\n\t\t<\/div>\n\t\t\t<\/div>\n\n\t\n\n\t<div id=\"col-782046118\" class=\"col medium-6 small-12 large-6\"  >\n\t\t<div class=\"col-inner text-center\"  >\n\t\t\t\n\t\t\t\n<a href=\"mailto:jel@jetbuilt.com\" target=\"_self\" class=\"button primary is-gloss is-xlarge lowercase\"  style=\"border-radius:12px;\">\n    <span>Weitere Informationen \u00fcber JEL<\/span>\n  <\/a>\n\n\t\t<\/div>\n\t\t\t<\/div>\n\n\t\n<\/div>\n\t<div id=\"gap-712340257\" class=\"gap-element clearfix\" style=\"display:block; height:auto;\">\n\t\t\n<style>\n#gap-712340257 {\n  padding-top: 30px;\n}\n<\/style>\n\t<\/div>\n\t\n","protected":false},"excerpt":{"rendered":"","protected":false},"author":6,"featured_media":0,"parent":0,"menu_order":0,"comment_status":"closed","ping_status":"closed","template":"page-blank.php","meta":{"footnotes":""},"class_list":["post-5929","page","type-page","status-publish","hentry"],"yoast_head":"<!-- This site is optimized with the Yoast SEO plugin v26.8 - https:\/\/yoast.com\/product\/yoast-seo-wordpress\/ -->\n<title>JEL &#8226; Jetbuilt<\/title>\n<meta name=\"description\" content=\"&quot;Jetbuilt Engineering Lab&quot; enables you to commission CAD drawings, Revit drawings, and even presale engineering as needed, all within the integrated workflow of Jetbuilt.\" \/>\n<meta name=\"robots\" content=\"index, follow, max-snippet:-1, max-image-preview:large, max-video-preview:-1\" \/>\n<link rel=\"canonical\" href=\"https:\/\/jetbuilt.com\/de\/jel\/\" \/>\n<meta property=\"og:locale\" content=\"de_DE\" \/>\n<meta property=\"og:type\" content=\"article\" \/>\n<meta property=\"og:title\" content=\"JEL &#8226; Jetbuilt\" \/>\n<meta property=\"og:description\" content=\"&quot;Jetbuilt Engineering Lab&quot; enables you to commission CAD drawings, Revit drawings, and even presale engineering as needed, all within the integrated workflow of Jetbuilt.\" \/>\n<meta property=\"og:url\" content=\"https:\/\/jetbuilt.com\/de\/jel\/\" \/>\n<meta property=\"og:site_name\" content=\"Jetbuilt\" \/>\n<meta property=\"article:publisher\" content=\"https:\/\/www.facebook.com\/Jetbuilt\/\" \/>\n<meta property=\"article:modified_time\" content=\"2022-08-17T00:28:25+00:00\" \/>\n<meta name=\"twitter:card\" content=\"summary_large_image\" \/>\n<meta name=\"twitter:site\" content=\"@jetbuilt\" \/>\n<meta name=\"twitter:label1\" content=\"Est. reading time\" \/>\n\t<meta name=\"twitter:data1\" content=\"4 minutes\" \/>\n<script type=\"application\/ld+json\" class=\"yoast-schema-graph\">{\"@context\":\"https:\/\/schema.org\",\"@graph\":[{\"@type\":\"WebPage\",\"@id\":\"https:\/\/jetbuilt.com\/de\/jel\/\",\"url\":\"https:\/\/jetbuilt.com\/de\/jel\/\",\"name\":\"JEL &#8226; Jetbuilt\",\"isPartOf\":{\"@id\":\"https:\/\/jetbuilt.com\/uk\/#website\"},\"datePublished\":\"2022-08-02T23:48:17+00:00\",\"dateModified\":\"2022-08-17T00:28:25+00:00\",\"description\":\"\\\"Jetbuilt Engineering Lab\\\" enables you to commission CAD drawings, Revit drawings, and even presale engineering as needed, all within the integrated workflow of Jetbuilt.\",\"breadcrumb\":{\"@id\":\"https:\/\/jetbuilt.com\/de\/jel\/#breadcrumb\"},\"inLanguage\":\"de-DE\",\"potentialAction\":[{\"@type\":\"ReadAction\",\"target\":[\"https:\/\/jetbuilt.com\/de\/jel\/\"]}]},{\"@type\":\"BreadcrumbList\",\"@id\":\"https:\/\/jetbuilt.com\/de\/jel\/#breadcrumb\",\"itemListElement\":[{\"@type\":\"ListItem\",\"position\":1,\"name\":\"Home\",\"item\":\"https:\/\/jetbuilt.com\/\"},{\"@type\":\"ListItem\",\"position\":2,\"name\":\"JEL\"}]},{\"@type\":\"WebSite\",\"@id\":\"https:\/\/jetbuilt.com\/uk\/#website\",\"url\":\"https:\/\/jetbuilt.com\/uk\/\",\"name\":\"Jetbuilt\",\"description\":\"Close More Projects. Faster.\",\"publisher\":{\"@id\":\"https:\/\/jetbuilt.com\/uk\/#organization\"},\"potentialAction\":[{\"@type\":\"SearchAction\",\"target\":{\"@type\":\"EntryPoint\",\"urlTemplate\":\"https:\/\/jetbuilt.com\/uk\/?s={search_term_string}\"},\"query-input\":{\"@type\":\"PropertyValueSpecification\",\"valueRequired\":true,\"valueName\":\"search_term_string\"}}],\"inLanguage\":\"de-DE\"},{\"@type\":\"Organization\",\"@id\":\"https:\/\/jetbuilt.com\/uk\/#organization\",\"name\":\"Jetbuilt\",\"url\":\"https:\/\/jetbuilt.com\/uk\/\",\"logo\":{\"@type\":\"ImageObject\",\"inLanguage\":\"de-DE\",\"@id\":\"https:\/\/jetbuilt.com\/uk\/#\/schema\/logo\/image\/\",\"url\":\"https:\/\/static.jetbuilt.com\/uploads\/2021\/02\/Jetbuilt-Wide-1000.png\",\"contentUrl\":\"https:\/\/static.jetbuilt.com\/uploads\/2021\/02\/Jetbuilt-Wide-1000.png\",\"width\":1000,\"height\":189,\"caption\":\"Jetbuilt\"},\"image\":{\"@id\":\"https:\/\/jetbuilt.com\/uk\/#\/schema\/logo\/image\/\"},\"sameAs\":[\"https:\/\/www.facebook.com\/Jetbuilt\/\",\"https:\/\/x.com\/jetbuilt\",\"https:\/\/www.linkedin.com\/company\/jetbuilt\",\"https:\/\/www.youtube.com\/jetbuilt\"]}]}<\/script>\n<!-- \/ Yoast SEO plugin. -->","yoast_head_json":{"title":"JEL &#8226; Jetbuilt","description":"\"Jetbuilt Engineering Lab\" enables you to commission CAD drawings, Revit drawings, and even presale engineering as needed, all within the integrated workflow of Jetbuilt.","robots":{"index":"index","follow":"follow","max-snippet":"max-snippet:-1","max-image-preview":"max-image-preview:large","max-video-preview":"max-video-preview:-1"},"canonical":"https:\/\/jetbuilt.com\/de\/jel\/","og_locale":"de_DE","og_type":"article","og_title":"JEL &#8226; Jetbuilt","og_description":"\"Jetbuilt Engineering Lab\" enables you to commission CAD drawings, Revit drawings, and even presale engineering as needed, all within the integrated workflow of Jetbuilt.","og_url":"https:\/\/jetbuilt.com\/de\/jel\/","og_site_name":"Jetbuilt","article_publisher":"https:\/\/www.facebook.com\/Jetbuilt\/","article_modified_time":"2022-08-17T00:28:25+00:00","twitter_card":"summary_large_image","twitter_site":"@jetbuilt","twitter_misc":{"Est. reading time":"4 minutes"},"schema":{"@context":"https:\/\/schema.org","@graph":[{"@type":"WebPage","@id":"https:\/\/jetbuilt.com\/de\/jel\/","url":"https:\/\/jetbuilt.com\/de\/jel\/","name":"JEL &#8226; Jetbuilt","isPartOf":{"@id":"https:\/\/jetbuilt.com\/uk\/#website"},"datePublished":"2022-08-02T23:48:17+00:00","dateModified":"2022-08-17T00:28:25+00:00","description":"\"Jetbuilt Engineering Lab\" enables you to commission CAD drawings, Revit drawings, and even presale engineering as needed, all within the integrated workflow of Jetbuilt.","breadcrumb":{"@id":"https:\/\/jetbuilt.com\/de\/jel\/#breadcrumb"},"inLanguage":"de-DE","potentialAction":[{"@type":"ReadAction","target":["https:\/\/jetbuilt.com\/de\/jel\/"]}]},{"@type":"BreadcrumbList","@id":"https:\/\/jetbuilt.com\/de\/jel\/#breadcrumb","itemListElement":[{"@type":"ListItem","position":1,"name":"Home","item":"https:\/\/jetbuilt.com\/"},{"@type":"ListItem","position":2,"name":"JEL"}]},{"@type":"WebSite","@id":"https:\/\/jetbuilt.com\/uk\/#website","url":"https:\/\/jetbuilt.com\/uk\/","name":"Jetbuilt","description":"Close More Projects. Faster.","publisher":{"@id":"https:\/\/jetbuilt.com\/uk\/#organization"},"potentialAction":[{"@type":"SearchAction","target":{"@type":"EntryPoint","urlTemplate":"https:\/\/jetbuilt.com\/uk\/?s={search_term_string}"},"query-input":{"@type":"PropertyValueSpecification","valueRequired":true,"valueName":"search_term_string"}}],"inLanguage":"de-DE"},{"@type":"Organization","@id":"https:\/\/jetbuilt.com\/uk\/#organization","name":"Jetbuilt","url":"https:\/\/jetbuilt.com\/uk\/","logo":{"@type":"ImageObject","inLanguage":"de-DE","@id":"https:\/\/jetbuilt.com\/uk\/#\/schema\/logo\/image\/","url":"https:\/\/static.jetbuilt.com\/uploads\/2021\/02\/Jetbuilt-Wide-1000.png","contentUrl":"https:\/\/static.jetbuilt.com\/uploads\/2021\/02\/Jetbuilt-Wide-1000.png","width":1000,"height":189,"caption":"Jetbuilt"},"image":{"@id":"https:\/\/jetbuilt.com\/uk\/#\/schema\/logo\/image\/"},"sameAs":["https:\/\/www.facebook.com\/Jetbuilt\/","https:\/\/x.com\/jetbuilt","https:\/\/www.linkedin.com\/company\/jetbuilt","https:\/\/www.youtube.com\/jetbuilt"]}]}},"_links":{"self":[{"href":"https:\/\/jetbuilt.com\/de\/wp-json\/wp\/v2\/pages\/5929","targetHints":{"allow":["GET"]}}],"collection":[{"href":"https:\/\/jetbuilt.com\/de\/wp-json\/wp\/v2\/pages"}],"about":[{"href":"https:\/\/jetbuilt.com\/de\/wp-json\/wp\/v2\/types\/page"}],"author":[{"embeddable":true,"href":"https:\/\/jetbuilt.com\/de\/wp-json\/wp\/v2\/users\/6"}],"replies":[{"embeddable":true,"href":"https:\/\/jetbuilt.com\/de\/wp-json\/wp\/v2\/comments?post=5929"}],"version-history":[{"count":6,"href":"https:\/\/jetbuilt.com\/de\/wp-json\/wp\/v2\/pages\/5929\/revisions"}],"predecessor-version":[{"id":6006,"href":"https:\/\/jetbuilt.com\/de\/wp-json\/wp\/v2\/pages\/5929\/revisions\/6006"}],"wp:attachment":[{"href":"https:\/\/jetbuilt.com\/de\/wp-json\/wp\/v2\/media?parent=5929"}],"curies":[{"name":"wp","href":"https:\/\/api.w.org\/{rel}","templated":true}]}}