{"id":5857,"date":"2022-08-01T10:11:36","date_gmt":"2022-08-01T18:11:36","guid":{"rendered":"https:\/\/www.jetbuilt.com\/service\/"},"modified":"2022-08-02T07:58:41","modified_gmt":"2022-08-02T15:58:41","slug":"service","status":"publish","type":"page","link":"https:\/\/jetbuilt.com\/de\/service\/","title":{"rendered":"Service"},"content":{"rendered":"\n  <div class=\"banner has-hover\" id=\"banner-1866047453\">\n          <div class=\"banner-inner fill\">\n        <div class=\"banner-bg fill\" >\n            <div class=\"bg fill bg-fill bg-loaded\"><\/div>\n                        <div class=\"overlay\"><\/div>            \n                    <\/div>\n        <div class=\"banner-layers container\">\n            <div class=\"fill banner-link\"><\/div>            \n   <div id=\"text-box-1275008229\" class=\"text-box banner-layer x50 md-x50 lg-x50 y50 md-y50 lg-y50 res-text\">\n                                <div class=\"text dark\">\n              \n              <div class=\"text-inner text-center\">\n                  \n\t<div id=\"text-2049550996\" class=\"text header-light\">\n\t\t\n<h3>Die intelligente Servicel\u00f6sung<\/h3>\n<h2><\/h2>\n<h2 class=\"uppercase header-light\">SERVICE<\/h2>\n\t\t\t<\/div>\n\t\n              <\/div>\n           <\/div>\n                            \n<style>\n#text-box-1275008229 {\n  width: 100%;\n}\n#text-box-1275008229 .text {\n  font-size: 100%;\n}\n@media (min-width:550px) {\n  #text-box-1275008229 {\n    width: 81%;\n  }\n}\n@media (min-width:850px) {\n  #text-box-1275008229 {\n    width: 60%;\n  }\n}\n<\/style>\n    <\/div>\n \n        <\/div>\n      <\/div>\n\n            \n<style>\n#banner-1866047453 {\n  padding-top: 377px;\n}\n#banner-1866047453 .bg.bg-loaded {\n  background-image: url(https:\/\/static.jetbuilt.com\/uploads\/2022\/06\/Service-Background-2-scaled.jpeg);\n}\n#banner-1866047453 .overlay {\n  background-color: rgba(0, 0, 0, 0.209);\n}\n#banner-1866047453 .bg {\n  background-position: 45% 52%;\n}\n@media (min-width:550px) {\n  #banner-1866047453 {\n    padding-top: 458px;\n  }\n}\n@media (min-width:850px) {\n  #banner-1866047453 {\n    padding-top: 450px;\n  }\n}\n<\/style>\n  <\/div>\n\n\n\t<div id=\"gap-410180095\" class=\"gap-element clearfix\" style=\"display:block; height:auto;\">\n\t\t\n<style>\n#gap-410180095 {\n  padding-top: 30px;\n}\n<\/style>\n\t<\/div>\n\t\n<div class=\"row align-center\"  id=\"row-14020227\">\n\n\t<div id=\"col-527564518\" class=\"col medium-4 small-12 large-7\"  >\n\t\t<div class=\"col-inner\"  >\n\t\t\t\n\t\t\t\n<div class=\"video video-fit mb\" style=\"padding-top:56.25%;\"><p><iframe loading=\"lazy\" title=\"Service Promo\" src=\"https:\/\/player.vimeo.com\/video\/723439715?h=5954dc5de8&amp;dnt=1&amp;app_id=122963\" width=\"1020\" height=\"574\" frameborder=\"0\" allow=\"autoplay; fullscreen; picture-in-picture\" allowfullscreen><\/iframe><\/p>\n<\/div>\n\t\t<\/div>\n\t\t\t<\/div>\n\n\t\n<\/div>\n\t<div id=\"gap-365610699\" class=\"gap-element clearfix\" style=\"display:block; height:auto;\">\n\t\t\n<style>\n#gap-365610699 {\n  padding-top: 30px;\n}\n<\/style>\n\t<\/div>\n\t\n<div class=\"row align-center\"  id=\"row-1073170197\">\n\n\t<div id=\"col-303511077\" class=\"col medium-7 small-12 large-9\"  >\n\t\t<div class=\"col-inner\"  >\n\t\t\t\n\t\t\t\n\t<div id=\"text-449162975\" class=\"text\">\n\t\t\n<h3 style=\"text-align: center;\">Nutzen Sie die volle Leistungsf\u00e4higkeit Ihrer Jetbuilt-Umgebung<\/h3>\n\t\t\n<style>\n#text-449162975 {\n  text-align: left;\n}\n<\/style>\n\t<\/div>\n\t\n\t\t<\/div>\n\t\t\t<\/div>\n\n\t\n<\/div>\n<div class=\"text-center\"><div class=\"is-divider divider clearfix\" style=\"max-width:70%;height:1px;\"><\/div><\/div>\n\t<div id=\"gap-1631538661\" class=\"gap-element clearfix\" style=\"display:block; height:auto;\">\n\t\t\n<style>\n#gap-1631538661 {\n  padding-top: 30px;\n}\n<\/style>\n\t<\/div>\n\t\n<div class=\"row align-center\"  id=\"row-625204419\">\n\n\t<div id=\"col-1950877918\" class=\"col medium-4 small-8 large-3\"  >\n\t\t<div class=\"col-inner\"  >\n\t\t\t\n\t\t\t\n\t<div class=\"img has-hover x md-x lg-x y md-y lg-y\" id=\"image_114753637\">\n\t\t\t\t\t\t\t\t<div class=\"img-inner dark\" >\n\t\t\t<img loading=\"lazy\" decoding=\"async\" width=\"1068\" height=\"1536\" src=\"https:\/\/static.jetbuilt.com\/uploads\/2022\/07\/Screen-Shot-2022-07-05-at-4.14.33-PM.png\" class=\"attachment-original size-original\" alt=\"Client Scanning QR Code on Item\" srcset=\"https:\/\/static.jetbuilt.com\/uploads\/2022\/07\/Screen-Shot-2022-07-05-at-4.14.33-PM.png 1068w, https:\/\/static.jetbuilt.com\/uploads\/2022\/07\/Screen-Shot-2022-07-05-at-4.14.33-PM-209x300.png 209w, https:\/\/static.jetbuilt.com\/uploads\/2022\/07\/Screen-Shot-2022-07-05-at-4.14.33-PM-712x1024.png 712w, https:\/\/static.jetbuilt.com\/uploads\/2022\/07\/Screen-Shot-2022-07-05-at-4.14.33-PM-768x1105.png 768w\" sizes=\"auto, (max-width: 1068px) 100vw, 1068px\" \/>\t\t\t\t\t\t\n\t\t\t\t\t<\/div>\n\t\t\t\t\t\t\t\t\n<style>\n#image_114753637 {\n  width: 100%;\n}\n<\/style>\n\t<\/div>\n\t\n\t\t<\/div>\n\t\t\t<\/div>\n\n\t\n\n\t<div id=\"col-1046123496\" class=\"col medium-6 small-12 large-5 small-col-first\"  >\n\t\t<div class=\"col-inner\"  >\n\t\t\t\n\t\t\t\n<h3 class=\"page-header\">Endnutzer erstellen Serviceanfragen aus dem praktischen Einsatz heraus<\/h3>\n<p>Dank Integration in unser bestehendes Asset Tracking kann der Endnutzer einen QR-Code auf der R\u00fcckseite eines defekten Artikels scannen und so einen Servicefall mit einer Markierung erstellen, damit der Kunde kontaktiert werden kann, um Einzelheiten zu besprechen oder einen Serviceeinsatz zu planen. <\/p>\n<p>Alternativ kann Ihr B\u00fcro auch einen Supportfall anlegen, wenn Supportanfragen per Telefon oder E-Mail eingehen, unabh\u00e4ngig davon, ob Sie das Projekt urspr\u00fcnglich installiert haben oder nicht.<\/p>\n\t<div id=\"text-1484840025\" class=\"text\">\n\t\t\n\t\t\n<style>\n#text-1484840025 {\n  text-align: left;\n}\n@media (min-width:550px) {\n  #text-1484840025 {\n    text-align: left;\n  }\n}\n<\/style>\n\t<\/div>\n\t\n\t\t<\/div>\n\t\t\t<\/div>\n\n\t\n<\/div>\n<div class=\"text-center\"><div class=\"is-divider divider clearfix\" style=\"margin-top:1.3em;margin-bottom:1.3em;max-width:70%;height:1px;\"><\/div><\/div>\n\t<div id=\"gap-1677157374\" class=\"gap-element clearfix\" style=\"display:block; height:auto;\">\n\t\t\n<style>\n#gap-1677157374 {\n  padding-top: 30px;\n}\n<\/style>\n\t<\/div>\n\t\n<div class=\"row align-center\"  id=\"row-1040311271\">\n\n\t<div id=\"col-809875316\" class=\"col medium-7 small-12 large-7\"  >\n\t\t<div class=\"col-inner\"  >\n\t\t\t\n\t\t\t\n\t<div id=\"text-566075020\" class=\"text\">\n\t\t\n<h3 class=\"page-header\">Service Dashboard<\/h3>\n<p>Verschaffen Sie sich einen klaren und einfachen \u00dcberblick \u00fcber all Ihre Servicef\u00e4lle. Sehen Sie auf einen Blick, wer auf einen Techniker wartet, welche F\u00e4lle kritisch sind, was \u00fcberf\u00e4llig ist und vieles mehr.<\/p>\n\t\t\n<style>\n#text-566075020 {\n  text-align: left;\n}\n@media (min-width:550px) {\n  #text-566075020 {\n    text-align: center;\n  }\n}\n<\/style>\n\t<\/div>\n\t\n\t<div id=\"gap-61047843\" class=\"gap-element clearfix\" style=\"display:block; height:auto;\">\n\t\t\n<style>\n#gap-61047843 {\n  padding-top: 30px;\n}\n<\/style>\n\t<\/div>\n\t\n\t<div class=\"img has-hover x md-x lg-x y md-y lg-y\" id=\"image_935972048\">\n\t\t\t\t\t\t\t\t<div class=\"img-inner dark\" >\n\t\t\t<img loading=\"lazy\" decoding=\"async\" width=\"1020\" height=\"396\" src=\"https:\/\/static.jetbuilt.com\/uploads\/2022\/07\/Service-Case-List-1024x398.png\" class=\"attachment-large size-large\" alt=\"Service Case Dashboard\" srcset=\"https:\/\/static.jetbuilt.com\/uploads\/2022\/07\/Service-Case-List-1024x398.png 1024w, https:\/\/static.jetbuilt.com\/uploads\/2022\/07\/Service-Case-List-300x116.png 300w, https:\/\/static.jetbuilt.com\/uploads\/2022\/07\/Service-Case-List-768x298.png 768w, https:\/\/static.jetbuilt.com\/uploads\/2022\/07\/Service-Case-List-1536x596.png 1536w, https:\/\/static.jetbuilt.com\/uploads\/2022\/07\/Service-Case-List-2048x795.png 2048w\" sizes=\"auto, (max-width: 1020px) 100vw, 1020px\" \/>\t\t\t\t\t\t\n\t\t\t\t\t<\/div>\n\t\t\t\t\t\t\t\t\n<style>\n#image_935972048 {\n  width: 100%;\n}\n<\/style>\n\t<\/div>\n\t\n\t\t<\/div>\n\t\t\t<\/div>\n\n\t\n<\/div>\n<div class=\"text-center\"><div class=\"is-divider divider clearfix\" style=\"margin-top:1.3em;margin-bottom:1.3em;max-width:70%;height:1px;\"><\/div><\/div>\n\t<div id=\"gap-724451474\" class=\"gap-element clearfix\" style=\"display:block; height:auto;\">\n\t\t\n<style>\n#gap-724451474 {\n  padding-top: 30px;\n}\n<\/style>\n\t<\/div>\n\t\n<div class=\"row align-center\"  id=\"row-88790422\">\n\n\t<div id=\"col-1211402247\" class=\"col medium-7 small-12 large-7\"  >\n\t\t<div class=\"col-inner\"  >\n\t\t\t\n\t\t\t\n\t<div id=\"text-1854583227\" class=\"text\">\n\t\t\n<h3 class=\"page-header\">Detailansicht Servicef\u00e4lle<\/h3>\n<p>In der Detailansicht der Servicef\u00e4lle erhalten Sie ein \u00fcbersichtliches und genaues Bild des Servicefalls. Die Zeitleiste zeigt den gesamten Verlauf des Falles von der Erstellung \u00fcber Notizen und Diskussionen bis zum Abschluss des Falles. Von hier aus k\u00f6nnen Sie sehen, ob das Projekt unter einen Servicevertrag oder eine anf\u00e4ngliche Garantiezeit f\u00e4llt. Sie haben die M\u00f6glichkeit, Techniker zuzuweisen, Ausgaben zu verfolgen und vieles mehr.<\/p>\n\t\t\n<style>\n#text-1854583227 {\n  text-align: center;\n}\n<\/style>\n\t<\/div>\n\t\n\t<div id=\"gap-1716805872\" class=\"gap-element clearfix\" style=\"display:block; height:auto;\">\n\t\t\n<style>\n#gap-1716805872 {\n  padding-top: 30px;\n}\n<\/style>\n\t<\/div>\n\t\n\t<div class=\"img has-hover x md-x lg-x y md-y lg-y\" id=\"image_1799936288\">\n\t\t\t\t\t\t\t\t<div class=\"img-inner dark\" >\n\t\t\t<img loading=\"lazy\" decoding=\"async\" width=\"1020\" height=\"590\" src=\"https:\/\/static.jetbuilt.com\/uploads\/2022\/06\/Service-Timeline-1-1024x592.jpg\" class=\"attachment-large size-large\" alt=\"Service Case Detail\" srcset=\"https:\/\/static.jetbuilt.com\/uploads\/2022\/06\/Service-Timeline-1-1024x592.jpg 1024w, https:\/\/static.jetbuilt.com\/uploads\/2022\/06\/Service-Timeline-1-300x173.jpg 300w, https:\/\/static.jetbuilt.com\/uploads\/2022\/06\/Service-Timeline-1-768x444.jpg 768w, https:\/\/static.jetbuilt.com\/uploads\/2022\/06\/Service-Timeline-1-1536x888.jpg 1536w, https:\/\/static.jetbuilt.com\/uploads\/2022\/06\/Service-Timeline-1-2048x1184.jpg 2048w\" sizes=\"auto, (max-width: 1020px) 100vw, 1020px\" \/>\t\t\t\t\t\t\n\t\t\t\t\t<\/div>\n\t\t\t\t\t\t\t\t\n<style>\n#image_1799936288 {\n  width: 100%;\n}\n<\/style>\n\t<\/div>\n\t\n\t\t<\/div>\n\t\t\t<\/div>\n\n\t\n<\/div>\n<div class=\"text-center\"><div class=\"is-divider divider clearfix\" style=\"max-width:70%;height:1px;\"><\/div><\/div>\n\t<div id=\"gap-489677179\" class=\"gap-element clearfix\" style=\"display:block; height:auto;\">\n\t\t\n<style>\n#gap-489677179 {\n  padding-top: 30px;\n}\n<\/style>\n\t<\/div>\n\t\n<div class=\"row align-center\"  id=\"row-2083427898\">\n\n\t<div id=\"col-640592218\" class=\"col medium-4 small-8 large-5\"  >\n\t\t<div class=\"col-inner\"  >\n\t\t\t\n\t\t\t\n\t<div id=\"text-436195797\" class=\"text\">\n\t\t\n<h3 class=\"page-header\">Fallansicht Techniker<\/h3>\n<p>Der Techniker erh\u00e4lt eine Benachrichtigung \u00fcber den Fall zusammen mit der geplanten Aufgabe. Auf seinem Mobiltelefon kann er den gesamten Verlauf des Servicefalls und die vom Kunden \u00fcbermittelten Notizen sowie alle hilfreichen, von Ihrem Technikteam hinzugef\u00fcgten Notizen einsehen.<\/p>\n<p>Der Techniker sieht alle bestehenden Informationen \u00fcber den Artikel und alle zugeh\u00f6rigen Artikel dieser Installation, darunter Seriennummern, Garantieinformationen, IP-Adresse, Anmeldeinformationen und mehr. Au\u00dferdem hat er Zugriff auf alle Dateien in diesem Projekt, z. B. Schaltpl\u00e4ne, Schnittpl\u00e4ne und Handb\u00fccher.<\/p>\n\t\t\n<style>\n#text-436195797 {\n  text-align: left;\n}\n@media (min-width:550px) {\n  #text-436195797 {\n    text-align: left;\n  }\n}\n<\/style>\n\t<\/div>\n\t\n\t\t<\/div>\n\t\t\t<\/div>\n\n\t\n\n\t<div id=\"col-101828941\" class=\"col medium-6 small-12 large-3 small-col-first\"  >\n\t\t<div class=\"col-inner\"  >\n\t\t\t\n\t\t\t\n\t<div class=\"img has-hover x md-x lg-x y md-y lg-y\" id=\"image_94433946\">\n\t\t\t\t\t\t\t\t<div class=\"img-inner dark\" >\n\t\t\t<img loading=\"lazy\" decoding=\"async\" width=\"506\" height=\"1024\" src=\"https:\/\/static.jetbuilt.com\/uploads\/2022\/07\/Service-mobile-view-506x1024.png\" class=\"attachment-large size-large\" alt=\"Jetbuilt &quot;Service&quot; Mobile View\" srcset=\"https:\/\/static.jetbuilt.com\/uploads\/2022\/07\/Service-mobile-view-506x1024.png 506w, https:\/\/static.jetbuilt.com\/uploads\/2022\/07\/Service-mobile-view-148x300.png 148w, https:\/\/static.jetbuilt.com\/uploads\/2022\/07\/Service-mobile-view.png 640w\" sizes=\"auto, (max-width: 506px) 100vw, 506px\" \/>\t\t\t\t\t\t\n\t\t\t\t\t<\/div>\n\t\t\t\t\t\t\t\t\n<style>\n#image_94433946 {\n  width: 100%;\n}\n<\/style>\n\t<\/div>\n\t\n\t\t<\/div>\n\t\t\t<\/div>\n\n\t\n<\/div>\n<div class=\"text-center\"><div class=\"is-divider divider clearfix\" style=\"max-width:70%;height:1px;\"><\/div><\/div>\n\t<div id=\"gap-1646168852\" class=\"gap-element clearfix\" style=\"display:block; height:auto;\">\n\t\t\n<style>\n#gap-1646168852 {\n  padding-top: 30px;\n}\n<\/style>\n\t<\/div>\n\t\n<div class=\"row align-center\"  id=\"row-1284681924\">\n\n\t<div id=\"col-155752182\" class=\"col medium-9 small-12 large-9\"  >\n\t\t<div class=\"col-inner text-center\"  >\n\t\t\t\n\t\t\t\n<h3 class=\"page-header\" style=\"text-align: center;\">Effizient, klar und einfach: So geht Service f\u00fcr Ihre Kunden<\/h3>\n\t\t<\/div>\n\t\t\t<\/div>\n\n\t\n<\/div>\n<div class=\"text-center\"><div class=\"is-divider divider clearfix\" style=\"max-width:70%;height:1px;\"><\/div><\/div>\n<div class=\"row align-center\"  id=\"row-191292853\">\n\n\t<div id=\"col-1636852877\" class=\"col medium-8 small-12 large-8\"  >\n\t\t<div class=\"col-inner\"  >\n\t\t\t\n\t\t\t\n\t<div id=\"gap-1568249757\" class=\"gap-element clearfix\" style=\"display:block; height:auto;\">\n\t\t\n<style>\n#gap-1568249757 {\n  padding-top: 30px;\n}\n<\/style>\n\t<\/div>\n\t\n<h3 style=\"text-align: center;\">M\u00f6chten Sie Service ausprobieren?<\/h3>\n<p class=\"\" style=\"text-align: center;\">\u00dcber das Smiley-Chat-Feld unten rechts k\u00f6nnen Sie sich ganz einfach an unser Support-Team wenden und einen 30-Tage-Testzeitraum f\u00fcr Ihr Konto aktivieren. Auf Wunsch k\u00f6nnen Sie auch eine pers\u00f6nliche Demo \u00fcber Zoom vereinbaren.<\/p>\n<p class=\"\" style=\"text-align: center;\"><em>Service ist ein optionales Modul von Jetbuilt. Es ersetzt ein preislich \u00e4hnliches Tool, bietet dabei aber einen h\u00f6heren Mehrwert. D<\/em><i>er Service beginnt bei 31 $ pro Benutzer und Monat mit 10 % Ersparnis bei j\u00e4hrlicher Zahlung.<\/i><\/p>\n\t\t<\/div>\n\t\t\t<\/div>\n\n\t\n<\/div>\n","protected":false},"excerpt":{"rendered":"","protected":false},"author":6,"featured_media":0,"parent":0,"menu_order":0,"comment_status":"closed","ping_status":"closed","template":"page-blank.php","meta":{"footnotes":""},"class_list":["post-5857","page","type-page","status-publish","hentry"],"yoast_head":"<!-- This site is optimized with the Yoast SEO plugin v26.8 - https:\/\/yoast.com\/product\/yoast-seo-wordpress\/ -->\n<title>Service &#8226; Jetbuilt<\/title>\n<meta name=\"robots\" content=\"index, follow, max-snippet:-1, max-image-preview:large, max-video-preview:-1\" \/>\n<link rel=\"canonical\" href=\"https:\/\/jetbuilt.com\/de\/service\/\" \/>\n<meta property=\"og:locale\" content=\"de_DE\" \/>\n<meta property=\"og:type\" content=\"article\" \/>\n<meta property=\"og:title\" content=\"Service &#8226; Jetbuilt\" \/>\n<meta property=\"og:url\" content=\"https:\/\/jetbuilt.com\/de\/service\/\" \/>\n<meta property=\"og:site_name\" content=\"Jetbuilt\" \/>\n<meta property=\"article:publisher\" content=\"https:\/\/www.facebook.com\/Jetbuilt\/\" \/>\n<meta property=\"article:modified_time\" content=\"2022-08-02T15:58:41+00:00\" \/>\n<meta name=\"twitter:card\" content=\"summary_large_image\" \/>\n<meta name=\"twitter:site\" content=\"@jetbuilt\" \/>\n<meta name=\"twitter:label1\" content=\"Est. reading time\" \/>\n\t<meta name=\"twitter:data1\" content=\"3 minutes\" \/>\n<script type=\"application\/ld+json\" class=\"yoast-schema-graph\">{\"@context\":\"https:\/\/schema.org\",\"@graph\":[{\"@type\":\"WebPage\",\"@id\":\"https:\/\/jetbuilt.com\/de\/service\/\",\"url\":\"https:\/\/jetbuilt.com\/de\/service\/\",\"name\":\"Service &#8226; Jetbuilt\",\"isPartOf\":{\"@id\":\"https:\/\/jetbuilt.com\/uk\/#website\"},\"datePublished\":\"2022-08-01T18:11:36+00:00\",\"dateModified\":\"2022-08-02T15:58:41+00:00\",\"breadcrumb\":{\"@id\":\"https:\/\/jetbuilt.com\/de\/service\/#breadcrumb\"},\"inLanguage\":\"de-DE\",\"potentialAction\":[{\"@type\":\"ReadAction\",\"target\":[\"https:\/\/jetbuilt.com\/de\/service\/\"]}]},{\"@type\":\"BreadcrumbList\",\"@id\":\"https:\/\/jetbuilt.com\/de\/service\/#breadcrumb\",\"itemListElement\":[{\"@type\":\"ListItem\",\"position\":1,\"name\":\"Home\",\"item\":\"https:\/\/jetbuilt.com\/\"},{\"@type\":\"ListItem\",\"position\":2,\"name\":\"Service\"}]},{\"@type\":\"WebSite\",\"@id\":\"https:\/\/jetbuilt.com\/uk\/#website\",\"url\":\"https:\/\/jetbuilt.com\/uk\/\",\"name\":\"Jetbuilt\",\"description\":\"Close More Projects. Faster.\",\"publisher\":{\"@id\":\"https:\/\/jetbuilt.com\/uk\/#organization\"},\"potentialAction\":[{\"@type\":\"SearchAction\",\"target\":{\"@type\":\"EntryPoint\",\"urlTemplate\":\"https:\/\/jetbuilt.com\/uk\/?s={search_term_string}\"},\"query-input\":{\"@type\":\"PropertyValueSpecification\",\"valueRequired\":true,\"valueName\":\"search_term_string\"}}],\"inLanguage\":\"de-DE\"},{\"@type\":\"Organization\",\"@id\":\"https:\/\/jetbuilt.com\/uk\/#organization\",\"name\":\"Jetbuilt\",\"url\":\"https:\/\/jetbuilt.com\/uk\/\",\"logo\":{\"@type\":\"ImageObject\",\"inLanguage\":\"de-DE\",\"@id\":\"https:\/\/jetbuilt.com\/uk\/#\/schema\/logo\/image\/\",\"url\":\"https:\/\/static.jetbuilt.com\/uploads\/2021\/02\/Jetbuilt-Wide-1000.png\",\"contentUrl\":\"https:\/\/static.jetbuilt.com\/uploads\/2021\/02\/Jetbuilt-Wide-1000.png\",\"width\":1000,\"height\":189,\"caption\":\"Jetbuilt\"},\"image\":{\"@id\":\"https:\/\/jetbuilt.com\/uk\/#\/schema\/logo\/image\/\"},\"sameAs\":[\"https:\/\/www.facebook.com\/Jetbuilt\/\",\"https:\/\/x.com\/jetbuilt\",\"https:\/\/www.linkedin.com\/company\/jetbuilt\",\"https:\/\/www.youtube.com\/jetbuilt\"]}]}<\/script>\n<!-- \/ Yoast SEO plugin. -->","yoast_head_json":{"title":"Service &#8226; Jetbuilt","robots":{"index":"index","follow":"follow","max-snippet":"max-snippet:-1","max-image-preview":"max-image-preview:large","max-video-preview":"max-video-preview:-1"},"canonical":"https:\/\/jetbuilt.com\/de\/service\/","og_locale":"de_DE","og_type":"article","og_title":"Service &#8226; Jetbuilt","og_url":"https:\/\/jetbuilt.com\/de\/service\/","og_site_name":"Jetbuilt","article_publisher":"https:\/\/www.facebook.com\/Jetbuilt\/","article_modified_time":"2022-08-02T15:58:41+00:00","twitter_card":"summary_large_image","twitter_site":"@jetbuilt","twitter_misc":{"Est. reading time":"3 minutes"},"schema":{"@context":"https:\/\/schema.org","@graph":[{"@type":"WebPage","@id":"https:\/\/jetbuilt.com\/de\/service\/","url":"https:\/\/jetbuilt.com\/de\/service\/","name":"Service &#8226; Jetbuilt","isPartOf":{"@id":"https:\/\/jetbuilt.com\/uk\/#website"},"datePublished":"2022-08-01T18:11:36+00:00","dateModified":"2022-08-02T15:58:41+00:00","breadcrumb":{"@id":"https:\/\/jetbuilt.com\/de\/service\/#breadcrumb"},"inLanguage":"de-DE","potentialAction":[{"@type":"ReadAction","target":["https:\/\/jetbuilt.com\/de\/service\/"]}]},{"@type":"BreadcrumbList","@id":"https:\/\/jetbuilt.com\/de\/service\/#breadcrumb","itemListElement":[{"@type":"ListItem","position":1,"name":"Home","item":"https:\/\/jetbuilt.com\/"},{"@type":"ListItem","position":2,"name":"Service"}]},{"@type":"WebSite","@id":"https:\/\/jetbuilt.com\/uk\/#website","url":"https:\/\/jetbuilt.com\/uk\/","name":"Jetbuilt","description":"Close More Projects. Faster.","publisher":{"@id":"https:\/\/jetbuilt.com\/uk\/#organization"},"potentialAction":[{"@type":"SearchAction","target":{"@type":"EntryPoint","urlTemplate":"https:\/\/jetbuilt.com\/uk\/?s={search_term_string}"},"query-input":{"@type":"PropertyValueSpecification","valueRequired":true,"valueName":"search_term_string"}}],"inLanguage":"de-DE"},{"@type":"Organization","@id":"https:\/\/jetbuilt.com\/uk\/#organization","name":"Jetbuilt","url":"https:\/\/jetbuilt.com\/uk\/","logo":{"@type":"ImageObject","inLanguage":"de-DE","@id":"https:\/\/jetbuilt.com\/uk\/#\/schema\/logo\/image\/","url":"https:\/\/static.jetbuilt.com\/uploads\/2021\/02\/Jetbuilt-Wide-1000.png","contentUrl":"https:\/\/static.jetbuilt.com\/uploads\/2021\/02\/Jetbuilt-Wide-1000.png","width":1000,"height":189,"caption":"Jetbuilt"},"image":{"@id":"https:\/\/jetbuilt.com\/uk\/#\/schema\/logo\/image\/"},"sameAs":["https:\/\/www.facebook.com\/Jetbuilt\/","https:\/\/x.com\/jetbuilt","https:\/\/www.linkedin.com\/company\/jetbuilt","https:\/\/www.youtube.com\/jetbuilt"]}]}},"_links":{"self":[{"href":"https:\/\/jetbuilt.com\/de\/wp-json\/wp\/v2\/pages\/5857","targetHints":{"allow":["GET"]}}],"collection":[{"href":"https:\/\/jetbuilt.com\/de\/wp-json\/wp\/v2\/pages"}],"about":[{"href":"https:\/\/jetbuilt.com\/de\/wp-json\/wp\/v2\/types\/page"}],"author":[{"embeddable":true,"href":"https:\/\/jetbuilt.com\/de\/wp-json\/wp\/v2\/users\/6"}],"replies":[{"embeddable":true,"href":"https:\/\/jetbuilt.com\/de\/wp-json\/wp\/v2\/comments?post=5857"}],"version-history":[{"count":9,"href":"https:\/\/jetbuilt.com\/de\/wp-json\/wp\/v2\/pages\/5857\/revisions"}],"predecessor-version":[{"id":5888,"href":"https:\/\/jetbuilt.com\/de\/wp-json\/wp\/v2\/pages\/5857\/revisions\/5888"}],"wp:attachment":[{"href":"https:\/\/jetbuilt.com\/de\/wp-json\/wp\/v2\/media?parent=5857"}],"curies":[{"name":"wp","href":"https:\/\/api.w.org\/{rel}","templated":true}]}}