{"id":3369,"date":"2021-10-28T13:02:07","date_gmt":"2021-10-28T21:02:07","guid":{"rendered":"https:\/\/www.jetbuilt.com\/faq\/"},"modified":"2021-10-28T13:07:32","modified_gmt":"2021-10-28T21:07:32","slug":"faq","status":"publish","type":"page","link":"https:\/\/jetbuilt.com\/de\/faq\/","title":{"rendered":"FAQ"},"content":{"rendered":"\t<div id=\"text-2088097998\" class=\"text\">\n\t\t\n<h3>H\u00e4ufig gestellte Fragen &#8211; FAQ<\/h3>\n\t\t\n<style>\n#text-2088097998 {\n  text-align: center;\n  color: #40a0ff;\n}\n#text-2088097998 > * {\n  color: #40a0ff;\n}\n<\/style>\n\t<\/div>\n\t\n\t<div id=\"text-2758869211\" class=\"text\">\n\t\t\n<p><em>F\u00fcr technischen oder Produkt-Support besuchen Sie bitte <a href=\"http:\/\/help.jetbuilt.com\/\" target=\"_blank\" rel=\"noopener\">hier unseren Hilfebereich.<\/a><\/em><\/p>\n\t\t\n<style>\n#text-2758869211 {\n  text-align: center;\n}\n<\/style>\n\t<\/div>\n\t\n<div class=\"row align-center\"  id=\"row-2118283081\">\n\n\t<div id=\"col-2132343858\" class=\"col medium-9 small-12 large-9\"  >\n\t\t<div class=\"col-inner\"  >\n\t\t\t\n\t\t\t\n<p class=\"\">JJetbuilt ist einfach zu erlernen und schnell in der Anwendung, dabei aber leistungsstark genug f\u00fcr weltweit agierende Unternehmen, die Projekte jeder Gr\u00f6\u00dfenordnung einbinden m\u00fcssen.<\/p>\n<p class=\"\">Nachstehend haben wir einige h\u00e4ufig gestellte Fragen zusammengestellt. Wenn Ihre Frage damit nicht beantwortet wurde, setzen Sie sich bitte mit uns in Verbindung.<\/p>\n<div class=\"accordion\" rel=\"1\">\n<div class=\"accordion-item\"><a href=\"#\" class=\"accordion-title plain\"><button class=\"toggle\"><i class=\"icon-angle-down\"><\/i><\/button><span>Kann mehr als eine Person gleichzeitig an einem Projekt arbeiten?<\/span><\/a><div class=\"accordion-inner\">\n<p>Ja. Mit Jetbuilt kann jedes Teammitglied gleichzeitig an einem beliebigen Teil eines Projekts arbeiten. So kann etwa ein Teammitglied Artikel zu einem Bereich hinzuf\u00fcgen, w\u00e4hrend ein anderes Teammitglied Artikel zu einem anderen Bereich hinzuf\u00fcgt. Oder beide k\u00f6nnen im selben Bereich arbeiten.<\/p>\n<\/div><\/div>\n<div class=\"accordion-item\"><a href=\"#\" class=\"accordion-title plain\"><button class=\"toggle\"><i class=\"icon-angle-down\"><\/i><\/button><span>Ben\u00f6tigt jedes Teammitglied ein kostenpflichtiges Konto?<\/span><\/a><div class=\"accordion-inner\">\n<p>Jedes Teammitglied, das regelm\u00e4\u00dfig in Jetbuilt arbeitet, sollte sein eigenes Nutzerkonto haben. So k\u00f6nnen Nutzer miteinander kommunizieren, ihre eigenen Aufgaben abschlie\u00dfen, der Leitungsebene mitteilen, wer, was erledigt hat, und vieles mehr. Gelegentliche Nutzer k\u00f6nnen gerne ein gemeinsames B\u00fcrokonto verwenden, dagegen haben wir nichts einzuwenden.<\/p>\n<\/div><\/div>\n<div class=\"accordion-item\"><a href=\"#\" class=\"accordion-title plain\"><button class=\"toggle\"><i class=\"icon-angle-down\"><\/i><\/button><span>Wie viel kostet das?<\/span><\/a><div class=\"accordion-inner\">\n<p><a href=\"https:\/\/www.jetbuilt.com\/de\/pricing\/\" target=\"_blank\" rel=\"noopener\"><em>&#8220;Weitere Informationen entnehmen Sie bitte unserer Preis\u00fcbersicht.&#8221;<\/em><\/a><\/p>\n<\/div><\/div>\n<div class=\"accordion-item\"><a href=\"#\" class=\"accordion-title plain\"><button class=\"toggle\"><i class=\"icon-angle-down\"><\/i><\/button><span>Versteht sich der Preis pro Nutzer oder pro Team?<\/span><\/a><div class=\"accordion-inner\">\n<p>Der Preis versteht sich pro Nutzer. Jedes Teammitglied, das regelm\u00e4\u00dfig mit Jetbuilt arbeitet, ben\u00f6tigt ein eigenes Jetbuilt-Konto.<\/p>\n<\/div><\/div>\n<div class=\"accordion-item\"><a href=\"#\" class=\"accordion-title plain\"><button class=\"toggle\"><i class=\"icon-angle-down\"><\/i><\/button><span>Bieten Sie Rabatte f\u00fcr gr\u00f6\u00dfere Teams an?<\/span><\/a><div class=\"accordion-inner\">\n<p>F\u00fcr Teams mit mehr als 10 Nutzern bieten wir Rabatte an. Bitte setzen Sie sich f\u00fcr weitere Details mit uns in Verbindung.<\/p>\n<\/div><\/div>\n<div class=\"accordion-item\"><a href=\"#\" class=\"accordion-title plain\"><button class=\"toggle\"><i class=\"icon-angle-down\"><\/i><\/button><span>Kann ich Jetbuilt mit meinem Vertriebs-CRM integrieren?<\/span><\/a><div class=\"accordion-inner\">\n<p>Jetbuilt l\u00e4sst sich mit jedem von Ihnen genutzten CRM integrieren. Wir bieten allerdings keine Standard-Integrationen, sondern entwickeln eine ma\u00dfgeschneiderte L\u00f6sung f\u00fcr Ihren Bedarf.<\/p>\n<\/div><\/div>\n<div class=\"accordion-item\"><a href=\"#\" class=\"accordion-title plain\"><button class=\"toggle\"><i class=\"icon-angle-down\"><\/i><\/button><span>Wie sieht es mit der Schulung zu Ihrer Software und den damit verbundenen Kosten aus?<\/span><\/a><div class=\"accordion-inner\">\n<p>Wir bieten Einzelschulungen f\u00fcr Jetbuilt an, obwohl die gro\u00dfe Mehrheit unserer Nutzer nie davon Gebrauch gemacht hat. Jetbuilt ist so konzipiert, dass man es sich selbst beibringen kann, so wie es bei den meisten Smartphone-Apps der Fall ist. Wir bieten kostenlosen Chat-Support und auch unsere Videos sind eine gro\u00dfe Hilfe. Wenn Sie jedoch eine pers\u00f6nliche Anleitung w\u00fcnschen, stellen wir Ihnen diese kostenfrei zur Verf\u00fcgung.<\/p>\n<\/div><\/div>\n<div class=\"accordion-item\"><a href=\"#\" class=\"accordion-title plain\"><button class=\"toggle\"><i class=\"icon-angle-down\"><\/i><\/button><span>Wie funktioniert die Rechnungslegung bei Jetbuilt?<\/span><\/a><div class=\"accordion-inner\">\n<p>Jetbuilt ist eine Software zur Kostenkalkulation und Angebotserstellung. Aktuell ist keine Rechnungslegung damit m\u00f6glich.<\/p>\n<\/div><\/div>\n<\/div>\n\t\t<\/div>\n\t\t\t<\/div>\n\n\t\n<\/div>\n","protected":false},"excerpt":{"rendered":"","protected":false},"author":6,"featured_media":0,"parent":0,"menu_order":0,"comment_status":"closed","ping_status":"closed","template":"","meta":{"footnotes":""},"class_list":["post-3369","page","type-page","status-publish","hentry"],"yoast_head":"<!-- This site is optimized with the Yoast SEO plugin v26.8 - https:\/\/yoast.com\/product\/yoast-seo-wordpress\/ -->\n<title>FAQ &#8226; Jetbuilt<\/title>\n<meta name=\"robots\" content=\"index, follow, max-snippet:-1, max-image-preview:large, max-video-preview:-1\" \/>\n<link rel=\"canonical\" href=\"https:\/\/jetbuilt.com\/de\/faq\/\" \/>\n<meta property=\"og:locale\" content=\"de_DE\" \/>\n<meta property=\"og:type\" content=\"article\" \/>\n<meta property=\"og:title\" content=\"FAQ &#8226; Jetbuilt\" \/>\n<meta property=\"og:url\" content=\"https:\/\/jetbuilt.com\/de\/faq\/\" \/>\n<meta property=\"og:site_name\" content=\"Jetbuilt\" \/>\n<meta property=\"article:publisher\" content=\"https:\/\/www.facebook.com\/Jetbuilt\/\" \/>\n<meta property=\"article:modified_time\" content=\"2021-10-28T21:07:32+00:00\" \/>\n<meta name=\"twitter:card\" content=\"summary_large_image\" \/>\n<meta name=\"twitter:site\" content=\"@jetbuilt\" \/>\n<meta name=\"twitter:label1\" content=\"Est. reading time\" \/>\n\t<meta name=\"twitter:data1\" content=\"2 minutes\" \/>\n<script type=\"application\/ld+json\" class=\"yoast-schema-graph\">{\"@context\":\"https:\/\/schema.org\",\"@graph\":[{\"@type\":\"WebPage\",\"@id\":\"https:\/\/jetbuilt.com\/de\/faq\/\",\"url\":\"https:\/\/jetbuilt.com\/de\/faq\/\",\"name\":\"FAQ &#8226; Jetbuilt\",\"isPartOf\":{\"@id\":\"https:\/\/jetbuilt.com\/uk\/#website\"},\"datePublished\":\"2021-10-28T21:02:07+00:00\",\"dateModified\":\"2021-10-28T21:07:32+00:00\",\"breadcrumb\":{\"@id\":\"https:\/\/jetbuilt.com\/de\/faq\/#breadcrumb\"},\"inLanguage\":\"de-DE\",\"potentialAction\":[{\"@type\":\"ReadAction\",\"target\":[\"https:\/\/jetbuilt.com\/de\/faq\/\"]}]},{\"@type\":\"BreadcrumbList\",\"@id\":\"https:\/\/jetbuilt.com\/de\/faq\/#breadcrumb\",\"itemListElement\":[{\"@type\":\"ListItem\",\"position\":1,\"name\":\"Home\",\"item\":\"https:\/\/jetbuilt.com\/\"},{\"@type\":\"ListItem\",\"position\":2,\"name\":\"FAQ\"}]},{\"@type\":\"WebSite\",\"@id\":\"https:\/\/jetbuilt.com\/uk\/#website\",\"url\":\"https:\/\/jetbuilt.com\/uk\/\",\"name\":\"Jetbuilt\",\"description\":\"Close More Projects. Faster.\",\"publisher\":{\"@id\":\"https:\/\/jetbuilt.com\/uk\/#organization\"},\"potentialAction\":[{\"@type\":\"SearchAction\",\"target\":{\"@type\":\"EntryPoint\",\"urlTemplate\":\"https:\/\/jetbuilt.com\/uk\/?s={search_term_string}\"},\"query-input\":{\"@type\":\"PropertyValueSpecification\",\"valueRequired\":true,\"valueName\":\"search_term_string\"}}],\"inLanguage\":\"de-DE\"},{\"@type\":\"Organization\",\"@id\":\"https:\/\/jetbuilt.com\/uk\/#organization\",\"name\":\"Jetbuilt\",\"url\":\"https:\/\/jetbuilt.com\/uk\/\",\"logo\":{\"@type\":\"ImageObject\",\"inLanguage\":\"de-DE\",\"@id\":\"https:\/\/jetbuilt.com\/uk\/#\/schema\/logo\/image\/\",\"url\":\"https:\/\/static.jetbuilt.com\/uploads\/2021\/02\/Jetbuilt-Wide-1000.png\",\"contentUrl\":\"https:\/\/static.jetbuilt.com\/uploads\/2021\/02\/Jetbuilt-Wide-1000.png\",\"width\":1000,\"height\":189,\"caption\":\"Jetbuilt\"},\"image\":{\"@id\":\"https:\/\/jetbuilt.com\/uk\/#\/schema\/logo\/image\/\"},\"sameAs\":[\"https:\/\/www.facebook.com\/Jetbuilt\/\",\"https:\/\/x.com\/jetbuilt\",\"https:\/\/www.linkedin.com\/company\/jetbuilt\",\"https:\/\/www.youtube.com\/jetbuilt\"]}]}<\/script>\n<!-- \/ Yoast SEO plugin. -->","yoast_head_json":{"title":"FAQ &#8226; Jetbuilt","robots":{"index":"index","follow":"follow","max-snippet":"max-snippet:-1","max-image-preview":"max-image-preview:large","max-video-preview":"max-video-preview:-1"},"canonical":"https:\/\/jetbuilt.com\/de\/faq\/","og_locale":"de_DE","og_type":"article","og_title":"FAQ &#8226; Jetbuilt","og_url":"https:\/\/jetbuilt.com\/de\/faq\/","og_site_name":"Jetbuilt","article_publisher":"https:\/\/www.facebook.com\/Jetbuilt\/","article_modified_time":"2021-10-28T21:07:32+00:00","twitter_card":"summary_large_image","twitter_site":"@jetbuilt","twitter_misc":{"Est. reading time":"2 minutes"},"schema":{"@context":"https:\/\/schema.org","@graph":[{"@type":"WebPage","@id":"https:\/\/jetbuilt.com\/de\/faq\/","url":"https:\/\/jetbuilt.com\/de\/faq\/","name":"FAQ &#8226; Jetbuilt","isPartOf":{"@id":"https:\/\/jetbuilt.com\/uk\/#website"},"datePublished":"2021-10-28T21:02:07+00:00","dateModified":"2021-10-28T21:07:32+00:00","breadcrumb":{"@id":"https:\/\/jetbuilt.com\/de\/faq\/#breadcrumb"},"inLanguage":"de-DE","potentialAction":[{"@type":"ReadAction","target":["https:\/\/jetbuilt.com\/de\/faq\/"]}]},{"@type":"BreadcrumbList","@id":"https:\/\/jetbuilt.com\/de\/faq\/#breadcrumb","itemListElement":[{"@type":"ListItem","position":1,"name":"Home","item":"https:\/\/jetbuilt.com\/"},{"@type":"ListItem","position":2,"name":"FAQ"}]},{"@type":"WebSite","@id":"https:\/\/jetbuilt.com\/uk\/#website","url":"https:\/\/jetbuilt.com\/uk\/","name":"Jetbuilt","description":"Close More Projects. Faster.","publisher":{"@id":"https:\/\/jetbuilt.com\/uk\/#organization"},"potentialAction":[{"@type":"SearchAction","target":{"@type":"EntryPoint","urlTemplate":"https:\/\/jetbuilt.com\/uk\/?s={search_term_string}"},"query-input":{"@type":"PropertyValueSpecification","valueRequired":true,"valueName":"search_term_string"}}],"inLanguage":"de-DE"},{"@type":"Organization","@id":"https:\/\/jetbuilt.com\/uk\/#organization","name":"Jetbuilt","url":"https:\/\/jetbuilt.com\/uk\/","logo":{"@type":"ImageObject","inLanguage":"de-DE","@id":"https:\/\/jetbuilt.com\/uk\/#\/schema\/logo\/image\/","url":"https:\/\/static.jetbuilt.com\/uploads\/2021\/02\/Jetbuilt-Wide-1000.png","contentUrl":"https:\/\/static.jetbuilt.com\/uploads\/2021\/02\/Jetbuilt-Wide-1000.png","width":1000,"height":189,"caption":"Jetbuilt"},"image":{"@id":"https:\/\/jetbuilt.com\/uk\/#\/schema\/logo\/image\/"},"sameAs":["https:\/\/www.facebook.com\/Jetbuilt\/","https:\/\/x.com\/jetbuilt","https:\/\/www.linkedin.com\/company\/jetbuilt","https:\/\/www.youtube.com\/jetbuilt"]}]}},"_links":{"self":[{"href":"https:\/\/jetbuilt.com\/de\/wp-json\/wp\/v2\/pages\/3369","targetHints":{"allow":["GET"]}}],"collection":[{"href":"https:\/\/jetbuilt.com\/de\/wp-json\/wp\/v2\/pages"}],"about":[{"href":"https:\/\/jetbuilt.com\/de\/wp-json\/wp\/v2\/types\/page"}],"author":[{"embeddable":true,"href":"https:\/\/jetbuilt.com\/de\/wp-json\/wp\/v2\/users\/6"}],"replies":[{"embeddable":true,"href":"https:\/\/jetbuilt.com\/de\/wp-json\/wp\/v2\/comments?post=3369"}],"version-history":[{"count":16,"href":"https:\/\/jetbuilt.com\/de\/wp-json\/wp\/v2\/pages\/3369\/revisions"}],"predecessor-version":[{"id":3385,"href":"https:\/\/jetbuilt.com\/de\/wp-json\/wp\/v2\/pages\/3369\/revisions\/3385"}],"wp:attachment":[{"href":"https:\/\/jetbuilt.com\/de\/wp-json\/wp\/v2\/media?parent=3369"}],"curies":[{"name":"wp","href":"https:\/\/api.w.org\/{rel}","templated":true}]}}