{"id":3308,"date":"2021-10-27T11:26:12","date_gmt":"2021-10-27T19:26:12","guid":{"rendered":"https:\/\/www.jetbuilt.com\/install\/"},"modified":"2022-02-17T17:41:36","modified_gmt":"2022-02-18T01:41:36","slug":"install","status":"publish","type":"page","link":"https:\/\/jetbuilt.com\/de\/install\/","title":{"rendered":"Install"},"content":{"rendered":"\n  <div class=\"banner has-hover\" id=\"banner-194767779\">\n          <div class=\"banner-inner fill\">\n        <div class=\"banner-bg fill\" >\n            <div class=\"bg fill bg-fill bg-loaded\"><\/div>\n                        <div class=\"overlay\"><\/div>            \n                    <\/div>\n        <div class=\"banner-layers container\">\n            <div class=\"fill banner-link\"><\/div>            \n   <div id=\"text-box-1817329896\" class=\"text-box banner-layer x50 md-x50 lg-x50 y50 md-y50 lg-y50 res-text\">\n                                <div class=\"text dark\">\n              \n              <div class=\"text-inner text-center\">\n                  \n\t<div id=\"text-2402498857\" class=\"text header-light\">\n\t\t\n<h3>Die einfache, automatisierte und vernetzte Art, Ihre Installationen zu verwalten.<\/h3>\n<p>\u00a0<\/p>\n<h2 class=\"uppercase header-light\">INSTALL VON JETBUILT<\/h2>\n\t\t\t<\/div>\n\t\n              <\/div>\n           <\/div>\n                            \n<style>\n#text-box-1817329896 {\n  width: 100%;\n}\n#text-box-1817329896 .text {\n  font-size: 100%;\n}\n@media (min-width:550px) {\n  #text-box-1817329896 {\n    width: 81%;\n  }\n}\n@media (min-width:850px) {\n  #text-box-1817329896 {\n    width: 60%;\n  }\n}\n<\/style>\n    <\/div>\n \n        <\/div>\n      <\/div>\n\n            \n<style>\n#banner-194767779 {\n  padding-top: 377px;\n}\n#banner-194767779 .bg.bg-loaded {\n  background-image: url(https:\/\/static.jetbuilt.com\/uploads\/2021\/04\/Install-Header-2-scaled.jpg);\n}\n#banner-194767779 .overlay {\n  background-color: rgba(0, 0, 0, 0.209);\n}\n#banner-194767779 .bg {\n  background-position: 45% 42%;\n}\n@media (min-width:550px) {\n  #banner-194767779 {\n    padding-top: 458px;\n  }\n}\n@media (min-width:850px) {\n  #banner-194767779 {\n    padding-top: 450px;\n  }\n}\n<\/style>\n  <\/div>\n\n\n<div class=\"row align-center\"  id=\"row-1511092813\">\n\n\t<div id=\"col-1265526451\" class=\"col medium-9 small-12 large-7\"  >\n\t\t<div class=\"col-inner\"  >\n\t\t\t\n\t\t\t\n\t<div id=\"gap-261306713\" class=\"gap-element clearfix\" style=\"display:block; height:auto;\">\n\t\t\n<style>\n#gap-261306713 {\n  padding-top: 50px;\n}\n<\/style>\n\t<\/div>\n\t\n<div class=\"video video-fit mb\" style=\"padding-top:56.25%;\"><p><iframe loading=\"lazy\" title=\"Install Promo\" src=\"https:\/\/player.vimeo.com\/video\/525704248?h=f5780b99ed&amp;dnt=1&amp;app_id=122963\" width=\"1020\" height=\"574\" frameborder=\"0\" allow=\"autoplay; fullscreen; picture-in-picture\" allowfullscreen><\/iframe><\/p>\n<\/div>\n\t\t<\/div>\n\t\t\t<\/div>\n\n\t\n<\/div>\n\t<div id=\"gap-1926164001\" class=\"gap-element clearfix\" style=\"display:block; height:auto;\">\n\t\t\n<style>\n#gap-1926164001 {\n  padding-top: 30px;\n}\n<\/style>\n\t<\/div>\n\t\n<div class=\"row align-center\"  id=\"row-1162744391\">\n\n\t<div id=\"col-101170060\" class=\"col medium-4 small-12 large-3\"  >\n\t\t<div class=\"col-inner\"  >\n\t\t\t\n\t\t\t\n\t<div class=\"img has-hover x md-x lg-x y md-y lg-y\" id=\"image_269863057\">\n\t\t\t\t\t\t\t\t<div class=\"img-inner dark\" >\n\t\t\t<img loading=\"lazy\" decoding=\"async\" width=\"300\" height=\"300\" src=\"https:\/\/static.jetbuilt.com\/uploads\/2021\/03\/Edit-Item-Tasks.png\" class=\"attachment-original size-original\" alt=\"\" srcset=\"https:\/\/static.jetbuilt.com\/uploads\/2021\/03\/Edit-Item-Tasks.png 300w, https:\/\/static.jetbuilt.com\/uploads\/2021\/03\/Edit-Item-Tasks-150x150.png 150w\" sizes=\"auto, (max-width: 300px) 100vw, 300px\" \/>\t\t\t\t\t\t\n\t\t\t\t\t<\/div>\n\t\t\t\t\t\t\t\t\n<style>\n#image_269863057 {\n  width: 100%;\n}\n<\/style>\n\t<\/div>\n\t\n\t\t<\/div>\n\t\t\t<\/div>\n\n\t\n\n\t<div id=\"col-1459117385\" class=\"col medium-7 small-12 large-5\"  >\n\t\t<div class=\"col-inner\"  >\n\t\t\t\n\t\t\t\n\t<div id=\"text-3359937127\" class=\"text\">\n\t\t\n<h3 class=\"page-header\">Aufgabenverwaltung<\/h3>\n<ul>\n<li>Aufgaben und Schritte f\u00fcr jedes in Jetbuilt verwendete Element erstellen<\/li>\n<li>Wenn Sie zuk\u00fcnftige Projekte anlegen, werden alle Aufgaben passiv erstellt.<\/li>\n<li>Optional Foto vom Techniker anfordern, um eine Aufgabe abzuschlie\u00dfen.<\/li>\n<li>Installationsfortschritt mit unserer innovativen Projekt-Zeitleiste nachverfolgen<\/li>\n<li>F\u00fcr eine einfache Aufgabenzuweisung, alle Aufgaben nach Projektphase filtern<\/li>\n<li>Kalendersynchronisation f\u00fcr alle Aufgaben, mit einem einsehbaren Unternehmenskalender.<\/li>\n<li>Techniker im Au\u00dfendienst k\u00f6nnen erledigte Aufgaben vor Ort auf ihrem Mobiltelefon abhaken<\/li>\n<\/ul>\n\t\t\n<style>\n#text-3359937127 {\n  text-align: left;\n}\n<\/style>\n\t<\/div>\n\t\n\t\t<\/div>\n\t\t\t<\/div>\n\n\t\n\n\t<div id=\"col-631437590\" class=\"col medium-9 small-12 large-7\"  >\n\t\t<div class=\"col-inner\"  >\n\t\t\t\n\t\t\t\n\t<div class=\"img has-hover x md-x lg-x y md-y lg-y\" id=\"image_1717151756\">\n\t\t\t\t\t\t\t\t<div class=\"img-inner dark\" >\n\t\t\t<img loading=\"lazy\" decoding=\"async\" width=\"1000\" height=\"537\" src=\"https:\/\/static.jetbuilt.com\/uploads\/2021\/03\/ProjectTasks.png\" class=\"attachment-large size-large\" alt=\"\" srcset=\"https:\/\/static.jetbuilt.com\/uploads\/2021\/03\/ProjectTasks.png 1000w, https:\/\/static.jetbuilt.com\/uploads\/2021\/03\/ProjectTasks-300x161.png 300w, https:\/\/static.jetbuilt.com\/uploads\/2021\/03\/ProjectTasks-768x412.png 768w\" sizes=\"auto, (max-width: 1000px) 100vw, 1000px\" \/>\t\t\t\t\t\t\n\t\t\t\t\t<\/div>\n\t\t\t\t\t\t\t\t\n<style>\n#image_1717151756 {\n  width: 100%;\n}\n<\/style>\n\t<\/div>\n\t\n\t\t<\/div>\n\t\t\t<\/div>\n\n\t\n<\/div>\n<div class=\"text-center\"><div class=\"is-divider divider clearfix\" style=\"margin-top:1.3em;margin-bottom:1.3em;max-width:70%;height:1px;\"><\/div><\/div>\n<div class=\"row align-center\"  id=\"row-424686418\">\n\n\t<div id=\"col-1910061182\" class=\"col medium-3 small-8 large-2\"  >\n\t\t<div class=\"col-inner\"  >\n\t\t\t\n\t\t\t\n\t<div class=\"img has-hover x md-x lg-x y md-y lg-y\" id=\"image_120805320\">\n\t\t\t\t\t\t\t\t<div class=\"img-inner dark\" >\n\t\t\t<img loading=\"lazy\" decoding=\"async\" width=\"300\" height=\"551\" src=\"https:\/\/static.jetbuilt.com\/uploads\/2021\/03\/TimeTrackingPhone.png\" class=\"attachment-original size-original\" alt=\"\" srcset=\"https:\/\/static.jetbuilt.com\/uploads\/2021\/03\/TimeTrackingPhone.png 300w, https:\/\/static.jetbuilt.com\/uploads\/2021\/03\/TimeTrackingPhone-163x300.png 163w\" sizes=\"auto, (max-width: 300px) 100vw, 300px\" \/>\t\t\t\t\t\t\n\t\t\t\t\t<\/div>\n\t\t\t\t\t\t\t\t\n<style>\n#image_120805320 {\n  width: 100%;\n}\n<\/style>\n\t<\/div>\n\t\n\t\t<\/div>\n\t\t\t<\/div>\n\n\t\n\n\t<div id=\"col-981045949\" class=\"col medium-7 small-12 large-6\"  >\n\t\t<div class=\"col-inner\"  >\n\t\t\t\n\t\t\t\n\t<div id=\"text-1393908580\" class=\"text\">\n\t\t\n<h3 class=\"page-header\">Zeiterfassung<\/h3>\n<ul>\n<li>\n<p class=\"\">Installations-, Technik- und Lagerteams k\u00f6nnen mit der App JetbuiltGo \u00fcber ihr Mobiltelefon f\u00fcr den Tag ein- und ausstempeln.<\/p>\n<\/li>\n<li>\n<p class=\"\">Zeit wird pro Projekt und pro Arbeitskategorie erfasst, f\u00fcr eine klare und genaue Kosten\u00fcbersicht f\u00fcr jedes Projekt.<\/p>\n<\/li>\n<li>\n<p class=\"\">Die Projekt-Live-Ansicht zeigt die Mehr- oder Minderkosten auf der Grundlage von Sch\u00e4tzwerten.<\/p>\n<\/li>\n<li>\n<p class=\"\">Chronologische Protokolle sind pro Projekt oder unternehmens\u00fcbergreifend verf\u00fcgbar und erm\u00f6glichen einfache Visualisierung und Reporting.<\/p>\n<\/li>\n<li>\n<p class=\"\">Alle Zeitdaten sind als CSV-Download oder \u00fcber unsere API f\u00fcr den Import oder die Integration in eine Lohnabrechnungsl\u00f6sung eines Drittanbieters verf\u00fcgbar.<\/p>\n<\/li>\n<\/ul>\n\t\t\n<style>\n#text-1393908580 {\n  text-align: left;\n}\n<\/style>\n\t<\/div>\n\t\n\t\t<\/div>\n\t\t\t<\/div>\n\n\t\n\n\t<div id=\"col-796516033\" class=\"col medium-9 small-12 large-7\"  >\n\t\t<div class=\"col-inner\"  >\n\t\t\t\n\t\t\t\n\t<div class=\"img has-hover x md-x lg-x y md-y lg-y\" id=\"image_513058405\">\n\t\t\t\t\t\t\t\t<div class=\"img-inner dark\" >\n\t\t\t<img loading=\"lazy\" decoding=\"async\" width=\"1000\" height=\"984\" src=\"https:\/\/static.jetbuilt.com\/uploads\/2021\/03\/Jetbuilt-Time-Tracking.jpg\" class=\"attachment-large size-large\" alt=\"\" srcset=\"https:\/\/static.jetbuilt.com\/uploads\/2021\/03\/Jetbuilt-Time-Tracking.jpg 1000w, https:\/\/static.jetbuilt.com\/uploads\/2021\/03\/Jetbuilt-Time-Tracking-300x295.jpg 300w, https:\/\/static.jetbuilt.com\/uploads\/2021\/03\/Jetbuilt-Time-Tracking-768x756.jpg 768w\" sizes=\"auto, (max-width: 1000px) 100vw, 1000px\" \/>\t\t\t\t\t\t\n\t\t\t\t\t<\/div>\n\t\t\t\t\t\t\t\t\n<style>\n#image_513058405 {\n  width: 100%;\n}\n<\/style>\n\t<\/div>\n\t\n\t\t<\/div>\n\t\t\t<\/div>\n\n\t\n<\/div>\n<div class=\"text-center\"><div class=\"is-divider divider clearfix\" style=\"margin-top:1.3em;margin-bottom:1.3em;max-width:70%;height:1px;\"><\/div><\/div>\n<div class=\"text-center\"><div class=\"is-divider divider clearfix\" style=\"margin-top:1.3em;margin-bottom:1.3em;max-width:70%;height:1px;\"><\/div><\/div>\n<div class=\"row align-center\"  id=\"row-398233687\">\n\n\t<div id=\"col-1911509043\" class=\"col medium-3 small-8 large-2\"  >\n\t\t<div class=\"col-inner\"  >\n\t\t\t\n\t\t\t\n\t<div class=\"img has-hover x md-x lg-x y md-y lg-y\" id=\"image_891730067\">\n\t\t\t\t\t\t\t\t<div class=\"img-inner dark\" >\n\t\t\t<img loading=\"lazy\" decoding=\"async\" width=\"300\" height=\"560\" src=\"https:\/\/static.jetbuilt.com\/uploads\/2021\/03\/FileSharingMobile.jpeg\" class=\"attachment-original size-original\" alt=\"\" srcset=\"https:\/\/static.jetbuilt.com\/uploads\/2021\/03\/FileSharingMobile.jpeg 300w, https:\/\/static.jetbuilt.com\/uploads\/2021\/03\/FileSharingMobile-161x300.jpeg 161w\" sizes=\"auto, (max-width: 300px) 100vw, 300px\" \/>\t\t\t\t\t\t\n\t\t\t\t\t<\/div>\n\t\t\t\t\t\t\t\t\n<style>\n#image_891730067 {\n  width: 100%;\n}\n<\/style>\n\t<\/div>\n\t\n\t\t<\/div>\n\t\t\t<\/div>\n\n\t\n\n\t<div id=\"col-1289310862\" class=\"col medium-7 small-12 large-6\"  >\n\t\t<div class=\"col-inner\"  >\n\t\t\t\n\t\t\t\n\t<div id=\"text-37454993\" class=\"text\">\n\t\t\n<h3 class=\"page-header\">Teilen von Bilddateien<\/h3>\n<ul>\n<li>\n<p>Alle Bilder, Dokumente und Vertr\u00e4ge innerhalb eines Projekts k\u00f6nnen mit den Technikern vor Ort geteilt werden.<\/p>\n<\/li>\n<li>\n<p>Techniker k\u00f6nnen eine Aufgabe kommentieren und ein Foto anh\u00e4ngen, um eine Frage vor Ort zu kl\u00e4ren.<\/p>\n<\/li>\n<li>\n<p>Wenn f\u00fcr die Erledigung einer Aufgabe ein Foto erforderlich ist, werden diese Fotos in der Desktop-Ansicht mit einem eigenen Filter angezeigt.<\/p>\n<\/li>\n<\/ul>\n\t\t\n<style>\n#text-37454993 {\n  text-align: left;\n}\n<\/style>\n\t<\/div>\n\t\n\t\t<\/div>\n\t\t\t<\/div>\n\n\t\n\n\t<div id=\"col-471266524\" class=\"col medium-9 small-12 large-7\"  >\n\t\t<div class=\"col-inner\"  >\n\t\t\t\n\t\t\t\n\t<div class=\"img has-hover x md-x lg-x y md-y lg-y\" id=\"image_1964879589\">\n\t\t\t\t\t\t\t\t<div class=\"img-inner dark\" >\n\t\t\t<img loading=\"lazy\" decoding=\"async\" width=\"1000\" height=\"529\" src=\"https:\/\/static.jetbuilt.com\/uploads\/2021\/03\/FileSharingDesktop.png\" class=\"attachment-large size-large\" alt=\"\" srcset=\"https:\/\/static.jetbuilt.com\/uploads\/2021\/03\/FileSharingDesktop.png 1000w, https:\/\/static.jetbuilt.com\/uploads\/2021\/03\/FileSharingDesktop-300x159.png 300w, https:\/\/static.jetbuilt.com\/uploads\/2021\/03\/FileSharingDesktop-768x406.png 768w\" sizes=\"auto, (max-width: 1000px) 100vw, 1000px\" \/>\t\t\t\t\t\t\n\t\t\t\t\t<\/div>\n\t\t\t\t\t\t\t\t\n<style>\n#image_1964879589 {\n  width: 100%;\n}\n<\/style>\n\t<\/div>\n\t\n\t\t<\/div>\n\t\t\t<\/div>\n\n\t\n<\/div>\n<div class=\"text-center\"><div class=\"is-divider divider clearfix\" style=\"margin-top:1.3em;margin-bottom:1.3em;max-width:70%;height:1px;\"><\/div><\/div>\n<div class=\"row align-center\"  id=\"row-1379553969\">\n\n\t<div id=\"col-894584042\" class=\"col medium-8 small-12 large-8\"  >\n\t\t<div class=\"col-inner\"  >\n\t\t\t\n\t\t\t\n<h3 style=\"text-align: center;\">WOLLEN SIE IHREN INSTALLATIONEN MIT INSTALL AUF DIE SPR\u00dcNGE HELFEN?<\/h3>\n<p class=\"\" style=\"text-align: center;\">Install ist in allen Jetbuilt-Testphasen aktiv. Wollen Sie Jetbuilt jetzt ausprobieren? <strong><a href=\"https:\/\/app.jetbuilt.com\/users\/sign_up\">Klicke hier<\/a><\/strong><\/p>\n<p class=\"\" style=\"text-align: center;\">Sind Sie bereits Jetbuilt-Nutzer? \u00dcber das Smiley-Chat-Feld unten rechts k\u00f6nnen Sie sich ganz einfach an unser Support-Team wenden und einen Testzeitraum f\u00fcr Ihr Konto aktivieren. Auf Wunsch k\u00f6nnen Sie auch eine pers\u00f6nliche Demo \u00fcber Zoom vereinbaren.<\/p>\n<p><em>Install ist ein optionales Modul von Jetbuilt. Es ersetzt ein preislich \u00e4hnliches Tool, bietet dabei aber einen h\u00f6heren Mehrwert. Install kostet \u20ac28 \u00a0pro Nutzer und Monat oder \u20ac280 pro Nutzer und Jahr.<\/em><\/p>\n\t\t<\/div>\n\t\t\t<\/div>\n\n\t\n<\/div>\n","protected":false},"excerpt":{"rendered":"","protected":false},"author":6,"featured_media":0,"parent":0,"menu_order":0,"comment_status":"closed","ping_status":"closed","template":"page-blank.php","meta":{"footnotes":""},"class_list":["post-3308","page","type-page","status-publish","hentry"],"yoast_head":"<!-- This site is optimized with the Yoast SEO plugin v26.8 - https:\/\/yoast.com\/product\/yoast-seo-wordpress\/ -->\n<title>Install &#8226; Jetbuilt<\/title>\n<meta name=\"robots\" content=\"index, follow, max-snippet:-1, max-image-preview:large, max-video-preview:-1\" \/>\n<link rel=\"canonical\" href=\"https:\/\/jetbuilt.com\/de\/install\/\" \/>\n<meta property=\"og:locale\" content=\"de_DE\" \/>\n<meta property=\"og:type\" content=\"article\" \/>\n<meta property=\"og:title\" content=\"Install &#8226; Jetbuilt\" \/>\n<meta property=\"og:url\" content=\"https:\/\/jetbuilt.com\/de\/install\/\" \/>\n<meta property=\"og:site_name\" content=\"Jetbuilt\" \/>\n<meta property=\"article:publisher\" content=\"https:\/\/www.facebook.com\/Jetbuilt\/\" \/>\n<meta property=\"article:modified_time\" content=\"2022-02-18T01:41:36+00:00\" \/>\n<meta name=\"twitter:card\" content=\"summary_large_image\" \/>\n<meta name=\"twitter:site\" content=\"@jetbuilt\" \/>\n<meta name=\"twitter:label1\" content=\"Est. reading time\" \/>\n\t<meta name=\"twitter:data1\" content=\"3 minutes\" \/>\n<script type=\"application\/ld+json\" class=\"yoast-schema-graph\">{\"@context\":\"https:\/\/schema.org\",\"@graph\":[{\"@type\":\"WebPage\",\"@id\":\"https:\/\/jetbuilt.com\/de\/install\/\",\"url\":\"https:\/\/jetbuilt.com\/de\/install\/\",\"name\":\"Install &#8226; Jetbuilt\",\"isPartOf\":{\"@id\":\"https:\/\/jetbuilt.com\/uk\/#website\"},\"datePublished\":\"2021-10-27T19:26:12+00:00\",\"dateModified\":\"2022-02-18T01:41:36+00:00\",\"breadcrumb\":{\"@id\":\"https:\/\/jetbuilt.com\/de\/install\/#breadcrumb\"},\"inLanguage\":\"de-DE\",\"potentialAction\":[{\"@type\":\"ReadAction\",\"target\":[\"https:\/\/jetbuilt.com\/de\/install\/\"]}]},{\"@type\":\"BreadcrumbList\",\"@id\":\"https:\/\/jetbuilt.com\/de\/install\/#breadcrumb\",\"itemListElement\":[{\"@type\":\"ListItem\",\"position\":1,\"name\":\"Home\",\"item\":\"https:\/\/jetbuilt.com\/\"},{\"@type\":\"ListItem\",\"position\":2,\"name\":\"Install\"}]},{\"@type\":\"WebSite\",\"@id\":\"https:\/\/jetbuilt.com\/uk\/#website\",\"url\":\"https:\/\/jetbuilt.com\/uk\/\",\"name\":\"Jetbuilt\",\"description\":\"Close More Projects. Faster.\",\"publisher\":{\"@id\":\"https:\/\/jetbuilt.com\/uk\/#organization\"},\"potentialAction\":[{\"@type\":\"SearchAction\",\"target\":{\"@type\":\"EntryPoint\",\"urlTemplate\":\"https:\/\/jetbuilt.com\/uk\/?s={search_term_string}\"},\"query-input\":{\"@type\":\"PropertyValueSpecification\",\"valueRequired\":true,\"valueName\":\"search_term_string\"}}],\"inLanguage\":\"de-DE\"},{\"@type\":\"Organization\",\"@id\":\"https:\/\/jetbuilt.com\/uk\/#organization\",\"name\":\"Jetbuilt\",\"url\":\"https:\/\/jetbuilt.com\/uk\/\",\"logo\":{\"@type\":\"ImageObject\",\"inLanguage\":\"de-DE\",\"@id\":\"https:\/\/jetbuilt.com\/uk\/#\/schema\/logo\/image\/\",\"url\":\"https:\/\/static.jetbuilt.com\/uploads\/2021\/02\/Jetbuilt-Wide-1000.png\",\"contentUrl\":\"https:\/\/static.jetbuilt.com\/uploads\/2021\/02\/Jetbuilt-Wide-1000.png\",\"width\":1000,\"height\":189,\"caption\":\"Jetbuilt\"},\"image\":{\"@id\":\"https:\/\/jetbuilt.com\/uk\/#\/schema\/logo\/image\/\"},\"sameAs\":[\"https:\/\/www.facebook.com\/Jetbuilt\/\",\"https:\/\/x.com\/jetbuilt\",\"https:\/\/www.linkedin.com\/company\/jetbuilt\",\"https:\/\/www.youtube.com\/jetbuilt\"]}]}<\/script>\n<!-- \/ Yoast SEO plugin. -->","yoast_head_json":{"title":"Install &#8226; Jetbuilt","robots":{"index":"index","follow":"follow","max-snippet":"max-snippet:-1","max-image-preview":"max-image-preview:large","max-video-preview":"max-video-preview:-1"},"canonical":"https:\/\/jetbuilt.com\/de\/install\/","og_locale":"de_DE","og_type":"article","og_title":"Install &#8226; Jetbuilt","og_url":"https:\/\/jetbuilt.com\/de\/install\/","og_site_name":"Jetbuilt","article_publisher":"https:\/\/www.facebook.com\/Jetbuilt\/","article_modified_time":"2022-02-18T01:41:36+00:00","twitter_card":"summary_large_image","twitter_site":"@jetbuilt","twitter_misc":{"Est. reading time":"3 minutes"},"schema":{"@context":"https:\/\/schema.org","@graph":[{"@type":"WebPage","@id":"https:\/\/jetbuilt.com\/de\/install\/","url":"https:\/\/jetbuilt.com\/de\/install\/","name":"Install &#8226; Jetbuilt","isPartOf":{"@id":"https:\/\/jetbuilt.com\/uk\/#website"},"datePublished":"2021-10-27T19:26:12+00:00","dateModified":"2022-02-18T01:41:36+00:00","breadcrumb":{"@id":"https:\/\/jetbuilt.com\/de\/install\/#breadcrumb"},"inLanguage":"de-DE","potentialAction":[{"@type":"ReadAction","target":["https:\/\/jetbuilt.com\/de\/install\/"]}]},{"@type":"BreadcrumbList","@id":"https:\/\/jetbuilt.com\/de\/install\/#breadcrumb","itemListElement":[{"@type":"ListItem","position":1,"name":"Home","item":"https:\/\/jetbuilt.com\/"},{"@type":"ListItem","position":2,"name":"Install"}]},{"@type":"WebSite","@id":"https:\/\/jetbuilt.com\/uk\/#website","url":"https:\/\/jetbuilt.com\/uk\/","name":"Jetbuilt","description":"Close More Projects. Faster.","publisher":{"@id":"https:\/\/jetbuilt.com\/uk\/#organization"},"potentialAction":[{"@type":"SearchAction","target":{"@type":"EntryPoint","urlTemplate":"https:\/\/jetbuilt.com\/uk\/?s={search_term_string}"},"query-input":{"@type":"PropertyValueSpecification","valueRequired":true,"valueName":"search_term_string"}}],"inLanguage":"de-DE"},{"@type":"Organization","@id":"https:\/\/jetbuilt.com\/uk\/#organization","name":"Jetbuilt","url":"https:\/\/jetbuilt.com\/uk\/","logo":{"@type":"ImageObject","inLanguage":"de-DE","@id":"https:\/\/jetbuilt.com\/uk\/#\/schema\/logo\/image\/","url":"https:\/\/static.jetbuilt.com\/uploads\/2021\/02\/Jetbuilt-Wide-1000.png","contentUrl":"https:\/\/static.jetbuilt.com\/uploads\/2021\/02\/Jetbuilt-Wide-1000.png","width":1000,"height":189,"caption":"Jetbuilt"},"image":{"@id":"https:\/\/jetbuilt.com\/uk\/#\/schema\/logo\/image\/"},"sameAs":["https:\/\/www.facebook.com\/Jetbuilt\/","https:\/\/x.com\/jetbuilt","https:\/\/www.linkedin.com\/company\/jetbuilt","https:\/\/www.youtube.com\/jetbuilt"]}]}},"_links":{"self":[{"href":"https:\/\/jetbuilt.com\/de\/wp-json\/wp\/v2\/pages\/3308","targetHints":{"allow":["GET"]}}],"collection":[{"href":"https:\/\/jetbuilt.com\/de\/wp-json\/wp\/v2\/pages"}],"about":[{"href":"https:\/\/jetbuilt.com\/de\/wp-json\/wp\/v2\/types\/page"}],"author":[{"embeddable":true,"href":"https:\/\/jetbuilt.com\/de\/wp-json\/wp\/v2\/users\/6"}],"replies":[{"embeddable":true,"href":"https:\/\/jetbuilt.com\/de\/wp-json\/wp\/v2\/comments?post=3308"}],"version-history":[{"count":8,"href":"https:\/\/jetbuilt.com\/de\/wp-json\/wp\/v2\/pages\/3308\/revisions"}],"predecessor-version":[{"id":4318,"href":"https:\/\/jetbuilt.com\/de\/wp-json\/wp\/v2\/pages\/3308\/revisions\/4318"}],"wp:attachment":[{"href":"https:\/\/jetbuilt.com\/de\/wp-json\/wp\/v2\/media?parent=3308"}],"curies":[{"name":"wp","href":"https:\/\/api.w.org\/{rel}","templated":true}]}}